{"id":14686,"date":"2026-03-20T10:45:02","date_gmt":"2026-03-20T13:45:02","guid":{"rendered":"https:\/\/letsgofitness.cl\/?post_type=product&#038;p=14686"},"modified":"2026-05-05T11:25:31","modified_gmt":"2026-05-05T14:25:31","slug":"seated-leg-extension-commercial-series-oferta-pago-contado-790-000-transferencia","status":"publish","type":"product","link":"https:\/\/letsgofitness.cl\/index.php\/producto\/seated-leg-extension-commercial-series-oferta-pago-contado-790-000-transferencia\/","title":{"rendered":"Seated Leg Extension Commercial Series **OFERTA PAGO CONTADO $790.000** (TRANSFERENCIA)"},"content":{"rendered":"<p><strong>Seated Leg Extension Commercial Series<\/strong> est\u00e1 dise\u00f1ada para un entrenamiento exigente en entornos profesionales. Su dise\u00f1o robusto y selectorizado permite aislar y fortalecer los cu\u00e1driceps con precisi\u00f3n, mientras que su construcci\u00f3n en tubos ovalados de 50 x 100 mm y 3 mm de espesor garantiza m\u00e1xima durabilidad. Ideal para todo tipo de usuarios, combina un estilo cl\u00e1sico con rendimiento comercial y una biomec\u00e1nica optimizada para resultados superiores.<\/p>\n<h5 data-section-id=\"axdcz4\" data-start=\"221\" data-end=\"247\"><strong data-start=\"225\" data-end=\"247\">Dimensiones y Peso<\/strong><\/h5>\n<ul data-start=\"248\" data-end=\"346\">\n<li data-section-id=\"173nq87\" data-start=\"248\" data-end=\"282\">\n<p data-start=\"250\" data-end=\"282\"><strong data-start=\"250\" data-end=\"273\">Peso de la m\u00e1quina:<\/strong> 174 kg<\/p>\n<\/li>\n<li data-section-id=\"1c3ru8m\" data-start=\"283\" data-end=\"303\">\n<p data-start=\"285\" data-end=\"303\"><strong data-start=\"285\" data-end=\"295\">Ancho:<\/strong> 98 cm<\/p>\n<\/li>\n<li data-section-id=\"1yzoyqj\" data-start=\"304\" data-end=\"324\">\n<p data-start=\"306\" data-end=\"324\"><strong data-start=\"306\" data-end=\"315\">Alto:<\/strong> 155 cm<\/p>\n<\/li>\n<li data-section-id=\"1m0429l\" data-start=\"325\" data-end=\"346\">\n<p data-start=\"327\" data-end=\"346\"><strong data-start=\"327\" data-end=\"337\">Largo:<\/strong> 130 cm<\/p>\n<\/li>\n<\/ul>\n<h5 data-section-id=\"109jqpe\" data-start=\"348\" data-end=\"366\"><strong data-start=\"352\" data-end=\"366\">Estructura<\/strong><\/h5>\n<ul data-start=\"367\" data-end=\"472\">\n<li data-section-id=\"1px9dej\" data-start=\"367\" data-end=\"424\">\n<p data-start=\"369\" data-end=\"424\"><strong data-start=\"369\" data-end=\"389\">Perfiles \/ Tubo:<\/strong> 50 x 100 x 3 mm + 50 x 75 x 3 mm<\/p>\n<\/li>\n<li data-section-id=\"1wkhn7x\" data-start=\"425\" data-end=\"472\">\n<p data-start=\"427\" data-end=\"472\"><strong data-start=\"427\" data-end=\"444\">Construcci\u00f3n:<\/strong> Acero de alta resistencia<\/p>\n<\/li>\n<\/ul>\n<h5 data-section-id=\"e5vvut\" data-start=\"474\" data-end=\"498\"><strong data-start=\"478\" data-end=\"498\">Sistema de Carga<\/strong><\/h5>\n<ul data-start=\"499\" data-end=\"594\">\n<li data-section-id=\"ypzjq4\" data-start=\"499\" data-end=\"526\">\n<p data-start=\"501\" data-end=\"526\"><strong data-start=\"501\" data-end=\"510\">Tipo:<\/strong> Selectorizado<\/p>\n<\/li>\n<li data-section-id=\"aov61\" data-start=\"527\" data-end=\"563\">\n<p data-start=\"529\" data-end=\"563\"><strong data-start=\"529\" data-end=\"554\">Peso total de placas:<\/strong> 80 kg<\/p>\n<\/li>\n<\/ul>\n","protected":false},"excerpt":{"rendered":"<p>Seated Leg Extension Commercial Series est\u00e1 dise\u00f1ada para un entrenamiento exigente en entornos profesionales. Su dise\u00f1o robusto y selectorizado permite aislar y fortalecer los cu\u00e1driceps con<span class=\"excerpt-hellip\"> [\u2026]<\/span><\/p>\n","protected":false},"featured_media":14833,"template":"","meta":{"_joinchat":[]},"product_brand":[],"product_cat":[122,32],"product_tag":[],"class_list":{"0":"post-14686","1":"product","2":"type-product","3":"status-publish","4":"has-post-thumbnail","6":"product_cat-stock","7":"product_cat-profesional","9":"first","10":"outofstock","11":"sale","12":"shipping-taxable","13":"purchasable","14":"product-type-simple"},"_links":{"self":[{"href":"https:\/\/letsgofitness.cl\/index.php\/wp-json\/wp\/v2\/product\/14686","targetHints":{"allow":["GET"]}}],"collection":[{"href":"https:\/\/letsgofitness.cl\/index.php\/wp-json\/wp\/v2\/product"}],"about":[{"href":"https:\/\/letsgofitness.cl\/index.php\/wp-json\/wp\/v2\/types\/product"}],"wp:featuredmedia":[{"embeddable":true,"href":"https:\/\/letsgofitness.cl\/index.php\/wp-json\/wp\/v2\/media\/14833"}],"wp:attachment":[{"href":"https:\/\/letsgofitness.cl\/index.php\/wp-json\/wp\/v2\/media?parent=14686"}],"wp:term":[{"taxonomy":"product_brand","embeddable":true,"href":"https:\/\/letsgofitness.cl\/index.php\/wp-json\/wp\/v2\/product_brand?post=14686"},{"taxonomy":"product_cat","embeddable":true,"href":"https:\/\/letsgofitness.cl\/index.php\/wp-json\/wp\/v2\/product_cat?post=14686"},{"taxonomy":"product_tag","embeddable":true,"href":"https:\/\/letsgofitness.cl\/index.php\/wp-json\/wp\/v2\/product_tag?post=14686"}],"curies":[{"name":"wp","href":"https:\/\/api.w.org\/{rel}","templated":true}]}}