{"id":14683,"date":"2026-03-23T17:55:24","date_gmt":"2026-03-23T20:55:24","guid":{"rendered":"https:\/\/letsgofitness.cl\/?post_type=product&#038;p=14683"},"modified":"2026-04-10T11:16:45","modified_gmt":"2026-04-10T14:16:45","slug":"stair-climber-led-l100b-commercial-series-oferta-pago-contado-1-500-000-transferencia","status":"publish","type":"product","link":"https:\/\/letsgofitness.cl\/index.php\/producto\/stair-climber-led-l100b-commercial-series-oferta-pago-contado-1-500-000-transferencia\/","title":{"rendered":"Stair Climber LED L100B Commercial Series **OFERTA PAGO CONTADO $1.500.000** (TRANSFERENCIA)"},"content":{"rendered":"<p data-start=\"107\" data-end=\"321\"><strong>Stair Climber LED L100B Commercial Series<\/strong> combina entrenamiento cardiovascular y de fuerza en un movimiento de escalada natural, ideal para trabajar gl\u00fateos, cu\u00e1driceps y pantorrillas con bajo impacto en las articulaciones.<\/p>\n<p data-start=\"323\" data-end=\"619\">Incorpora pantalla LED de 13,3\u201d que muestra m\u00e9tricas clave como tiempo, velocidad, distancia, calor\u00edas y frecuencia card\u00edaca. Su velocidad ajustable de 24 a 164 pasos por minuto y inclinaci\u00f3n de 40\u00b0 permiten realizar desde cardio continuo hasta entrenamientos HIIT de alta intensidad.<\/p>\n<p data-start=\"621\" data-end=\"890\">Dise\u00f1ada para uso comercial, cuenta con una estructura robusta de acero, escalones amplios y pasamanos ergon\u00f3micos que entregan estabilidad y comodidad. Adem\u00e1s, incluye un sistema de seguridad con frenado autom\u00e1tico por sensor, garantizando un entrenamiento seguro.<\/p>\n<p data-start=\"892\" data-end=\"919\"><strong data-start=\"892\" data-end=\"919\">Especificaciones clave:<\/strong><\/p>\n<ul data-start=\"920\" data-end=\"1060\">\n<li data-section-id=\"17gzspc\" data-start=\"920\" data-end=\"937\">Uso comercial<\/li>\n<li data-section-id=\"npqxw8\" data-start=\"938\" data-end=\"969\">Peso m\u00e1ximo usuario: 170 kg<\/li>\n<li data-section-id=\"dylm4o\" data-start=\"998\" data-end=\"1038\">Dimensiones: 138.9 x 73.7 x 195.3 cm<\/li>\n<li data-section-id=\"198tbow\" data-start=\"1039\" data-end=\"1060\">Peso neto: 160 kg \/ Peso bruto: 201 kg<\/li>\n<\/ul>\n","protected":false},"excerpt":{"rendered":"<p>Stair Climber LED L100B Commercial Series combina entrenamiento cardiovascular y de fuerza en un movimiento de escalada natural, ideal para trabajar gl\u00fateos, cu\u00e1driceps y pantorrillas con<span class=\"excerpt-hellip\"> [\u2026]<\/span><\/p>\n","protected":false},"featured_media":14851,"template":"","meta":{"_joinchat":[]},"product_brand":[],"product_cat":[122,32],"product_tag":[],"class_list":{"0":"post-14683","1":"product","2":"type-product","3":"status-publish","4":"has-post-thumbnail","6":"product_cat-stock","7":"product_cat-profesional","9":"first","10":"instock","11":"sale","12":"shipping-taxable","13":"purchasable","14":"product-type-simple"},"_links":{"self":[{"href":"https:\/\/letsgofitness.cl\/index.php\/wp-json\/wp\/v2\/product\/14683","targetHints":{"allow":["GET"]}}],"collection":[{"href":"https:\/\/letsgofitness.cl\/index.php\/wp-json\/wp\/v2\/product"}],"about":[{"href":"https:\/\/letsgofitness.cl\/index.php\/wp-json\/wp\/v2\/types\/product"}],"wp:featuredmedia":[{"embeddable":true,"href":"https:\/\/letsgofitness.cl\/index.php\/wp-json\/wp\/v2\/media\/14851"}],"wp:attachment":[{"href":"https:\/\/letsgofitness.cl\/index.php\/wp-json\/wp\/v2\/media?parent=14683"}],"wp:term":[{"taxonomy":"product_brand","embeddable":true,"href":"https:\/\/letsgofitness.cl\/index.php\/wp-json\/wp\/v2\/product_brand?post=14683"},{"taxonomy":"product_cat","embeddable":true,"href":"https:\/\/letsgofitness.cl\/index.php\/wp-json\/wp\/v2\/product_cat?post=14683"},{"taxonomy":"product_tag","embeddable":true,"href":"https:\/\/letsgofitness.cl\/index.php\/wp-json\/wp\/v2\/product_tag?post=14683"}],"curies":[{"name":"wp","href":"https:\/\/api.w.org\/{rel}","templated":true}]}}