{"id":14561,"date":"2026-02-16T17:04:08","date_gmt":"2026-02-16T20:04:08","guid":{"rendered":"https:\/\/letsgofitness.cl\/?post_type=product&#038;p=14561"},"modified":"2026-04-10T11:08:37","modified_gmt":"2026-04-10T14:08:37","slug":"preventa-leg-extension-nautilus-inspiration","status":"publish","type":"product","link":"https:\/\/letsgofitness.cl\/index.php\/producto\/preventa-leg-extension-nautilus-inspiration\/","title":{"rendered":"PREVENTA LEG EXTENSION NAUTILUS INSPIRATION"},"content":{"rendered":"<div class=\"section the_content has_content\">\n<div class=\"section_wrapper\">\n<div class=\"the_content_wrapper \">\n<div>La l\u00ednea Nautilus Inspiration Strength trae una serie de actualizaciones a un circuito de fuerza sobresaliente. Redise\u00f1ado con una hermosa est\u00e9tica moderna y torres uniformes, Nautilus Inspiration causa una fuerte primera impresi\u00f3n. Cada m\u00e1quina captura la esencia del movimiento humano natural. Los miembros apreciar\u00e1n las muchas funciones f\u00e1ciles de usar y f\u00e1ciles de ver, como el ajuste envolvente asistido del asiento, el preestiramiento y una gama de controles de movimiento, dise\u00f1ados para mejorar la experiencia de cada usuario.<\/div>\n<div>\n<ul>\n<li><strong>CARACTERISTICAS<\/strong>\n<ul>\n<li>Ajuste del asiento derecho\/izquierdo con asistencia de gas<\/li>\n<li>Rango de control de movimiento de la articulaci\u00f3n del bot\u00f3n pulsador<\/li>\n<li>Ajuste de la parte inferior de la pierna para un ajuste perfecto.<\/li>\n<li>Tapicer\u00eda contorneada con soporte lumbar<\/li>\n<li>Selecci\u00f3n de peso\u00a0Lock N Load<\/li>\n<li>Sistema de pesas complementarias incrementales\u00a0Lock N Load<\/li>\n<li>Cartel de instrucci\u00f3n lenticular de imagen en movimiento<\/li>\n<li>Eje de rotaci\u00f3n resaltado para un posicionamiento preciso del usuario<\/li>\n<\/ul>\n<\/li>\n<li>\n<div><strong>DIMENSIONES Y PESO<\/strong><\/div>\n<div>Longitud: 135cm<\/div>\n<div>Ancho: 137cm<\/div>\n<div>Altura: 163 cm<\/div>\n<div>Peso del producto: 331 kg<\/div>\n<\/li>\n<\/ul>\n<\/div>\n<div>\n<p><strong>TECNOLOG\u00cdA<\/strong><\/p>\n<p>Lock N Load<br \/>\nAhora, la selecci\u00f3n de peso es tan f\u00e1cil como accionar un interruptor. El dise\u00f1o intuitivo Lock N Load es f\u00e1cilmente reconocible. Si alguna vez encendi\u00f3 y apag\u00f3 un interruptor de luz, comprender\u00e1 de inmediato c\u00f3mo funciona. Los interruptores codificados por colores universales activan y desactivan el peso a trav\u00e9s de un pasador interno, lo que brinda una operaci\u00f3n m\u00e1s segura, m\u00e1s duradera y sin mantenimiento. Lock N Load evita dolores de cabeza innecesarios de mantenimiento y servicio al cliente ya que no hay pines que perder o reemplazar. \u201c<\/p>\n<\/div>\n<\/div>\n<\/div>\n<\/div>\n","protected":false},"excerpt":{"rendered":"<p><strong>PREVENTA ACTIVA<\/strong><\/p>\n<p><strong>V\u00c1LIDA HASTA 01 DE ABRIL 2026<\/strong><\/p>\n<p><strong>STOCK DISPONIBLE DESDE EL 10 DE ABRIL 2026<\/strong><\/p>\n<p>(Contemplar posibles retrasos de embarque)<\/p>\n","protected":false},"featured_media":14575,"template":"","meta":{"_joinchat":[]},"product_brand":[],"product_cat":[135,121],"product_tag":[],"class_list":{"0":"post-14561","1":"product","2":"type-product","3":"status-publish","4":"has-post-thumbnail","6":"product_cat-oferta","7":"product_cat-proximamente-en-stock","9":"first","10":"outofstock","11":"sale","12":"featured","13":"shipping-taxable","14":"purchasable","15":"product-type-variable"},"_links":{"self":[{"href":"https:\/\/letsgofitness.cl\/index.php\/wp-json\/wp\/v2\/product\/14561","targetHints":{"allow":["GET"]}}],"collection":[{"href":"https:\/\/letsgofitness.cl\/index.php\/wp-json\/wp\/v2\/product"}],"about":[{"href":"https:\/\/letsgofitness.cl\/index.php\/wp-json\/wp\/v2\/types\/product"}],"wp:featuredmedia":[{"embeddable":true,"href":"https:\/\/letsgofitness.cl\/index.php\/wp-json\/wp\/v2\/media\/14575"}],"wp:attachment":[{"href":"https:\/\/letsgofitness.cl\/index.php\/wp-json\/wp\/v2\/media?parent=14561"}],"wp:term":[{"taxonomy":"product_brand","embeddable":true,"href":"https:\/\/letsgofitness.cl\/index.php\/wp-json\/wp\/v2\/product_brand?post=14561"},{"taxonomy":"product_cat","embeddable":true,"href":"https:\/\/letsgofitness.cl\/index.php\/wp-json\/wp\/v2\/product_cat?post=14561"},{"taxonomy":"product_tag","embeddable":true,"href":"https:\/\/letsgofitness.cl\/index.php\/wp-json\/wp\/v2\/product_tag?post=14561"}],"curies":[{"name":"wp","href":"https:\/\/api.w.org\/{rel}","templated":true}]}}