{"id":14430,"date":"2026-01-29T09:06:32","date_gmt":"2026-01-29T12:06:32","guid":{"rendered":"https:\/\/letsgofitness.cl\/?post_type=product&#038;p=14430"},"modified":"2026-04-30T13:13:29","modified_gmt":"2026-04-30T16:13:29","slug":"45o-hyper-back-extension-boss-strength-oferta-pago-contado-350-000-transferencia","status":"publish","type":"product","link":"https:\/\/letsgofitness.cl\/index.php\/producto\/45o-hyper-back-extension-boss-strength-oferta-pago-contado-350-000-transferencia\/","title":{"rendered":"45\u00ba HYPER BACK EXTENSION BOSS STRENGTH **OFERTA PAGO CONTADO $350.000** (TRANSFERENCIA)"},"content":{"rendered":"<p>Los bancos Boss Strength, son una excelente soluci\u00f3n para cualquier gimnasio, aportando versatilidad a cada entrenamiento.<\/p>\n<p>Es un banco de hiperextensi\u00f3n de calidad profesional. Est\u00e1 dise\u00f1ado para ejercicios de espalda, abdominales, isquiotibiales y gl\u00fateos.<\/p>\n<p><strong>CARACTERISTICAS<\/strong><\/p>\n<p>Dimensiones en condiciones de funcionamiento, cm (L x An x Al): 124x102x88<br \/>\nDimensiones del embalaje, ver: 91x73x51<br \/>\nPeso neto: 49kg<br \/>\nPeso bruto: 56kg<\/p>\n","protected":false},"excerpt":{"rendered":"<p>Los bancos Boss Strength, son una excelente soluci\u00f3n para cualquier gimnasio, aportando versatilidad a cada entrenamiento. Es un banco de hiperextensi\u00f3n de calidad profesional. Est\u00e1 dise\u00f1ado<span class=\"excerpt-hellip\"> [\u2026]<\/span><\/p>\n","protected":false},"featured_media":14472,"template":"","meta":{"_joinchat":[]},"product_brand":[],"product_cat":[135,122,32],"product_tag":[],"class_list":{"0":"post-14430","1":"product","2":"type-product","3":"status-publish","4":"has-post-thumbnail","6":"product_cat-oferta","7":"product_cat-stock","8":"product_cat-profesional","10":"first","11":"instock","12":"sale","13":"shipping-taxable","14":"purchasable","15":"product-type-simple"},"_links":{"self":[{"href":"https:\/\/letsgofitness.cl\/index.php\/wp-json\/wp\/v2\/product\/14430","targetHints":{"allow":["GET"]}}],"collection":[{"href":"https:\/\/letsgofitness.cl\/index.php\/wp-json\/wp\/v2\/product"}],"about":[{"href":"https:\/\/letsgofitness.cl\/index.php\/wp-json\/wp\/v2\/types\/product"}],"wp:featuredmedia":[{"embeddable":true,"href":"https:\/\/letsgofitness.cl\/index.php\/wp-json\/wp\/v2\/media\/14472"}],"wp:attachment":[{"href":"https:\/\/letsgofitness.cl\/index.php\/wp-json\/wp\/v2\/media?parent=14430"}],"wp:term":[{"taxonomy":"product_brand","embeddable":true,"href":"https:\/\/letsgofitness.cl\/index.php\/wp-json\/wp\/v2\/product_brand?post=14430"},{"taxonomy":"product_cat","embeddable":true,"href":"https:\/\/letsgofitness.cl\/index.php\/wp-json\/wp\/v2\/product_cat?post=14430"},{"taxonomy":"product_tag","embeddable":true,"href":"https:\/\/letsgofitness.cl\/index.php\/wp-json\/wp\/v2\/product_tag?post=14430"}],"curies":[{"name":"wp","href":"https:\/\/api.w.org\/{rel}","templated":true}]}}