{"id":14429,"date":"2026-01-20T18:03:16","date_gmt":"2026-01-20T21:03:16","guid":{"rendered":"https:\/\/letsgofitness.cl\/?post_type=product&#038;p=14429"},"modified":"2026-04-20T10:10:04","modified_gmt":"2026-04-20T13:10:04","slug":"dual-prone-leg-curl-leg-extension-boss-strength-oferta-pago-contado-1-490-000-transferencia","status":"publish","type":"product","link":"https:\/\/letsgofitness.cl\/index.php\/producto\/dual-prone-leg-curl-leg-extension-boss-strength-oferta-pago-contado-1-490-000-transferencia\/","title":{"rendered":"DUAL PRONE LEG CURL\/LEG EXTENSION BOSS STRENGTH **OFERTA PAGO CONTADO $1.490.000** (TRANSFERENCIA)"},"content":{"rendered":"<p>La <strong data-start=\"235\" data-end=\"288\">DUAL PRONE LEG CURL \/ LEG EXTENSION BOSS STRENGTH<\/strong> est\u00e1 dise\u00f1ada para maximizar el rendimiento de tu entrenamiento de piernas, combinando comodidad, eficiencia y durabilidad.<br data-start=\"414\" data-end=\"417\" \/>Esta vers\u00e1til m\u00e1quina integra ejercicios de flexi\u00f3n y extensi\u00f3n de piernas, permiti\u00e9ndote trabajar de forma completa y equilibrada el tren inferior.<br data-start=\"585\" data-end=\"588\" \/>Cuenta con un f\u00e1cil ajuste de palanca para adaptar posici\u00f3n de cada usuario.<\/p>\n<p><strong>Caracter\u00edsiticas:<\/strong><\/p>\n<ul>\n<li><strong><span dir=\"auto\">Dimensiones<\/span><\/strong><span dir=\"auto\"> : 133.5 x 103.5 x 155.5 cm<\/span><\/li>\n<li><strong><span dir=\"auto\">Peso de la m\u00e1quina<\/span><\/strong><span dir=\"auto\">\u00a0: 260 kg<\/span><\/li>\n<li><strong><span dir=\"auto\">Color<\/span><\/strong><span dir=\"auto\">\u00a0: Estructura negra y tapizado negro.<\/span><\/li>\n<li><strong><span dir=\"auto\">STACK<\/span><\/strong><span dir=\"auto\"> : 120 KG<\/span><\/li>\n<\/ul>\n<p>&nbsp;<\/p>\n","protected":false},"excerpt":{"rendered":"<p>La DUAL PRONE LEG CURL \/ LEG EXTENSION BOSS STRENGTH est\u00e1 dise\u00f1ada para maximizar el rendimiento de tu entrenamiento de piernas, combinando comodidad, eficiencia y durabilidad.Esta<span class=\"excerpt-hellip\"> [\u2026]<\/span><\/p>\n","protected":false},"featured_media":14433,"template":"","meta":{"_joinchat":[]},"product_brand":[],"product_cat":[135],"product_tag":[],"class_list":{"0":"post-14429","1":"product","2":"type-product","3":"status-publish","4":"has-post-thumbnail","6":"product_cat-oferta","8":"first","9":"instock","10":"sale","11":"shipping-taxable","12":"purchasable","13":"product-type-simple"},"_links":{"self":[{"href":"https:\/\/letsgofitness.cl\/index.php\/wp-json\/wp\/v2\/product\/14429","targetHints":{"allow":["GET"]}}],"collection":[{"href":"https:\/\/letsgofitness.cl\/index.php\/wp-json\/wp\/v2\/product"}],"about":[{"href":"https:\/\/letsgofitness.cl\/index.php\/wp-json\/wp\/v2\/types\/product"}],"wp:featuredmedia":[{"embeddable":true,"href":"https:\/\/letsgofitness.cl\/index.php\/wp-json\/wp\/v2\/media\/14433"}],"wp:attachment":[{"href":"https:\/\/letsgofitness.cl\/index.php\/wp-json\/wp\/v2\/media?parent=14429"}],"wp:term":[{"taxonomy":"product_brand","embeddable":true,"href":"https:\/\/letsgofitness.cl\/index.php\/wp-json\/wp\/v2\/product_brand?post=14429"},{"taxonomy":"product_cat","embeddable":true,"href":"https:\/\/letsgofitness.cl\/index.php\/wp-json\/wp\/v2\/product_cat?post=14429"},{"taxonomy":"product_tag","embeddable":true,"href":"https:\/\/letsgofitness.cl\/index.php\/wp-json\/wp\/v2\/product_tag?post=14429"}],"curies":[{"name":"wp","href":"https:\/\/api.w.org\/{rel}","templated":true}]}}