{"id":14428,"date":"2026-01-28T16:52:47","date_gmt":"2026-01-28T19:52:47","guid":{"rendered":"https:\/\/letsgofitness.cl\/?post_type=product&#038;p=14428"},"modified":"2026-04-30T10:26:51","modified_gmt":"2026-04-30T13:26:51","slug":"standing-hip-abductor-boss-strength-oferta-pago-contado-1-290-000-transferencia","status":"publish","type":"product","link":"https:\/\/letsgofitness.cl\/index.php\/producto\/standing-hip-abductor-boss-strength-oferta-pago-contado-1-290-000-transferencia\/","title":{"rendered":"STANDING HIP ABDUCTOR BOSS STRENGTH **OFERTA PAGO CONTADO $1.290.000** (TRANSFERENCIA)"},"content":{"rendered":"<p style=\"font-weight: 400\">STANDING HIP ABDUCTOR BOSS STRENGTH, mejora la flexibilidad de la cadera, el equilibrio y la estabilidad. Es una pieza altamente especializada, dise\u00f1ada espec\u00edficamente para trabajar los m\u00fasculos abductores de cadera, principalmente dirigido al gl\u00fateo medio y menor. La m\u00e1quina presenta un dise\u00f1o de selector de peso que permite al usuario cambiar f\u00e1cilmente la carga simplemente ajustando los pesos, haci\u00e9ndolo adecuado para una variedad de necesidades de condici\u00f3n f\u00edsica, incluido el entrenamiento de fuerza y la rehabilitaci\u00f3n.<\/p>\n<p>El equipo est\u00e1 dise\u00f1ado ergon\u00f3micamente y proporciona pasamanos para garantizar que los usuarios puedan mantener la postura y la posici\u00f3n correcta durante el ejercicio, evitando el estr\u00e9s innecesario y las lesiones deportivas.<\/p>\n<p>Caracter\u00edsticas:<\/p>\n<p><span dir=\"auto\">Dimensiones<\/span><span dir=\"auto\">\u00a0: 103,5 cm x 168 cm x 155,4 cm<\/span><\/p>\n<p><span dir=\"auto\">Color<\/span><span dir=\"auto\">\u00a0: Estructura negra y tapizado negro.<\/span><\/p>\n","protected":false},"excerpt":{"rendered":"<p>STANDING HIP ABDUCTOR BOSS STRENGTH, mejora la flexibilidad de la cadera, el equilibrio y la estabilidad. Es una pieza altamente especializada, dise\u00f1ada espec\u00edficamente para trabajar los<span class=\"excerpt-hellip\"> [\u2026]<\/span><\/p>\n","protected":false},"featured_media":14493,"template":"","meta":{"_joinchat":[]},"product_brand":[],"product_cat":[135,122,32,48],"product_tag":[],"class_list":{"0":"post-14428","1":"product","2":"type-product","3":"status-publish","4":"has-post-thumbnail","6":"product_cat-oferta","7":"product_cat-stock","8":"product_cat-profesional","9":"product_cat-peso-integrado-profesional","11":"first","12":"instock","13":"sale","14":"shipping-taxable","15":"purchasable","16":"product-type-simple"},"_links":{"self":[{"href":"https:\/\/letsgofitness.cl\/index.php\/wp-json\/wp\/v2\/product\/14428","targetHints":{"allow":["GET"]}}],"collection":[{"href":"https:\/\/letsgofitness.cl\/index.php\/wp-json\/wp\/v2\/product"}],"about":[{"href":"https:\/\/letsgofitness.cl\/index.php\/wp-json\/wp\/v2\/types\/product"}],"wp:featuredmedia":[{"embeddable":true,"href":"https:\/\/letsgofitness.cl\/index.php\/wp-json\/wp\/v2\/media\/14493"}],"wp:attachment":[{"href":"https:\/\/letsgofitness.cl\/index.php\/wp-json\/wp\/v2\/media?parent=14428"}],"wp:term":[{"taxonomy":"product_brand","embeddable":true,"href":"https:\/\/letsgofitness.cl\/index.php\/wp-json\/wp\/v2\/product_brand?post=14428"},{"taxonomy":"product_cat","embeddable":true,"href":"https:\/\/letsgofitness.cl\/index.php\/wp-json\/wp\/v2\/product_cat?post=14428"},{"taxonomy":"product_tag","embeddable":true,"href":"https:\/\/letsgofitness.cl\/index.php\/wp-json\/wp\/v2\/product_tag?post=14428"}],"curies":[{"name":"wp","href":"https:\/\/api.w.org\/{rel}","templated":true}]}}