{"id":14427,"date":"2026-01-28T16:39:45","date_gmt":"2026-01-28T19:39:45","guid":{"rendered":"https:\/\/letsgofitness.cl\/?post_type=product&#038;p=14427"},"modified":"2026-04-15T19:01:04","modified_gmt":"2026-04-15T22:01:04","slug":"deadlife-elite-boss-strength-b-oferta-pago-contado-1-150-000-transferencia","status":"publish","type":"product","link":"https:\/\/letsgofitness.cl\/index.php\/producto\/deadlife-elite-boss-strength-b-oferta-pago-contado-1-150-000-transferencia\/","title":{"rendered":"DEADLIFE ELITE BOSS STRENGTH B **OFERTA PAGO CONTADO $1.150.000** (TRANSFERENCIA)"},"content":{"rendered":"<p>El Deadlift Elite es un equipo vers\u00e1til dise\u00f1ado para entrenamientos completos de la cadera posterior. Cuenta con soportes laterales que garantizan seguridad y estabilidad durante diversos ejercicios, como peso muerto, sentadillas b\u00falgaras y sus variantes. Con una alta capacidad de carga y pr\u00e1cticos ajustes, ofrece una progresi\u00f3n segura y eficiente para el entrenamiento de fuerza e hipertrofia.<\/p>\n<p>Caracter\u00edsticas<\/p>\n<p><span dir=\"auto\">Dimensiones: 186 x 195 x 69 cm.<\/span><br \/>\n<span dir=\"auto\">Carga m\u00e1xima: 400 kg.<\/span><\/p>\n","protected":false},"excerpt":{"rendered":"<p>El Deadlift Elite es un equipo vers\u00e1til dise\u00f1ado para entrenamientos completos de la cadera posterior. Cuenta con soportes laterales que garantizan seguridad y estabilidad durante diversos<span class=\"excerpt-hellip\"> [\u2026]<\/span><\/p>\n","protected":false},"featured_media":14470,"template":"","meta":{"_joinchat":[]},"product_brand":[],"product_cat":[135,122,32],"product_tag":[],"class_list":{"0":"post-14427","1":"product","2":"type-product","3":"status-publish","4":"has-post-thumbnail","6":"product_cat-oferta","7":"product_cat-stock","8":"product_cat-profesional","10":"first","11":"instock","12":"sale","13":"shipping-taxable","14":"purchasable","15":"product-type-simple"},"_links":{"self":[{"href":"https:\/\/letsgofitness.cl\/index.php\/wp-json\/wp\/v2\/product\/14427","targetHints":{"allow":["GET"]}}],"collection":[{"href":"https:\/\/letsgofitness.cl\/index.php\/wp-json\/wp\/v2\/product"}],"about":[{"href":"https:\/\/letsgofitness.cl\/index.php\/wp-json\/wp\/v2\/types\/product"}],"wp:featuredmedia":[{"embeddable":true,"href":"https:\/\/letsgofitness.cl\/index.php\/wp-json\/wp\/v2\/media\/14470"}],"wp:attachment":[{"href":"https:\/\/letsgofitness.cl\/index.php\/wp-json\/wp\/v2\/media?parent=14427"}],"wp:term":[{"taxonomy":"product_brand","embeddable":true,"href":"https:\/\/letsgofitness.cl\/index.php\/wp-json\/wp\/v2\/product_brand?post=14427"},{"taxonomy":"product_cat","embeddable":true,"href":"https:\/\/letsgofitness.cl\/index.php\/wp-json\/wp\/v2\/product_cat?post=14427"},{"taxonomy":"product_tag","embeddable":true,"href":"https:\/\/letsgofitness.cl\/index.php\/wp-json\/wp\/v2\/product_tag?post=14427"}],"curies":[{"name":"wp","href":"https:\/\/api.w.org\/{rel}","templated":true}]}}