{"id":14425,"date":"2026-01-28T15:46:00","date_gmt":"2026-01-28T18:46:00","guid":{"rendered":"https:\/\/letsgofitness.cl\/?post_type=product&#038;p=14425"},"modified":"2026-04-10T11:13:09","modified_gmt":"2026-04-10T14:13:09","slug":"hip-extension-boss-strength-b-oferta-pago-contado-1-150-000-transferencia","status":"publish","type":"product","link":"https:\/\/letsgofitness.cl\/index.php\/producto\/hip-extension-boss-strength-b-oferta-pago-contado-1-150-000-transferencia\/","title":{"rendered":"HIP EXTENSION BOSS STRENGTH B **OFERTA PAGO CONTADO $1.150.000** (TRANSFERENCIA)"},"content":{"rendered":"<p>La <b data-path-to-node=\"4\" data-index-in-node=\"3\">Hip Extensi\u00f3n Boss Strength B<\/b> es una m\u00e1quina de extensi\u00f3n de cadera a <b data-path-to-node=\"4\" data-index-in-node=\"59\">45 grados<\/b>, dise\u00f1ada espec\u00edficamente para <b data-path-to-node=\"4\" data-index-in-node=\"100\">optimizar<\/b> la activaci\u00f3n de los gl\u00fateos y los isquiotibiales. Gracias a su sistema de carga por discos, permite un ajuste preciso de la intensidad, eliminando la incomodidad de sostener pesos libres y garantizando un movimiento m\u00e1s fluido, seguro y efectivo.<\/p>\n<p>Las plataformas antideslizantes para los pies proporcionan m\u00faltiples posiciones estables para mantener el contacto constante de los pies en toda la amplitud de movimiento, lo que permite a los usuarios trabajar los m\u00fasculos isquiotibiales o los gl\u00fateos.<\/p>\n<p>La almohadilla ajustable para la cadera y el agarre de inicio se ajustan f\u00e1cilmente, lo que permite a los usuarios obtener el ajuste adecuado para su cuerpo con la m\u00e1xima estabilidad durante el movimiento<\/p>\n<p>Caracter\u00edsticas:<\/p>\n<p>Dimensiones (L. \u00d7 An. \u00d7 Al.): 155 x 142 x 125 cm<br \/>\nPeso del equipamiento: 190 kg<br \/>\nPeso de carga m\u00e1ximo: 100 kg<br \/>\nPeso m\u00e1ximo del usuario: 159 kg<\/p>\n","protected":false},"excerpt":{"rendered":"<p>La Hip Extensi\u00f3n Boss Strength B es una m\u00e1quina de extensi\u00f3n de cadera a 45 grados, dise\u00f1ada espec\u00edficamente para optimizar la activaci\u00f3n de los gl\u00fateos y<span class=\"excerpt-hellip\"> [\u2026]<\/span><\/p>\n","protected":false},"featured_media":14464,"template":"","meta":{"_joinchat":[]},"product_brand":[],"product_cat":[135,122,32,47],"product_tag":[],"class_list":{"0":"post-14425","1":"product","2":"type-product","3":"status-publish","4":"has-post-thumbnail","6":"product_cat-oferta","7":"product_cat-stock","8":"product_cat-profesional","9":"product_cat-peso-libre-profesional","11":"first","12":"instock","13":"sale","14":"shipping-taxable","15":"purchasable","16":"product-type-simple"},"_links":{"self":[{"href":"https:\/\/letsgofitness.cl\/index.php\/wp-json\/wp\/v2\/product\/14425","targetHints":{"allow":["GET"]}}],"collection":[{"href":"https:\/\/letsgofitness.cl\/index.php\/wp-json\/wp\/v2\/product"}],"about":[{"href":"https:\/\/letsgofitness.cl\/index.php\/wp-json\/wp\/v2\/types\/product"}],"wp:featuredmedia":[{"embeddable":true,"href":"https:\/\/letsgofitness.cl\/index.php\/wp-json\/wp\/v2\/media\/14464"}],"wp:attachment":[{"href":"https:\/\/letsgofitness.cl\/index.php\/wp-json\/wp\/v2\/media?parent=14425"}],"wp:term":[{"taxonomy":"product_brand","embeddable":true,"href":"https:\/\/letsgofitness.cl\/index.php\/wp-json\/wp\/v2\/product_brand?post=14425"},{"taxonomy":"product_cat","embeddable":true,"href":"https:\/\/letsgofitness.cl\/index.php\/wp-json\/wp\/v2\/product_cat?post=14425"},{"taxonomy":"product_tag","embeddable":true,"href":"https:\/\/letsgofitness.cl\/index.php\/wp-json\/wp\/v2\/product_tag?post=14425"}],"curies":[{"name":"wp","href":"https:\/\/api.w.org\/{rel}","templated":true}]}}