{"id":14424,"date":"2026-01-28T15:16:07","date_gmt":"2026-01-28T18:16:07","guid":{"rendered":"https:\/\/letsgofitness.cl\/?post_type=product&#038;p=14424"},"modified":"2026-04-10T11:13:09","modified_gmt":"2026-04-10T14:13:09","slug":"kneeling-glute-isolator-boss-strength-b-oferta-pago-contado-950-000-transferencia","status":"publish","type":"product","link":"https:\/\/letsgofitness.cl\/index.php\/producto\/kneeling-glute-isolator-boss-strength-b-oferta-pago-contado-950-000-transferencia\/","title":{"rendered":"KNEELING GLUTE ISOLATOR BOSS STRENGTH B **OFERTA PAGO CONTADO $950.000**"},"content":{"rendered":"<p><span dir=\"auto\">Dise\u00f1ada para un movimiento preciso y controlado, esta m\u00e1quina trabaja los gl\u00fateos con el fin de maximizar la activaci\u00f3n y el crecimiento muscular. Su dise\u00f1o ergon\u00f3mico de rodillas garantiza comodidad y estabilidad, mientras que su estructura de acero ofrece una gran durabilidad. <\/span><\/p>\n<p><span dir=\"auto\">Perfecta para desarrollar potencia y simetr\u00eda en la parte inferior del cuerpo.<\/span><\/p>\n<p><span dir=\"auto\">Fortalece los gl\u00fateos para mejorar la parte inferior del cuerpo.<\/span><\/p>\n<p><span dir=\"auto\">Favorece la forma adecuada y la activaci\u00f3n muscular espec\u00edfica.<\/span><\/p>\n<p><span dir=\"auto\">El movimiento suave reduce la tensi\u00f3n en las articulaciones. <\/span><\/p>\n<p><span dir=\"auto\">Ideal para esculpir, tonificar y mejorar el rendimiento deportivo.<\/span><\/p>\n<h6 data-start=\"502\" data-end=\"538\"><strong><span dir=\"auto\">Ejercicios clave que puedes realizar:<\/span><\/strong><\/h6>\n<p data-start=\"541\" data-end=\"558\"><span dir=\"auto\">Patadas de gl\u00fateos<\/span><\/p>\n<p data-start=\"541\" data-end=\"558\"><span dir=\"auto\">Ejercicios de aislamiento y activaci\u00f3n de gl\u00fateos<\/span><\/p>\n<p data-start=\"541\" data-end=\"558\"><span dir=\"auto\">Ejercicios de activaci\u00f3n de los isquiotibiales<\/span><\/p>\n<p data-start=\"541\" data-end=\"558\"><strong>CARACTERISTICAS<\/strong><\/p>\n<p><span dir=\"auto\">Dimensiones: 163 cm x 142 cm x 127 cm<\/span><\/p>\n<p><span dir=\"auto\">Peso neto: 148 kg<\/span><\/p>\n<p><span dir=\"auto\">Peso m\u00e1ximo de carga: 100 kg<\/span><\/p>\n<p><span dir=\"auto\">Color: Estructura y tapizado en color negro<\/span><\/p>\n","protected":false},"excerpt":{"rendered":"<p>Dise\u00f1ada para un movimiento preciso y controlado, esta m\u00e1quina trabaja los gl\u00fateos con el fin de maximizar la activaci\u00f3n y el crecimiento muscular. Su dise\u00f1o ergon\u00f3mico<span class=\"excerpt-hellip\"> [\u2026]<\/span><\/p>\n","protected":false},"featured_media":14459,"template":"","meta":{"_joinchat":[]},"product_brand":[],"product_cat":[135,122,32,47],"product_tag":[],"class_list":{"0":"post-14424","1":"product","2":"type-product","3":"status-publish","4":"has-post-thumbnail","6":"product_cat-oferta","7":"product_cat-stock","8":"product_cat-profesional","9":"product_cat-peso-libre-profesional","11":"first","12":"instock","13":"sale","14":"shipping-taxable","15":"purchasable","16":"product-type-simple"},"_links":{"self":[{"href":"https:\/\/letsgofitness.cl\/index.php\/wp-json\/wp\/v2\/product\/14424","targetHints":{"allow":["GET"]}}],"collection":[{"href":"https:\/\/letsgofitness.cl\/index.php\/wp-json\/wp\/v2\/product"}],"about":[{"href":"https:\/\/letsgofitness.cl\/index.php\/wp-json\/wp\/v2\/types\/product"}],"wp:featuredmedia":[{"embeddable":true,"href":"https:\/\/letsgofitness.cl\/index.php\/wp-json\/wp\/v2\/media\/14459"}],"wp:attachment":[{"href":"https:\/\/letsgofitness.cl\/index.php\/wp-json\/wp\/v2\/media?parent=14424"}],"wp:term":[{"taxonomy":"product_brand","embeddable":true,"href":"https:\/\/letsgofitness.cl\/index.php\/wp-json\/wp\/v2\/product_brand?post=14424"},{"taxonomy":"product_cat","embeddable":true,"href":"https:\/\/letsgofitness.cl\/index.php\/wp-json\/wp\/v2\/product_cat?post=14424"},{"taxonomy":"product_tag","embeddable":true,"href":"https:\/\/letsgofitness.cl\/index.php\/wp-json\/wp\/v2\/product_tag?post=14424"}],"curies":[{"name":"wp","href":"https:\/\/api.w.org\/{rel}","templated":true}]}}