{"id":14423,"date":"2026-01-28T15:05:59","date_gmt":"2026-01-28T18:05:59","guid":{"rendered":"https:\/\/letsgofitness.cl\/?post_type=product&#038;p=14423"},"modified":"2026-04-10T11:13:09","modified_gmt":"2026-04-10T14:13:09","slug":"neck-trainer-boss-strength-b-oferta-pago-contado-490-000-transferencia","status":"publish","type":"product","link":"https:\/\/letsgofitness.cl\/index.php\/producto\/neck-trainer-boss-strength-b-oferta-pago-contado-490-000-transferencia\/","title":{"rendered":"NECK TRAINER BOSS STRENGTH B **OFERTA PAGO CONTADO $490.000** (TRANSFERENCIA)"},"content":{"rendered":"<p>M\u00e1quina de carga de discos para entrenamiento de cuello, fortalece y tonifica los m\u00fasculos desde todos los \u00e1ngulos ya que trabaja en los cuatro sentidos, laterales, frontal y posterior.<\/p>\n<p>El dise\u00f1o ergon\u00f3mico del asiento, as\u00ed como los diferentes agarres aseguran una postura c\u00f3moda y correcta durante el ejercicio, lo que reduce el riesgo de conmociones cerebrales durante los deportes de contacto.<\/p>\n<p><span dir=\"auto\">Altura del asiento ajustable.<\/span><\/p>\n<p><span dir=\"auto\">Tomadas de agarre m\u00faltiples.<\/span><\/p>\n<p>Brazo acolchado para repeticiones suaves y controladas.<\/p>\n<p><strong><span dir=\"auto\">Caracter\u00edsticas:<\/span><\/strong><\/p>\n<div>\n<div>1.52 x 1.49 x 89 (largo x ancho x alto)<\/div>\n<\/div>\n<div>\n<div><\/div>\n<div>Peso: 89kg<\/div>\n<\/div>\n<p>&nbsp;<\/p>\n","protected":false},"excerpt":{"rendered":"<p>M\u00e1quina de carga de discos para entrenamiento de cuello, fortalece y tonifica los m\u00fasculos desde todos los \u00e1ngulos ya que trabaja en los cuatro sentidos, laterales,<span class=\"excerpt-hellip\"> [\u2026]<\/span><\/p>\n","protected":false},"featured_media":14458,"template":"","meta":{"_joinchat":[]},"product_brand":[],"product_cat":[135,122,32,47],"product_tag":[],"class_list":{"0":"post-14423","1":"product","2":"type-product","3":"status-publish","4":"has-post-thumbnail","6":"product_cat-oferta","7":"product_cat-stock","8":"product_cat-profesional","9":"product_cat-peso-libre-profesional","11":"first","12":"instock","13":"sale","14":"shipping-taxable","15":"purchasable","16":"product-type-simple"},"_links":{"self":[{"href":"https:\/\/letsgofitness.cl\/index.php\/wp-json\/wp\/v2\/product\/14423","targetHints":{"allow":["GET"]}}],"collection":[{"href":"https:\/\/letsgofitness.cl\/index.php\/wp-json\/wp\/v2\/product"}],"about":[{"href":"https:\/\/letsgofitness.cl\/index.php\/wp-json\/wp\/v2\/types\/product"}],"wp:featuredmedia":[{"embeddable":true,"href":"https:\/\/letsgofitness.cl\/index.php\/wp-json\/wp\/v2\/media\/14458"}],"wp:attachment":[{"href":"https:\/\/letsgofitness.cl\/index.php\/wp-json\/wp\/v2\/media?parent=14423"}],"wp:term":[{"taxonomy":"product_brand","embeddable":true,"href":"https:\/\/letsgofitness.cl\/index.php\/wp-json\/wp\/v2\/product_brand?post=14423"},{"taxonomy":"product_cat","embeddable":true,"href":"https:\/\/letsgofitness.cl\/index.php\/wp-json\/wp\/v2\/product_cat?post=14423"},{"taxonomy":"product_tag","embeddable":true,"href":"https:\/\/letsgofitness.cl\/index.php\/wp-json\/wp\/v2\/product_tag?post=14423"}],"curies":[{"name":"wp","href":"https:\/\/api.w.org\/{rel}","templated":true}]}}