{"id":14422,"date":"2026-01-28T15:00:50","date_gmt":"2026-01-28T18:00:50","guid":{"rendered":"https:\/\/letsgofitness.cl\/?post_type=product&#038;p=14422"},"modified":"2026-04-17T13:05:23","modified_gmt":"2026-04-17T16:05:23","slug":"rear-kick-boss-strength-b-oferta-pago-contado-890-000-transferencia","status":"publish","type":"product","link":"https:\/\/letsgofitness.cl\/index.php\/producto\/rear-kick-boss-strength-b-oferta-pago-contado-890-000-transferencia\/","title":{"rendered":"REAR KICK BOSS STRENGTH B **OFERTA PAGO CONTADO $890.000** (TRANSFERENCIA)"},"content":{"rendered":"<p><span dir=\"auto\">Con Rear Kick trabajas cu\u00e1driceps, gl\u00fateo mayor, isquiotibiales y adductor mayor. Cuenta con cojines resistentes que brindan un soporte c\u00f3modo durante el ejercicio. Su asiento con ajuste de resorte permite a los usuarios ajustar la m\u00e1quina r\u00e1pida y f\u00e1cilmente a la posici\u00f3n deseada, mientras que su rango de movimiento ergon\u00f3mico, garantiza que los usuarios puedan realizar el ejercicio con la t\u00e9cnica y la forma adecuada.<\/span><\/p>\n<p><strong><span dir=\"auto\">Caracter\u00edsticas:<\/span><\/strong><\/p>\n<p><span dir=\"auto\">1,39 x 1,28 x 1,65\u00a0 (largo x ancho x alto)<\/span><\/p>\n<p><span dir=\"auto\">Tomadas dobles para apoyar la parte superior del cuerpo.<\/span><\/p>\n<p><span dir=\"auto\">Almohadilla corporal grande para mayor comodidad.<\/span><\/p>\n<p><span dir=\"auto\">Almohadilla antideslizante para los pies.<\/span><\/p>\n","protected":false},"excerpt":{"rendered":"<p>Con Rear Kick trabajas cu\u00e1driceps, gl\u00fateo mayor, isquiotibiales y adductor mayor. Cuenta con cojines resistentes que brindan un soporte c\u00f3modo durante el ejercicio. Su asiento con<span class=\"excerpt-hellip\"> [\u2026]<\/span><\/p>\n","protected":false},"featured_media":14455,"template":"","meta":{"_joinchat":[]},"product_brand":[],"product_cat":[135],"product_tag":[],"class_list":{"0":"post-14422","1":"product","2":"type-product","3":"status-publish","4":"has-post-thumbnail","6":"product_cat-oferta","8":"first","9":"instock","10":"sale","11":"shipping-taxable","12":"purchasable","13":"product-type-simple"},"_links":{"self":[{"href":"https:\/\/letsgofitness.cl\/index.php\/wp-json\/wp\/v2\/product\/14422","targetHints":{"allow":["GET"]}}],"collection":[{"href":"https:\/\/letsgofitness.cl\/index.php\/wp-json\/wp\/v2\/product"}],"about":[{"href":"https:\/\/letsgofitness.cl\/index.php\/wp-json\/wp\/v2\/types\/product"}],"wp:featuredmedia":[{"embeddable":true,"href":"https:\/\/letsgofitness.cl\/index.php\/wp-json\/wp\/v2\/media\/14455"}],"wp:attachment":[{"href":"https:\/\/letsgofitness.cl\/index.php\/wp-json\/wp\/v2\/media?parent=14422"}],"wp:term":[{"taxonomy":"product_brand","embeddable":true,"href":"https:\/\/letsgofitness.cl\/index.php\/wp-json\/wp\/v2\/product_brand?post=14422"},{"taxonomy":"product_cat","embeddable":true,"href":"https:\/\/letsgofitness.cl\/index.php\/wp-json\/wp\/v2\/product_cat?post=14422"},{"taxonomy":"product_tag","embeddable":true,"href":"https:\/\/letsgofitness.cl\/index.php\/wp-json\/wp\/v2\/product_tag?post=14422"}],"curies":[{"name":"wp","href":"https:\/\/api.w.org\/{rel}","templated":true}]}}