{"id":14411,"date":"2026-01-29T09:18:54","date_gmt":"2026-01-29T12:18:54","guid":{"rendered":"https:\/\/letsgofitness.cl\/?post_type=product&#038;p=14411"},"modified":"2026-04-10T11:13:01","modified_gmt":"2026-04-10T14:13:01","slug":"preventa-trotadora-comercial-xt","status":"publish","type":"product","link":"https:\/\/letsgofitness.cl\/index.php\/producto\/preventa-trotadora-comercial-xt\/","title":{"rendered":"TROTADORA COMERCIAL XT ELITE"},"content":{"rendered":"<p>La <b data-path-to-node=\"0\" data-index-in-node=\"3\">Trotadora Comercial XT<\/b> es una m\u00e1quina potente y f\u00e1cil de usar, ideal para quienes buscan calidad profesional. <span class=\"citation-7\">Su <\/span><b data-path-to-node=\"0\" data-index-in-node=\"121\"><span class=\"citation-7\">pantalla LED de 21,5 pulgadas<\/span><\/b><span class=\"citation-7 citation-end-7\"> ofrece una interfaz intuitiva para monitorizar en tiempo real cada detalle de tu rendimiento: desde la velocidad e inclinaci\u00f3n, hasta la distancia recorrida, calor\u00edas quemadas y tu frecuencia card\u00edaca.<\/span> Adem\u00e1s, gracias a su <b data-path-to-node=\"0\" data-index-in-node=\"391\">sistema de amortiguaci\u00f3n avanzado<\/b>, tus articulaciones est\u00e1n protegidas de los impactos, ofreciendo una carrera mucho m\u00e1s c\u00f3moda, segura y resistente para el uso diario intenso<\/p>\n<p><strong>Caracteristcas:\u00a0<\/strong><\/p>\n<ul>\n<li>Motor: 5HP (caballos de fuerza)<\/li>\n<li>Velocidad m\u00e1xima: 20 km\/h<\/li>\n<li>Inclinaci\u00f3n: variable, con inclinaci\u00f3n digital de 0-20% en 20 niveles diferentes.<\/li>\n<li>Peso m\u00e1ximo de usuario: 150 kg<\/li>\n<li>Dimensi\u00f3n superficie de carrera: 153 cm x 60 cm<\/li>\n<li>Dimensiones: 208 cm x 95 cm x 175 cm<\/li>\n<li>Parada de emergencia: s\u00ed.<\/li>\n<li>Sostenedores de botella: s\u00ed.<\/li>\n<li>Sensores de frecuencia card\u00edaca antideslizantes incorporados.<\/li>\n<li>Adecuada para todo tipo de corredores.<\/li>\n<li>Funcionamiento suave y silencioso.<\/li>\n<li>Motor robusto pero silencioso que ofrece un rendimiento constante y suave.<\/li>\n<li>Construcci\u00f3n estructural s\u00f3lida y resistente.<\/li>\n<li>Equipada con 2 ruedas delanteras para facilitar la movilidad y el almacenamiento.<\/li>\n<\/ul>\n","protected":false},"excerpt":{"rendered":"<p>La Trotadora Comercial XT es una m\u00e1quina potente y f\u00e1cil de usar, ideal para quienes buscan calidad profesional. Su pantalla LED de 21,5 pulgadas ofrece una<span class=\"excerpt-hellip\"> [\u2026]<\/span><\/p>\n","protected":false},"featured_media":14369,"template":"","meta":{"_joinchat":[]},"product_brand":[],"product_cat":[135],"product_tag":[],"class_list":{"0":"post-14411","1":"product","2":"type-product","3":"status-publish","4":"has-post-thumbnail","6":"product_cat-oferta","8":"first","9":"outofstock","10":"sale","11":"shipping-taxable","12":"purchasable","13":"product-type-simple"},"_links":{"self":[{"href":"https:\/\/letsgofitness.cl\/index.php\/wp-json\/wp\/v2\/product\/14411","targetHints":{"allow":["GET"]}}],"collection":[{"href":"https:\/\/letsgofitness.cl\/index.php\/wp-json\/wp\/v2\/product"}],"about":[{"href":"https:\/\/letsgofitness.cl\/index.php\/wp-json\/wp\/v2\/types\/product"}],"wp:featuredmedia":[{"embeddable":true,"href":"https:\/\/letsgofitness.cl\/index.php\/wp-json\/wp\/v2\/media\/14369"}],"wp:attachment":[{"href":"https:\/\/letsgofitness.cl\/index.php\/wp-json\/wp\/v2\/media?parent=14411"}],"wp:term":[{"taxonomy":"product_brand","embeddable":true,"href":"https:\/\/letsgofitness.cl\/index.php\/wp-json\/wp\/v2\/product_brand?post=14411"},{"taxonomy":"product_cat","embeddable":true,"href":"https:\/\/letsgofitness.cl\/index.php\/wp-json\/wp\/v2\/product_cat?post=14411"},{"taxonomy":"product_tag","embeddable":true,"href":"https:\/\/letsgofitness.cl\/index.php\/wp-json\/wp\/v2\/product_tag?post=14411"}],"curies":[{"name":"wp","href":"https:\/\/api.w.org\/{rel}","templated":true}]}}