{"id":14324,"date":"2025-12-30T01:30:56","date_gmt":"2025-12-30T04:30:56","guid":{"rendered":"https:\/\/letsgofitness.cl\/?post_type=product&#038;p=14324"},"modified":"2026-04-10T11:10:02","modified_gmt":"2026-04-10T14:10:02","slug":"seated-chest-press-3","status":"publish","type":"product","link":"https:\/\/letsgofitness.cl\/index.php\/producto\/seated-chest-press-3\/","title":{"rendered":"SEATED CHEST PRESS"},"content":{"rendered":"<h5>\u00a0CARACTERISTICAS:<\/h5>\n<ul>\n<li><span dir=\"auto\">Los movimientos convergentes proporcionan una trayectoria natural y aumentan la variedad de ejercicios.<\/span><\/li>\n<li><span dir=\"auto\">Las empu\u00f1aduras extragrandes reducen la presi\u00f3n al presionar.<\/span><\/li>\n<li><span dir=\"auto\">Dise\u00f1ado para entrar y salir f\u00e1cilmente. Marco de aleaci\u00f3n de aluminio resistente y duradero.<\/span><\/li>\n<li><span dir=\"auto\">Equipado con un pr\u00e1ctico soporte para vasos y tel\u00e9fono m\u00f3vil.<\/span><\/li>\n<li><span dir=\"auto\">Dise\u00f1o de estructura separable para facilitar el embalaje y el transporte.<\/span><\/li>\n<li><span dir=\"auto\">Dise\u00f1o de extremo protector del manillar para mayor seguridad<\/span>.<\/li>\n<li>La tapicer\u00eda es c\u00f3moda, duradera y resistente sin hundirse. Antisudor y antibacteriano.<\/li>\n<li>Adopta una polea mecanizada para proporcionar un mejor rendimiento y durabilidad. Tambi\u00e9n hace que la trayectoria de movimiento sea m\u00e1s suave. Garantiza que los m\u00fasculos centrales se ejerciten con precisi\u00f3n mientras minimiza el riesgo de lesiones<\/li>\n<\/ul>\n<h5>ESPECIFICACIONES T\u00c9CNICAS:<\/h5>\n<ul>\n<li>Dimensi\u00f3n armada:\u00a0 140 x 130 x 160 cm<\/li>\n<li>Pila de peso (est\u00e1ndar): 96 kg \/ 212 lbs<\/li>\n<li>Peso neto: 158 kg.<\/li>\n<li>Disponible color negro\/tapiz negro<\/li>\n<\/ul>\n","protected":false},"excerpt":{"rendered":"<p>\u00a0CARACTERISTICAS: Los movimientos convergentes proporcionan una trayectoria natural y aumentan la variedad de ejercicios. Las empu\u00f1aduras extragrandes reducen la presi\u00f3n al presionar. Dise\u00f1ado para entrar y<span class=\"excerpt-hellip\"> [\u2026]<\/span><\/p>\n","protected":false},"featured_media":14325,"template":"","meta":{"_joinchat":[]},"product_brand":[],"product_cat":[135,122],"product_tag":[],"class_list":{"0":"post-14324","1":"product","2":"type-product","3":"status-publish","4":"has-post-thumbnail","6":"product_cat-oferta","7":"product_cat-stock","9":"first","10":"instock","11":"sale","12":"shipping-taxable","13":"purchasable","14":"product-type-simple"},"_links":{"self":[{"href":"https:\/\/letsgofitness.cl\/index.php\/wp-json\/wp\/v2\/product\/14324","targetHints":{"allow":["GET"]}}],"collection":[{"href":"https:\/\/letsgofitness.cl\/index.php\/wp-json\/wp\/v2\/product"}],"about":[{"href":"https:\/\/letsgofitness.cl\/index.php\/wp-json\/wp\/v2\/types\/product"}],"wp:featuredmedia":[{"embeddable":true,"href":"https:\/\/letsgofitness.cl\/index.php\/wp-json\/wp\/v2\/media\/14325"}],"wp:attachment":[{"href":"https:\/\/letsgofitness.cl\/index.php\/wp-json\/wp\/v2\/media?parent=14324"}],"wp:term":[{"taxonomy":"product_brand","embeddable":true,"href":"https:\/\/letsgofitness.cl\/index.php\/wp-json\/wp\/v2\/product_brand?post=14324"},{"taxonomy":"product_cat","embeddable":true,"href":"https:\/\/letsgofitness.cl\/index.php\/wp-json\/wp\/v2\/product_cat?post=14324"},{"taxonomy":"product_tag","embeddable":true,"href":"https:\/\/letsgofitness.cl\/index.php\/wp-json\/wp\/v2\/product_tag?post=14324"}],"curies":[{"name":"wp","href":"https:\/\/api.w.org\/{rel}","templated":true}]}}