{"id":1429,"date":"2020-11-18T21:43:06","date_gmt":"2020-11-19T00:43:06","guid":{"rendered":"https:\/\/letsgofitness.cl\/?post_type=product&#038;p=1429"},"modified":"2026-04-10T11:11:11","modified_gmt":"2026-04-10T14:11:11","slug":"sissy-squat-bench-2","status":"publish","type":"product","link":"https:\/\/letsgofitness.cl\/index.php\/producto\/sissy-squat-bench-2\/","title":{"rendered":"SISSY SQUAT BENCH BOSS STRENGTH"},"content":{"rendered":"<h6><strong>CARACTER\u00cdSTICAS T\u00c9CNICAS:<\/strong><\/h6>\n<ul>\n<li>Es un equipo que te ayuda a desarrollar los m\u00fasculos de los muslos y mejorar tu flexibilidad.<\/li>\n<li>Garantiza estabilidad y resistencia durante los entrenamientos.<\/li>\n<li>Dise\u00f1ado para que puedas entrenar tus muslos de manera efectiva. La almohadilla de espuma suave brinda comodidad durante tu entrenamiento.<\/li>\n<li>Este producto permite realizar sentadillas y ejercicios de muslos de forma segura.<\/li>\n<\/ul>\n<p>&nbsp;<\/p>\n<h6><strong>DIMENSIONES Y PESO:<\/strong><\/h6>\n<p>Medidas: 125,1 x 74,6 x 41,3 cm<\/p>\n<p>Peso: 37 KG<\/p>\n","protected":false},"excerpt":{"rendered":"<p>CARACTER\u00cdSTICAS T\u00c9CNICAS: Es un equipo que te ayuda a desarrollar los m\u00fasculos de los muslos y mejorar tu flexibilidad. Garantiza estabilidad y resistencia durante los entrenamientos.<span class=\"excerpt-hellip\"> [\u2026]<\/span><\/p>\n","protected":false},"featured_media":6010,"template":"","meta":{"_joinchat":[]},"product_brand":[],"product_cat":[106,130,93,135,72,122],"product_tag":[],"class_list":{"0":"post-1429","1":"product","2":"type-product","3":"status-publish","4":"has-post-thumbnail","6":"product_cat-accesorios","7":"product_cat-boss-strength","8":"product_cat-semiprofesional-funcional","9":"product_cat-oferta","10":"product_cat-profesional-dual-sentadilla-gemelo","11":"product_cat-stock","13":"first","14":"instock","15":"sale","16":"shipping-taxable","17":"purchasable","18":"product-type-simple"},"_links":{"self":[{"href":"https:\/\/letsgofitness.cl\/index.php\/wp-json\/wp\/v2\/product\/1429","targetHints":{"allow":["GET"]}}],"collection":[{"href":"https:\/\/letsgofitness.cl\/index.php\/wp-json\/wp\/v2\/product"}],"about":[{"href":"https:\/\/letsgofitness.cl\/index.php\/wp-json\/wp\/v2\/types\/product"}],"wp:featuredmedia":[{"embeddable":true,"href":"https:\/\/letsgofitness.cl\/index.php\/wp-json\/wp\/v2\/media\/6010"}],"wp:attachment":[{"href":"https:\/\/letsgofitness.cl\/index.php\/wp-json\/wp\/v2\/media?parent=1429"}],"wp:term":[{"taxonomy":"product_brand","embeddable":true,"href":"https:\/\/letsgofitness.cl\/index.php\/wp-json\/wp\/v2\/product_brand?post=1429"},{"taxonomy":"product_cat","embeddable":true,"href":"https:\/\/letsgofitness.cl\/index.php\/wp-json\/wp\/v2\/product_cat?post=1429"},{"taxonomy":"product_tag","embeddable":true,"href":"https:\/\/letsgofitness.cl\/index.php\/wp-json\/wp\/v2\/product_tag?post=1429"}],"curies":[{"name":"wp","href":"https:\/\/api.w.org\/{rel}","templated":true}]}}