{"id":14161,"date":"2025-12-11T17:29:56","date_gmt":"2025-12-11T20:29:56","guid":{"rendered":"https:\/\/letsgofitness.cl\/?post_type=product&#038;p=14161"},"modified":"2026-04-10T11:10:04","modified_gmt":"2026-04-10T14:10:04","slug":"glute-machine-ts-tuff-stuff-peso-libre","status":"publish","type":"product","link":"https:\/\/letsgofitness.cl\/index.php\/producto\/glute-machine-ts-tuff-stuff-peso-libre\/","title":{"rendered":"GLUTE MACHINE TS TUFF STUFF PESO LIBRE"},"content":{"rendered":"<p><strong><span dir=\"auto\">La Maquina para gl\u00fateos PESO LIBRE\u00a0 TuffStuff Bio-Arc<\/span><\/strong><span dir=\"auto\"> \u00a0es una excelente opci\u00f3n\u00a0 de mejorar el circuito de entrenamiento para gl\u00fateos\u00a0 en su gimnasio. Parte de la serie de fuerza comercial m\u00e1s innovadora de TuffStuff, la maquina de gl\u00fateos Bio-Arc est\u00e1 espec\u00edficamente dise\u00f1ada y probada para una biomec\u00e1nica \u00f3ptima. El resultado es una m\u00e1quina que mantiene el \u00e1ngulo de la cadera y la inclinaci\u00f3n p\u00e9lvica para optimizar la longitud muscular en todo el rango de movimiento.<\/span><\/p>\n<p>&nbsp;<\/p>\n<p><strong><span dir=\"auto\">Caracter\u00edsticas:<\/span><\/strong><\/p>\n<ul>\n<li><strong><span dir=\"auto\">Mec\u00e1nica \u00f3ptima para la activaci\u00f3n muscular<\/span><\/strong><\/li>\n<li><strong><span dir=\"auto\">El cuerpo del usuario se mueve a lo largo de una trayectoria de arco lineal\u00a0<\/span><\/strong><span dir=\"auto\"> para optimizar el trabajo muscular.<\/span><\/li>\n<li><strong><span dir=\"auto\">Mantiene el \u00e1ngulo de la cadera\/inclinaci\u00f3n p\u00e9lvica<\/span><\/strong><span dir=\"auto\">\u00a0para optimizar la longitud del m\u00fasculo.<\/span><\/li>\n<li><strong><span dir=\"auto\">Mayor contracci\u00f3n muscular durante la extensi\u00f3n completa<\/span><\/strong><\/li>\n<li><strong><span dir=\"auto\">El rodillo de piernas de flujo libre <\/span><\/strong><span dir=\"auto\">\u00a0se ajusta autom\u00e1ticamente a diferentes longitudes de piernas<\/span><\/li>\n<\/ul>\n<p><span dir=\"auto\">La<strong> maquina<\/strong><\/span><strong><span dir=\"auto\"><strong> para<\/strong> gl\u00fateos Bio-Arc<\/span><\/strong><span dir=\"auto\"> \u00a0es una de las m\u00e1quinas m\u00e1s populares de la l\u00ednea Bio-Arc. Con cada repetici\u00f3n, todo el cuerpo del usuario se mueve a lo largo de una trayectoria de arco lineal para optimizar la ejecuci\u00f3n\u00a0 muscular. Como resultado, la maquina de gl\u00fateos Bio-Arc permite un rango completo de movimiento y una mayor contracci\u00f3n muscular durante la extensi\u00f3n completa (superando el rendimiento de los equipos tradicionales de posici\u00f3n fija).<\/span><\/p>\n","protected":false},"excerpt":{"rendered":"<p>La Maquina para gl\u00fateos PESO LIBRE\u00a0 TuffStuff Bio-Arc \u00a0es una excelente opci\u00f3n\u00a0 de mejorar el circuito de entrenamiento para gl\u00fateos\u00a0 en su gimnasio. Parte de la<span class=\"excerpt-hellip\"> [\u2026]<\/span><\/p>\n","protected":false},"featured_media":14768,"template":"","meta":{"_joinchat":[]},"product_brand":[],"product_cat":[135],"product_tag":[],"class_list":{"0":"post-14161","1":"product","2":"type-product","3":"status-publish","4":"has-post-thumbnail","6":"product_cat-oferta","8":"first","9":"instock","10":"sale","11":"shipping-taxable","12":"purchasable","13":"product-type-simple"},"_links":{"self":[{"href":"https:\/\/letsgofitness.cl\/index.php\/wp-json\/wp\/v2\/product\/14161","targetHints":{"allow":["GET"]}}],"collection":[{"href":"https:\/\/letsgofitness.cl\/index.php\/wp-json\/wp\/v2\/product"}],"about":[{"href":"https:\/\/letsgofitness.cl\/index.php\/wp-json\/wp\/v2\/types\/product"}],"wp:featuredmedia":[{"embeddable":true,"href":"https:\/\/letsgofitness.cl\/index.php\/wp-json\/wp\/v2\/media\/14768"}],"wp:attachment":[{"href":"https:\/\/letsgofitness.cl\/index.php\/wp-json\/wp\/v2\/media?parent=14161"}],"wp:term":[{"taxonomy":"product_brand","embeddable":true,"href":"https:\/\/letsgofitness.cl\/index.php\/wp-json\/wp\/v2\/product_brand?post=14161"},{"taxonomy":"product_cat","embeddable":true,"href":"https:\/\/letsgofitness.cl\/index.php\/wp-json\/wp\/v2\/product_cat?post=14161"},{"taxonomy":"product_tag","embeddable":true,"href":"https:\/\/letsgofitness.cl\/index.php\/wp-json\/wp\/v2\/product_tag?post=14161"}],"curies":[{"name":"wp","href":"https:\/\/api.w.org\/{rel}","templated":true}]}}