{"id":14158,"date":"2026-03-11T18:17:12","date_gmt":"2026-03-11T21:17:12","guid":{"rendered":"https:\/\/letsgofitness.cl\/?post_type=product&#038;p=14158"},"modified":"2026-04-10T11:10:01","modified_gmt":"2026-04-10T14:10:01","slug":"leg-extension-ts-tuff-stuff-peso-libre","status":"publish","type":"product","link":"https:\/\/letsgofitness.cl\/index.php\/producto\/leg-extension-ts-tuff-stuff-peso-libre\/","title":{"rendered":"LEG EXTENSION TS TUFF STUFF PESO LIBRE"},"content":{"rendered":"","protected":false},"excerpt":{"rendered":"<p>La\u00a0<strong class=\"Yjhzub\" data-complete=\"true\" data-processed=\"true\">LEG EXTENSION TS TUFF STUFF PESO LIBRE <\/strong>\u00a0es una\u00a0 m\u00e1quina de extensi\u00f3n de piernas de grado comercial dise\u00f1ada para aislar y fortalecer los m\u00fasculos cu\u00e1driceps. Se caracteriza por su construcci\u00f3n robusta y su sistema de carga mediante discos (peso libre)<\/p>\n","protected":false},"featured_media":14765,"template":"","meta":{"_joinchat":[]},"product_brand":[],"product_cat":[135],"product_tag":[],"class_list":{"0":"post-14158","1":"product","2":"type-product","3":"status-publish","4":"has-post-thumbnail","6":"product_cat-oferta","8":"first","9":"instock","10":"sale","11":"shipping-taxable","12":"purchasable","13":"product-type-simple"},"_links":{"self":[{"href":"https:\/\/letsgofitness.cl\/index.php\/wp-json\/wp\/v2\/product\/14158","targetHints":{"allow":["GET"]}}],"collection":[{"href":"https:\/\/letsgofitness.cl\/index.php\/wp-json\/wp\/v2\/product"}],"about":[{"href":"https:\/\/letsgofitness.cl\/index.php\/wp-json\/wp\/v2\/types\/product"}],"wp:featuredmedia":[{"embeddable":true,"href":"https:\/\/letsgofitness.cl\/index.php\/wp-json\/wp\/v2\/media\/14765"}],"wp:attachment":[{"href":"https:\/\/letsgofitness.cl\/index.php\/wp-json\/wp\/v2\/media?parent=14158"}],"wp:term":[{"taxonomy":"product_brand","embeddable":true,"href":"https:\/\/letsgofitness.cl\/index.php\/wp-json\/wp\/v2\/product_brand?post=14158"},{"taxonomy":"product_cat","embeddable":true,"href":"https:\/\/letsgofitness.cl\/index.php\/wp-json\/wp\/v2\/product_cat?post=14158"},{"taxonomy":"product_tag","embeddable":true,"href":"https:\/\/letsgofitness.cl\/index.php\/wp-json\/wp\/v2\/product_tag?post=14158"}],"curies":[{"name":"wp","href":"https:\/\/api.w.org\/{rel}","templated":true}]}}