{"id":14155,"date":"2026-03-12T17:48:49","date_gmt":"2026-03-12T20:48:49","guid":{"rendered":"https:\/\/letsgofitness.cl\/?post_type=product&#038;p=14155"},"modified":"2026-04-10T11:10:03","modified_gmt":"2026-04-10T14:10:03","slug":"boss-strength-multiestacion-3-stack","status":"publish","type":"product","link":"https:\/\/letsgofitness.cl\/index.php\/producto\/boss-strength-multiestacion-3-stack\/","title":{"rendered":"MULTIESTACION 3 STACK TUFF STUFF"},"content":{"rendered":"<p data-start=\"100\" data-end=\"370\"><strong>La Multiestacion 3 Stack TUFF STUFF<\/strong> dise\u00f1ado para ofrecer m\u00e1xima versatilidad y adaptabilidad. Su sistema modular permite configurar la posici\u00f3n de las estaciones seg\u00fan el espacio disponible, siendo ideal tanto para uso comercial como dom\u00e9stico.<\/p>\n<h5 data-section-id=\"11uxsd7\" data-start=\"663\" data-end=\"699\"><span role=\"text\"><strong data-start=\"667\" data-end=\"699\">Caracter\u00edsticas principales:<\/strong><\/span><\/h5>\n<ul data-start=\"701\" data-end=\"1143\">\n<li data-section-id=\"154j15r\" data-start=\"701\" data-end=\"752\">Sistema modular adaptable a diferentes espacios<\/li>\n<li data-section-id=\"fcyewf\" data-start=\"753\" data-end=\"799\">3 estaciones completas para uso simult\u00e1neo<\/li>\n<li data-section-id=\"1cj7mok\" data-start=\"800\" data-end=\"847\">Prensa m\u00faltiple de pecho y remo en una sola estaci\u00f3n<\/li>\n<li data-section-id=\"ckvh10\" data-start=\"848\" data-end=\"902\">Polea alta, media y baja para m\u00faltiples ejercicios<\/li>\n<li data-section-id=\"by2xl4\" data-start=\"903\" data-end=\"936\">Asiento y respaldo ajustables<\/li>\n<li data-section-id=\"dwmcwg\" data-start=\"937\" data-end=\"993\">Prensa de pecho con 7 posiciones y distintos agarres<\/li>\n<li data-section-id=\"1huzav6\" data-start=\"994\" data-end=\"1052\">Extensi\u00f3n \/ curl femoral de pierna con ajuste en 6 posiciones (4 de extensi\u00f3n y 2 de curl femoral)<\/li>\n<li data-section-id=\"mr2z31\" data-start=\"1053\" data-end=\"1096\">Dise\u00f1o biomec\u00e1nico para mayor ergonom\u00eda<\/li>\n<li data-section-id=\"15wkyk9\" data-start=\"1097\" data-end=\"1143\">Sistema de levas para resistencia uniforme<\/li>\n<\/ul>\n<h5 data-section-id=\"1g9x345\" data-start=\"1150\" data-end=\"1185\"><span role=\"text\"><strong data-start=\"1154\" data-end=\"1185\">Sistema de poleas avanzado:<\/strong><\/span><\/h5>\n<ul data-start=\"1187\" data-end=\"1318\">\n<li data-section-id=\"6ox9up\" data-start=\"1187\" data-end=\"1224\">Movimiento bilateral y unilateral<\/li>\n<li data-section-id=\"1ybwgnm\" data-start=\"1257\" data-end=\"1318\">Ajuste de altura con una sola mano (sistema contrapesado)<\/li>\n<\/ul>\n<h5 data-section-id=\"1vimtql\" data-start=\"1325\" data-end=\"1359\"><span role=\"text\"><strong data-start=\"1329\" data-end=\"1359\">Especificaciones t\u00e9cnicas:<\/strong><\/span><\/h5>\n<ul data-start=\"1361\" data-end=\"1457\">\n<li data-section-id=\"1ifncps\" data-start=\"1361\" data-end=\"1405\"><strong data-start=\"1363\" data-end=\"1385\">Peso del producto: <\/strong>642 kg<\/li>\n<li data-section-id=\"1gsk5t7\" data-start=\"1406\" data-end=\"1457\"><strong data-start=\"1408\" data-end=\"1436\">Dimensiones (L x An x Al):<\/strong> 221 x 224 x 213 cm<\/li>\n<li data-section-id=\"1gsk5t7\" data-start=\"1406\" data-end=\"1457\"><strong>STACK: 90 kg\/200 lb<\/strong><\/li>\n<\/ul>\n","protected":false},"excerpt":{"rendered":"<p>La Multiestacion 3 Stack TUFF STUFF dise\u00f1ado para ofrecer m\u00e1xima versatilidad y adaptabilidad. Su sistema modular permite configurar la posici\u00f3n de las estaciones seg\u00fan el espacio<span class=\"excerpt-hellip\"> [\u2026]<\/span><\/p>\n","protected":false},"featured_media":14786,"template":"","meta":{"_joinchat":[]},"product_brand":[],"product_cat":[135],"product_tag":[],"class_list":{"0":"post-14155","1":"product","2":"type-product","3":"status-publish","4":"has-post-thumbnail","6":"product_cat-oferta","8":"first","9":"instock","10":"sale","11":"shipping-taxable","12":"purchasable","13":"product-type-simple"},"_links":{"self":[{"href":"https:\/\/letsgofitness.cl\/index.php\/wp-json\/wp\/v2\/product\/14155","targetHints":{"allow":["GET"]}}],"collection":[{"href":"https:\/\/letsgofitness.cl\/index.php\/wp-json\/wp\/v2\/product"}],"about":[{"href":"https:\/\/letsgofitness.cl\/index.php\/wp-json\/wp\/v2\/types\/product"}],"wp:featuredmedia":[{"embeddable":true,"href":"https:\/\/letsgofitness.cl\/index.php\/wp-json\/wp\/v2\/media\/14786"}],"wp:attachment":[{"href":"https:\/\/letsgofitness.cl\/index.php\/wp-json\/wp\/v2\/media?parent=14155"}],"wp:term":[{"taxonomy":"product_brand","embeddable":true,"href":"https:\/\/letsgofitness.cl\/index.php\/wp-json\/wp\/v2\/product_brand?post=14155"},{"taxonomy":"product_cat","embeddable":true,"href":"https:\/\/letsgofitness.cl\/index.php\/wp-json\/wp\/v2\/product_cat?post=14155"},{"taxonomy":"product_tag","embeddable":true,"href":"https:\/\/letsgofitness.cl\/index.php\/wp-json\/wp\/v2\/product_tag?post=14155"}],"curies":[{"name":"wp","href":"https:\/\/api.w.org\/{rel}","templated":true}]}}