{"id":14152,"date":"2025-12-30T00:57:10","date_gmt":"2025-12-30T03:57:10","guid":{"rendered":"https:\/\/letsgofitness.cl\/?post_type=product&#038;p=14152"},"modified":"2026-04-10T11:10:02","modified_gmt":"2026-04-10T14:10:02","slug":"smith-machine-boss-strength-modelo-2","status":"publish","type":"product","link":"https:\/\/letsgofitness.cl\/index.php\/producto\/smith-machine-boss-strength-modelo-2\/","title":{"rendered":"SMITH MACHINE BOSS STRENGTH MODELO 2"},"content":{"rendered":"<p><strong>SMITH MACHINE BOSS STRENGTH MODELO 2<\/strong>, incluye los elementos esenciales para el entrenamiento de la fuerza. Todos los productos cumplen con el est\u00e1ndar nacional.<\/p>\n<h6><strong>CARACTER\u00cdSTICAS T\u00c9CNICAS:<\/strong><\/h6>\n<ul>\n<li><strong>Estructura<\/strong> construida en tubo de acero de 3 mm.<\/li>\n<li>Todos los\u00a0<strong>pernos de uni\u00f3n<\/strong>\u00a0est\u00e1n hechos de acero inoxidable para garantizar la estabilidad y la resistencia de las conexiones de la m\u00e1quina.<\/li>\n<li><strong>Agarres<\/strong>\u00a0en goma.<\/li>\n<li><strong>Tacos<\/strong>\u00a0de PVC blando en las patas que garantizan la estabilidad y evitan el desgaste.<\/li>\n<\/ul>\n","protected":false},"excerpt":{"rendered":"<p>SMITH MACHINE BOSS STRENGTH MODELO 2, incluye los elementos esenciales para el entrenamiento de la fuerza. Todos los productos cumplen con el est\u00e1ndar nacional. CARACTER\u00cdSTICAS T\u00c9CNICAS:<span class=\"excerpt-hellip\"> [\u2026]<\/span><\/p>\n","protected":false},"featured_media":14222,"template":"","meta":{"_joinchat":[]},"product_brand":[],"product_cat":[135,122,32,47],"product_tag":[],"class_list":{"0":"post-14152","1":"product","2":"type-product","3":"status-publish","4":"has-post-thumbnail","6":"product_cat-oferta","7":"product_cat-stock","8":"product_cat-profesional","9":"product_cat-peso-libre-profesional","11":"first","12":"instock","13":"sale","14":"shipping-taxable","15":"purchasable","16":"product-type-simple"},"_links":{"self":[{"href":"https:\/\/letsgofitness.cl\/index.php\/wp-json\/wp\/v2\/product\/14152","targetHints":{"allow":["GET"]}}],"collection":[{"href":"https:\/\/letsgofitness.cl\/index.php\/wp-json\/wp\/v2\/product"}],"about":[{"href":"https:\/\/letsgofitness.cl\/index.php\/wp-json\/wp\/v2\/types\/product"}],"wp:featuredmedia":[{"embeddable":true,"href":"https:\/\/letsgofitness.cl\/index.php\/wp-json\/wp\/v2\/media\/14222"}],"wp:attachment":[{"href":"https:\/\/letsgofitness.cl\/index.php\/wp-json\/wp\/v2\/media?parent=14152"}],"wp:term":[{"taxonomy":"product_brand","embeddable":true,"href":"https:\/\/letsgofitness.cl\/index.php\/wp-json\/wp\/v2\/product_brand?post=14152"},{"taxonomy":"product_cat","embeddable":true,"href":"https:\/\/letsgofitness.cl\/index.php\/wp-json\/wp\/v2\/product_cat?post=14152"},{"taxonomy":"product_tag","embeddable":true,"href":"https:\/\/letsgofitness.cl\/index.php\/wp-json\/wp\/v2\/product_tag?post=14152"}],"curies":[{"name":"wp","href":"https:\/\/api.w.org\/{rel}","templated":true}]}}