{"id":14150,"date":"2025-12-10T14:48:05","date_gmt":"2025-12-10T17:48:05","guid":{"rendered":"https:\/\/letsgofitness.cl\/?post_type=product&#038;p=14150"},"modified":"2026-04-10T11:10:04","modified_gmt":"2026-04-10T14:10:04","slug":"boss-banco-press-inclinado","status":"publish","type":"product","link":"https:\/\/letsgofitness.cl\/index.php\/producto\/boss-banco-press-inclinado\/","title":{"rendered":"BOSS BANCO PRESS INCLINADO"},"content":{"rendered":"<p><em><strong>CARACTER\u00cdSTICAS T\u00c9CNICAS<\/strong><\/em><\/p>\n<ul>\n<li>La l\u00ednea incluye los elementos esenciales para el entrenamiento de la fuerza. Todos los productos cumplen con el est\u00e1ndar nacional de GB 17498-2008 y la norma EN20957 de la UE.<\/li>\n<li><strong>Estructura<\/strong>\u00a0construida en tubo oval de acero de 3 mm.<\/li>\n<li>Todos los\u00a0<strong>pernos de uni\u00f3n<\/strong>\u00a0est\u00e1n hechos de acero inoxidable para garantizar la estabilidad y la resistencia de las conexiones de la m\u00e1quina.<\/li>\n<li><strong>Tapizado<\/strong>\u00a0realizado con goma espuma de 3 cm. de espesor con 150 kg. de presi\u00f3n. La polipiel es ign\u00edfuga y porosa. El tapizado de las m\u00e1quinas es anat\u00f3mico. Con la capa extra de cuero en el acolchado del coj\u00edn, prolonga la vida de su relleno y facilita su reemplazo en superficies desgastadas.<\/li>\n<li><strong>Ajustes<\/strong>\u00a0de \u00e1ngulos m\u00faltiples para adaptarse a diferentes alturas y movimientos.<\/li>\n<li><strong>Tacos<\/strong>\u00a0de PVC blando en las patas que garantizan la estabilidad y evitan el desgaste.<\/li>\n<li><strong>Los soportes de las barras<\/strong>\u00a0est\u00e1n hechos de poliuretano termopl\u00e1stico, un material altamente resistente y que amortigua el impacto de las barras.<\/li>\n<li>El press inclinado se complementa con la\u00a0<strong>plataforma de ayuda<\/strong>, lo que hace el producto m\u00e1s completo para tu ejercicio.<\/li>\n<\/ul>\n<p>&nbsp;<\/p>\n<p><strong>PESO Y DIMENSION<\/strong><\/p>\n<ul>\n<li><strong>Largo:<\/strong>\u00a0177 cm.<\/li>\n<li><strong>Ancho:<\/strong>\u00a0172 cm.<\/li>\n<li><strong>Alto:<\/strong>\u00a0154 cm.<\/li>\n<li><strong>Peso:\u00a0<\/strong>115 kg.<\/li>\n<li><strong>Respaldo:<\/strong>\u00a0104 x 32 x 7 cm.<\/li>\n<li><strong>Asiento:<\/strong>\u00a033 x 33 x 7 cm.<\/li>\n<\/ul>\n","protected":false},"excerpt":{"rendered":"<p>El Press Inclinado cuenta con un dise\u00f1o elegante y est\u00e9tico, respaldado por un exhaustivo estudio de calidad que garantiza un uso totalmente profesional. Este banco con un \u00e1ngulo inclinado de 45 grados est\u00e1 dise\u00f1ado espec\u00edficamente para realizar ejercicios de press inclinados, como el press de banca para pecho superior o aperturas inclinadas para pecho con mancuernas. Cuenta con dos niveles de soportes para colocar una barra y puede ser utilizado tanto con barra como con mancuernas. Adem\u00e1s, cuenta con 4 soportes preparados para colocar discos de peso y un tapizado realizado con goma espuma de 3 cm de espesor, capaz de soportar hasta 150 kg de presi\u00f3n. El Press Inclinado incluye siempre la plataforma de ayuda.<\/p>\n","protected":false},"featured_media":14221,"template":"","meta":{"_joinchat":[]},"product_brand":[],"product_cat":[135],"product_tag":[],"class_list":{"0":"post-14150","1":"product","2":"type-product","3":"status-publish","4":"has-post-thumbnail","6":"product_cat-oferta","8":"first","9":"instock","10":"sale","11":"shipping-taxable","12":"purchasable","13":"product-type-simple"},"_links":{"self":[{"href":"https:\/\/letsgofitness.cl\/index.php\/wp-json\/wp\/v2\/product\/14150","targetHints":{"allow":["GET"]}}],"collection":[{"href":"https:\/\/letsgofitness.cl\/index.php\/wp-json\/wp\/v2\/product"}],"about":[{"href":"https:\/\/letsgofitness.cl\/index.php\/wp-json\/wp\/v2\/types\/product"}],"wp:featuredmedia":[{"embeddable":true,"href":"https:\/\/letsgofitness.cl\/index.php\/wp-json\/wp\/v2\/media\/14221"}],"wp:attachment":[{"href":"https:\/\/letsgofitness.cl\/index.php\/wp-json\/wp\/v2\/media?parent=14150"}],"wp:term":[{"taxonomy":"product_brand","embeddable":true,"href":"https:\/\/letsgofitness.cl\/index.php\/wp-json\/wp\/v2\/product_brand?post=14150"},{"taxonomy":"product_cat","embeddable":true,"href":"https:\/\/letsgofitness.cl\/index.php\/wp-json\/wp\/v2\/product_cat?post=14150"},{"taxonomy":"product_tag","embeddable":true,"href":"https:\/\/letsgofitness.cl\/index.php\/wp-json\/wp\/v2\/product_tag?post=14150"}],"curies":[{"name":"wp","href":"https:\/\/api.w.org\/{rel}","templated":true}]}}