{"id":13866,"date":"2025-12-30T01:06:41","date_gmt":"2025-12-30T04:06:41","guid":{"rendered":"https:\/\/letsgofitness.cl\/?post_type=product&#038;p=13866"},"modified":"2026-04-20T16:57:38","modified_gmt":"2026-04-20T19:57:38","slug":"3d-multi-abductor-boss-strength-b","status":"publish","type":"product","link":"https:\/\/letsgofitness.cl\/index.php\/producto\/3d-multi-abductor-boss-strength-b\/","title":{"rendered":"3D MULTI ABDUCTOR BOSS STRENGTH B **OFERTA PAGO CONTADO $920.000** (TRANSFERENCIA)"},"content":{"rendered":"<p>El 3D Multi Abductor es una m\u00e1quina de abducci\u00f3n de cadera con tres posiciones de ajuste de \u00e1ngulo, que permite diversos est\u00edmulos y trabaja diferentes porciones del gl\u00fateo medio. Su estructura estable garantiza la seguridad durante el entrenamiento, mientras que las empu\u00f1aduras de aluminio ofrecen firmeza y durabilidad. Un equipo vers\u00e1til y eficiente para quienes buscan la m\u00e1xima activaci\u00f3n y aislamiento de los gl\u00fateos.<\/p>\n<p><span dir=\"auto\">Ideal para quienes buscan fortalecer, tonificar y ganar masa muscular en el entrenamiento de gl\u00fateos, ofrece un rendimiento superior en acondicionamiento f\u00edsico, definici\u00f3n muscular, aumento de fuerza y entrenamiento de resistencia.\u00a0<\/span><\/p>\n<p>CARACTERISTICAS<\/p>\n<p><span dir=\"auto\">Dimensiones: 162 x 99 x 148 cm.<\/span><br \/>\n<span dir=\"auto\">Carga m\u00e1xima: 200 kg.<\/span><\/p>\n","protected":false},"excerpt":{"rendered":"<p>El 3D Multi Abductor es una m\u00e1quina de abducci\u00f3n de cadera con tres posiciones de ajuste de \u00e1ngulo, que permite diversos est\u00edmulos y trabaja diferentes porciones<span class=\"excerpt-hellip\"> [\u2026]<\/span><\/p>\n","protected":false},"featured_media":13888,"template":"","meta":{"_joinchat":[]},"product_brand":[],"product_cat":[135],"product_tag":[],"class_list":{"0":"post-13866","1":"product","2":"type-product","3":"status-publish","4":"has-post-thumbnail","6":"product_cat-oferta","8":"first","9":"instock","10":"sale","11":"shipping-taxable","12":"purchasable","13":"product-type-simple"},"_links":{"self":[{"href":"https:\/\/letsgofitness.cl\/index.php\/wp-json\/wp\/v2\/product\/13866","targetHints":{"allow":["GET"]}}],"collection":[{"href":"https:\/\/letsgofitness.cl\/index.php\/wp-json\/wp\/v2\/product"}],"about":[{"href":"https:\/\/letsgofitness.cl\/index.php\/wp-json\/wp\/v2\/types\/product"}],"wp:featuredmedia":[{"embeddable":true,"href":"https:\/\/letsgofitness.cl\/index.php\/wp-json\/wp\/v2\/media\/13888"}],"wp:attachment":[{"href":"https:\/\/letsgofitness.cl\/index.php\/wp-json\/wp\/v2\/media?parent=13866"}],"wp:term":[{"taxonomy":"product_brand","embeddable":true,"href":"https:\/\/letsgofitness.cl\/index.php\/wp-json\/wp\/v2\/product_brand?post=13866"},{"taxonomy":"product_cat","embeddable":true,"href":"https:\/\/letsgofitness.cl\/index.php\/wp-json\/wp\/v2\/product_cat?post=13866"},{"taxonomy":"product_tag","embeddable":true,"href":"https:\/\/letsgofitness.cl\/index.php\/wp-json\/wp\/v2\/product_tag?post=13866"}],"curies":[{"name":"wp","href":"https:\/\/api.w.org\/{rel}","templated":true}]}}