{"id":13827,"date":"2025-11-28T10:06:32","date_gmt":"2025-11-28T13:06:32","guid":{"rendered":"https:\/\/letsgofitness.cl\/?post_type=product&#038;p=13827"},"modified":"2026-04-10T11:08:35","modified_gmt":"2026-04-10T14:08:35","slug":"star-trac-treadmill-trx-serie-8","status":"publish","type":"product","link":"https:\/\/letsgofitness.cl\/index.php\/producto\/star-trac-treadmill-trx-serie-8\/","title":{"rendered":"Star Trac Treadmill TRx SERIE 8"},"content":{"rendered":"<p><strong>CRACTER\u00cdSTICAS<\/strong><\/p>\n<ul>\n<li><strong><span dir=\"auto\">Emparejamiento con un toque:<\/span><\/strong><span dir=\"auto\">\u00a0La tecnolog\u00eda NFC permite la sincronizaci\u00f3n instant\u00e1nea con Apple o Galaxy Watch para un seguimiento perfecto del entrenamiento. Mantente conectado y registra cada paso con precisi\u00f3n para una experiencia m\u00e1s atractiva en la cinta de correr.<\/span><\/li>\n<li><strong><span dir=\"auto\">Sistema de amortiguaci\u00f3n de triple celda Soft Trac:<\/span><\/strong><span dir=\"auto\">\u00a0con el sistema de amortiguaci\u00f3n de triple celda Soft Trac, el 8TRx proporciona una absorci\u00f3n de impactos superior, creando una superficie para correr que cuida las articulaciones y que los miembros apreciar\u00e1n por su comodidad.<\/span><\/li>\n<li><strong><span dir=\"auto\">Potente motor de CA de 5 HP:<\/span><\/strong><span dir=\"auto\">\u00a0el robusto motor de CA de 5 HP proporciona un funcionamiento constante y de alto rendimiento, compatible con entrenamientos cardiovasculares intensos y una durabilidad duradera para uso comercial.<\/span><\/li>\n<li><strong><span dir=\"auto\">Centro de Comando:<\/span><\/strong><span dir=\"auto\">\u00a0Cargador inal\u00e1mbrico, dos portabotellas, puerto USB y ventilador. Hidrataci\u00f3n, comodidad y disponibilidad de dispositivos se combinan para ayudarte a acelerar el ritmo.<\/span><\/li>\n<\/ul>\n<p><strong>DIMENSIONES<\/strong><\/p>\n<p>Medidas: 215 x 91 x 152 cm<\/p>\n<p>Peso: 192 kg<\/p>\n","protected":false},"excerpt":{"rendered":"<p><strong><span dir=\"auto\">La Star Trac 8TRx: Dise\u00f1ada para la satisfacci\u00f3n y el rendimiento de los usuarios.<\/span><\/strong><span dir=\"auto\">\u00a0La Star Trac 8TRx redefine el concepto de una cinta de correr comercial, combinando funciones intuitivas y tecnolog\u00eda avanzada para satisfacer las altas exigencias de los entusiastas del fitness de hoy. Los controles r\u00e1pidos permiten ajustar la velocidad y la inclinaci\u00f3n con solo pulsar un bot\u00f3n, mientras que los controles Hot Bar\u00ae mantienen las funciones clave al alcance de la mano para mayor seguridad y comodidad. El sistema de suspensi\u00f3n de la plataforma SoftTrac\u00ae ofrece una amortiguaci\u00f3n superior para una carrera suave y sin da\u00f1ar las articulaciones. Con amplias opciones de inclinaci\u00f3n, la 8TRx ofrece entrenamientos desafiantes y atractivos para usuarios de todos los niveles.<\/span><\/p>\n","protected":false},"featured_media":13894,"template":"","meta":{"_joinchat":[]},"product_brand":[],"product_cat":[135],"product_tag":[],"class_list":{"0":"post-13827","1":"product","2":"type-product","3":"status-publish","4":"has-post-thumbnail","6":"product_cat-oferta","8":"first","9":"instock","10":"sale","11":"shipping-taxable","12":"purchasable","13":"product-type-simple"},"_links":{"self":[{"href":"https:\/\/letsgofitness.cl\/index.php\/wp-json\/wp\/v2\/product\/13827","targetHints":{"allow":["GET"]}}],"collection":[{"href":"https:\/\/letsgofitness.cl\/index.php\/wp-json\/wp\/v2\/product"}],"about":[{"href":"https:\/\/letsgofitness.cl\/index.php\/wp-json\/wp\/v2\/types\/product"}],"wp:featuredmedia":[{"embeddable":true,"href":"https:\/\/letsgofitness.cl\/index.php\/wp-json\/wp\/v2\/media\/13894"}],"wp:attachment":[{"href":"https:\/\/letsgofitness.cl\/index.php\/wp-json\/wp\/v2\/media?parent=13827"}],"wp:term":[{"taxonomy":"product_brand","embeddable":true,"href":"https:\/\/letsgofitness.cl\/index.php\/wp-json\/wp\/v2\/product_brand?post=13827"},{"taxonomy":"product_cat","embeddable":true,"href":"https:\/\/letsgofitness.cl\/index.php\/wp-json\/wp\/v2\/product_cat?post=13827"},{"taxonomy":"product_tag","embeddable":true,"href":"https:\/\/letsgofitness.cl\/index.php\/wp-json\/wp\/v2\/product_tag?post=13827"}],"curies":[{"name":"wp","href":"https:\/\/api.w.org\/{rel}","templated":true}]}}