{"id":13630,"date":"2025-10-03T16:12:59","date_gmt":"2025-10-03T19:12:59","guid":{"rendered":"https:\/\/letsgofitness.cl\/?post_type=product&#038;p=13630"},"modified":"2026-04-10T11:13:01","modified_gmt":"2026-04-10T14:13:01","slug":"preventa-standing-abductor","status":"publish","type":"product","link":"https:\/\/letsgofitness.cl\/index.php\/producto\/preventa-standing-abductor\/","title":{"rendered":"STANDING ABDUCTOR **OFERTA PAGO CONTADO $690.000** (Transferencia)"},"content":{"rendered":"<p>La Standing abductor es una m\u00e1quina de entrenamiento dise\u00f1ada para fortalecer y desarrollar los m\u00fasculos aductores y de gl\u00fateos.<br \/>\nConstruida con materiales de primera calidad, su estructura de acero garantiza una base s\u00f3lida y resistente.<br \/>\nPosee una plataforma para pies y apoyo para piernas acolchados que permite realizar el ejercicio de manera c\u00f3moda, enfocando el trabajo en los grupos musculares de gl\u00fateos y piernas de forma efectiva.<br \/>\nPosee varias tomas disponibles en la parte superior, que permite sujetarse mientras se realiza la apertura, asegurando una postura \u00f3ptima y un entrenamiento seguro.<br \/>\nIncluye en sus costados 2 soportes para la carga de discos y soportes para enganchar bandas el\u00e1sticas y as\u00ed generar\u00a0distintas resistencia ante el movimiento.<br \/>\nLa maquina Standing Abductor esta dise\u00f1ada para equipar centros de entrenamiento de medio y alto trafico, gimnasios, box o centros de acondicionamiento f\u00edsico, gracias a su calidad y durabilidad.<\/p>\n<p><strong>ESPECIFICACIONES<\/strong><\/p>\n<p><strong>Peso del equipo:<\/strong> 128Kg<br \/>\n<strong>Dimensiones:<\/strong> Largo 155 x Ancho 97 x Alto 144cm<\/p>\n<p>&nbsp;<\/p>\n<p>&nbsp;<\/p>\n","protected":false},"excerpt":{"rendered":"<p>&nbsp;<\/p>\n<p>&nbsp;<\/p>\n<p>&nbsp;<\/p>\n<p>&nbsp;<\/p>\n","protected":false},"featured_media":13631,"template":"","meta":{"_joinchat":[]},"product_brand":[],"product_cat":[276,135,122,32,47],"product_tag":[],"class_list":{"0":"post-13630","1":"product","2":"type-product","3":"status-publish","4":"has-post-thumbnail","6":"product_cat-oferta-pago-contado","7":"product_cat-oferta","8":"product_cat-stock","9":"product_cat-profesional","10":"product_cat-peso-libre-profesional","12":"first","13":"instock","14":"sale","15":"shipping-taxable","16":"purchasable","17":"product-type-simple"},"_links":{"self":[{"href":"https:\/\/letsgofitness.cl\/index.php\/wp-json\/wp\/v2\/product\/13630","targetHints":{"allow":["GET"]}}],"collection":[{"href":"https:\/\/letsgofitness.cl\/index.php\/wp-json\/wp\/v2\/product"}],"about":[{"href":"https:\/\/letsgofitness.cl\/index.php\/wp-json\/wp\/v2\/types\/product"}],"wp:featuredmedia":[{"embeddable":true,"href":"https:\/\/letsgofitness.cl\/index.php\/wp-json\/wp\/v2\/media\/13631"}],"wp:attachment":[{"href":"https:\/\/letsgofitness.cl\/index.php\/wp-json\/wp\/v2\/media?parent=13630"}],"wp:term":[{"taxonomy":"product_brand","embeddable":true,"href":"https:\/\/letsgofitness.cl\/index.php\/wp-json\/wp\/v2\/product_brand?post=13630"},{"taxonomy":"product_cat","embeddable":true,"href":"https:\/\/letsgofitness.cl\/index.php\/wp-json\/wp\/v2\/product_cat?post=13630"},{"taxonomy":"product_tag","embeddable":true,"href":"https:\/\/letsgofitness.cl\/index.php\/wp-json\/wp\/v2\/product_tag?post=13630"}],"curies":[{"name":"wp","href":"https:\/\/api.w.org\/{rel}","templated":true}]}}