{"id":13628,"date":"2025-10-03T16:02:48","date_gmt":"2025-10-03T19:02:48","guid":{"rendered":"https:\/\/letsgofitness.cl\/?post_type=product&#038;p=13628"},"modified":"2026-04-10T11:13:01","modified_gmt":"2026-04-10T14:13:01","slug":"preventa-dual-abductor-adductor","status":"publish","type":"product","link":"https:\/\/letsgofitness.cl\/index.php\/producto\/preventa-dual-abductor-adductor\/","title":{"rendered":"DUAL ABDUCTOR\/ADDUCTOR **OFERTA PAGO CONTADO $1.270.000** (Transferencia)"},"content":{"rendered":"<p>La DUAL ABDUCTOR\/ADDUCTOR es una m\u00e1quina vers\u00e1til que combina dos ejercicios fundamentales en una sola m\u00e1quina: <strong data-start=\"297\" data-end=\"336\">abductor y aductor de piernas<\/strong>. Est\u00e1 dise\u00f1ada para ofrecer un rendimiento profesional incluso en gimnasios con espacio limitado, gracias a su estructura con doble funci\u00f3n. Esta m\u00e1quina permite cambiar f\u00e1cilmente de un ejercicio a otro ajustando los soportes para las rodillas con la ayuda de un tirador: iniciando en \u00e1ngulo abierto para hacer aductores y \u00e1ngulo cerrado para trabajar los abductores.<\/p>\n<ul>\n<li><strong>PESO:<\/strong> 275 kg.<\/li>\n<li><strong>DIMENSIONES:<\/strong>\u00a0Largo: 169 cm x Ancho: 160 cm x Alto: 160 cm.<\/li>\n<li><strong>DIMENSIONES DEL EMBALAJE:<\/strong> 162 cm x 132 cm x 72 cm.<\/li>\n<\/ul>\n","protected":false},"excerpt":{"rendered":"<p>La DUAL ABDUCTOR\/ADDUCTOR es una m\u00e1quina vers\u00e1til que combina dos ejercicios fundamentales en una sola m\u00e1quina: abductor y aductor de piernas. Est\u00e1 dise\u00f1ada para ofrecer un<span class=\"excerpt-hellip\"> [\u2026]<\/span><\/p>\n","protected":false},"featured_media":13629,"template":"","meta":{"_joinchat":[]},"product_brand":[],"product_cat":[276,135,122,32,47],"product_tag":[],"class_list":{"0":"post-13628","1":"product","2":"type-product","3":"status-publish","4":"has-post-thumbnail","6":"product_cat-oferta-pago-contado","7":"product_cat-oferta","8":"product_cat-stock","9":"product_cat-profesional","10":"product_cat-peso-libre-profesional","12":"first","13":"outofstock","14":"sale","15":"shipping-taxable","16":"purchasable","17":"product-type-simple"},"_links":{"self":[{"href":"https:\/\/letsgofitness.cl\/index.php\/wp-json\/wp\/v2\/product\/13628","targetHints":{"allow":["GET"]}}],"collection":[{"href":"https:\/\/letsgofitness.cl\/index.php\/wp-json\/wp\/v2\/product"}],"about":[{"href":"https:\/\/letsgofitness.cl\/index.php\/wp-json\/wp\/v2\/types\/product"}],"wp:featuredmedia":[{"embeddable":true,"href":"https:\/\/letsgofitness.cl\/index.php\/wp-json\/wp\/v2\/media\/13629"}],"wp:attachment":[{"href":"https:\/\/letsgofitness.cl\/index.php\/wp-json\/wp\/v2\/media?parent=13628"}],"wp:term":[{"taxonomy":"product_brand","embeddable":true,"href":"https:\/\/letsgofitness.cl\/index.php\/wp-json\/wp\/v2\/product_brand?post=13628"},{"taxonomy":"product_cat","embeddable":true,"href":"https:\/\/letsgofitness.cl\/index.php\/wp-json\/wp\/v2\/product_cat?post=13628"},{"taxonomy":"product_tag","embeddable":true,"href":"https:\/\/letsgofitness.cl\/index.php\/wp-json\/wp\/v2\/product_tag?post=13628"}],"curies":[{"name":"wp","href":"https:\/\/api.w.org\/{rel}","templated":true}]}}