{"id":13616,"date":"2025-10-03T14:25:23","date_gmt":"2025-10-03T17:25:23","guid":{"rendered":"https:\/\/letsgofitness.cl\/?post_type=product&#038;p=13616"},"modified":"2026-04-10T11:16:43","modified_gmt":"2026-04-10T14:16:43","slug":"preventa-hip-glute-st","status":"publish","type":"product","link":"https:\/\/letsgofitness.cl\/index.php\/producto\/preventa-hip-glute-st\/","title":{"rendered":"HIP GLUTE ST **OFERTA PAGO CONTADO $690.000** (Transferencia)"},"content":{"rendered":"<p class=\"x_MsoNormal\"><span dir=\"auto\">La m\u00e1quina es totalmente ajustable tanto en longitud como en \u00e1ngulo de la plataforma del pie, lo que permite a los usuarios crear la configuraci\u00f3n perfecta de empuje de cadera.<\/span><\/p>\n<p class=\"x_MsoNormal\"><span dir=\"auto\">Cuenta con una plataforma de gran tama\u00f1o con una capa superior totalmente de goma antideslizante. Ofrece diferentes ajustes de \u00e1ngulo para crear el rango y \u00e1ngulo perfectos para cada ejercicio y tipo de usuario. La plataforma de gran tama\u00f1o permite una postura dividida y una amplia variedad de posiciones de los pies.<\/span><\/p>\n<p class=\"x_MsoNormal\"><span dir=\"auto\">El respaldo est\u00e1 hecho de espuma de uretano recubierta de una almohadilla resistente a desgarros con doble costura. El marco se desliza sobre rodamientos dobles sellados; suelte el pasador met\u00e1lico para ajustar r\u00e1pidamente la longitud de su configuraci\u00f3n.<\/span><\/p>\n<p class=\"x_MsoNormal\"><span dir=\"auto\">Est\u00e1 dise\u00f1ado con un cintur\u00f3n autoblocante para que usuarios de cualquier tama\u00f1o puedan ajustarse r\u00e1pidamente a la m\u00e1quina. La mayor\u00eda de las Glute Drives tienen un cintur\u00f3n o barra ajustable que requiere mucho tiempo para configurarse, especialmente si dos tipos de cuerpo se entrenan juntos. El cintur\u00f3n est\u00e1 sujeto por una almohadilla de espuma recubierta con doble costura y resistente a desgarros, que mantiene a los usuarios c\u00f3modos bajo cargas pesadas sin perder la sensaci\u00f3n de una almohadilla suave.<\/span><\/p>\n<p>ESPECIFICACIONES:<\/p>\n<ul>\n<li>Dimensiones: 253 x 155 x 142 cm<\/li>\n<\/ul>\n<p>&nbsp;<\/p>\n<p>&nbsp;<\/p>\n","protected":false},"excerpt":{"rendered":"<p>STOCK DISPONIBLE DESDE 27 DE DICIEMBRE<br \/>\n(CONTEMPLAR POSIBLES RETRASOS DE EMBARQUE)<\/p>\n<p>&nbsp;<\/p>\n","protected":false},"featured_media":13621,"template":"","meta":{"_joinchat":[]},"product_brand":[],"product_cat":[276,135,122,32,47],"product_tag":[],"class_list":{"0":"post-13616","1":"product","2":"type-product","3":"status-publish","4":"has-post-thumbnail","6":"product_cat-oferta-pago-contado","7":"product_cat-oferta","8":"product_cat-stock","9":"product_cat-profesional","10":"product_cat-peso-libre-profesional","12":"first","13":"instock","14":"sale","15":"shipping-taxable","16":"purchasable","17":"product-type-simple"},"_links":{"self":[{"href":"https:\/\/letsgofitness.cl\/index.php\/wp-json\/wp\/v2\/product\/13616","targetHints":{"allow":["GET"]}}],"collection":[{"href":"https:\/\/letsgofitness.cl\/index.php\/wp-json\/wp\/v2\/product"}],"about":[{"href":"https:\/\/letsgofitness.cl\/index.php\/wp-json\/wp\/v2\/types\/product"}],"wp:featuredmedia":[{"embeddable":true,"href":"https:\/\/letsgofitness.cl\/index.php\/wp-json\/wp\/v2\/media\/13621"}],"wp:attachment":[{"href":"https:\/\/letsgofitness.cl\/index.php\/wp-json\/wp\/v2\/media?parent=13616"}],"wp:term":[{"taxonomy":"product_brand","embeddable":true,"href":"https:\/\/letsgofitness.cl\/index.php\/wp-json\/wp\/v2\/product_brand?post=13616"},{"taxonomy":"product_cat","embeddable":true,"href":"https:\/\/letsgofitness.cl\/index.php\/wp-json\/wp\/v2\/product_cat?post=13616"},{"taxonomy":"product_tag","embeddable":true,"href":"https:\/\/letsgofitness.cl\/index.php\/wp-json\/wp\/v2\/product_tag?post=13616"}],"curies":[{"name":"wp","href":"https:\/\/api.w.org\/{rel}","templated":true}]}}