{"id":13559,"date":"2025-12-06T00:07:36","date_gmt":"2025-12-06T03:07:36","guid":{"rendered":"https:\/\/letsgofitness.cl\/?post_type=product&#038;p=13559"},"modified":"2026-04-10T11:16:38","modified_gmt":"2026-04-10T14:16:38","slug":"lat-pulldown-circular-realleader-usa","status":"publish","type":"product","link":"https:\/\/letsgofitness.cl\/index.php\/producto\/lat-pulldown-circular-realleader-usa\/","title":{"rendered":"LAT PULLDOWN CIRCULAR REALLEADER USA"},"content":{"rendered":"<p><span dir=\"auto\">Esta m\u00e1quina premium de polea dorsal incluye varias caracter\u00edsticas ajustables, como asiento ajustable, rodilleras y soporte pectoral para la altura del usuario.<\/span><\/p>\n<p><span dir=\"auto\">Esta m\u00e1quina replica una polea dorsal con agarre ancho para enfatizar los m\u00fasculos de la parte superior de la espalda. Su dise\u00f1o biomec\u00e1nico optimiza los brazos, proporcionando una trayectoria de movimiento natural para mejores contracciones.<\/span><\/p>\n<p><span dir=\"auto\">Cada brazo se carga con discos y se mueve de forma independiente, lo que la hace ideal para entrenamiento bilateral o isolateral. Las tomadas adicionales detr\u00e1s de la almohadilla pectoral brindan soporte para movimientos con un solo brazo.<\/span><\/p>\n<p><span dir=\"auto\">Esta m\u00e1quina tambi\u00e9n incluye portadiscos adicionales para guardar los discos.<\/span><\/p>\n<p>Disponible color: Negro\/ Tapiz negro<\/p>\n<p>DIMENSIONES Y PESO<\/p>\n<ul>\n<li><span dir=\"auto\">Dimensiones: 1460 x 1425 x 2115 mm<\/span><\/li>\n<li><span dir=\"auto\">Peso bruto: 291 kg<\/span><\/li>\n<\/ul>\n","protected":false},"excerpt":{"rendered":"<p>Esta m\u00e1quina premium de polea dorsal incluye varias caracter\u00edsticas ajustables, como asiento ajustable, rodilleras y soporte pectoral para la altura del usuario. Esta m\u00e1quina replica una<span class=\"excerpt-hellip\"> [\u2026]<\/span><\/p>\n","protected":false},"featured_media":13560,"template":"","meta":{"_joinchat":[]},"product_brand":[],"product_cat":[135,122,32,47],"product_tag":[],"class_list":{"0":"post-13559","1":"product","2":"type-product","3":"status-publish","4":"has-post-thumbnail","6":"product_cat-oferta","7":"product_cat-stock","8":"product_cat-profesional","9":"product_cat-peso-libre-profesional","11":"first","12":"instock","13":"sale","14":"shipping-taxable","15":"purchasable","16":"product-type-simple"},"_links":{"self":[{"href":"https:\/\/letsgofitness.cl\/index.php\/wp-json\/wp\/v2\/product\/13559","targetHints":{"allow":["GET"]}}],"collection":[{"href":"https:\/\/letsgofitness.cl\/index.php\/wp-json\/wp\/v2\/product"}],"about":[{"href":"https:\/\/letsgofitness.cl\/index.php\/wp-json\/wp\/v2\/types\/product"}],"wp:featuredmedia":[{"embeddable":true,"href":"https:\/\/letsgofitness.cl\/index.php\/wp-json\/wp\/v2\/media\/13560"}],"wp:attachment":[{"href":"https:\/\/letsgofitness.cl\/index.php\/wp-json\/wp\/v2\/media?parent=13559"}],"wp:term":[{"taxonomy":"product_brand","embeddable":true,"href":"https:\/\/letsgofitness.cl\/index.php\/wp-json\/wp\/v2\/product_brand?post=13559"},{"taxonomy":"product_cat","embeddable":true,"href":"https:\/\/letsgofitness.cl\/index.php\/wp-json\/wp\/v2\/product_cat?post=13559"},{"taxonomy":"product_tag","embeddable":true,"href":"https:\/\/letsgofitness.cl\/index.php\/wp-json\/wp\/v2\/product_tag?post=13559"}],"curies":[{"name":"wp","href":"https:\/\/api.w.org\/{rel}","templated":true}]}}