{"id":13557,"date":"2025-12-06T00:03:05","date_gmt":"2025-12-06T03:03:05","guid":{"rendered":"https:\/\/letsgofitness.cl\/?post_type=product&#038;p=13557"},"modified":"2026-04-10T11:16:38","modified_gmt":"2026-04-10T14:16:38","slug":"triceps-extension-realleader-usa","status":"publish","type":"product","link":"https:\/\/letsgofitness.cl\/index.php\/producto\/triceps-extension-realleader-usa\/","title":{"rendered":"TRICEPS EXTENSION REALLEADER USA"},"content":{"rendered":"<p><span dir=\"auto\">Esta m\u00e1quina premium para fondos de tr\u00edceps ha sido dise\u00f1ada para una biomec\u00e1nica \u00f3ptima, lo que le proporciona una trayectoria de movimiento natural. <\/span><span dir=\"auto\">Los brazos de la m\u00e1quina se pueden ajustar para moverse sincronizados o de forma independiente para un entrenamiento isolateral.<\/span><\/p>\n<p><span dir=\"auto\">El asiento y las rodilleras son ajustables para encontrar el ajuste perfecto para el usuario.\u00a0<\/span><\/p>\n<p>Disponible en color: negro \/tapiz negro<\/p>\n<p><strong>DIMENSIONES Y PESO:<\/strong><\/p>\n<ul>\n<li>Dimensiones: 2075 x 1540 x 1080 mm<\/li>\n<li>Peso bruto: 271 kg<\/li>\n<\/ul>\n","protected":false},"excerpt":{"rendered":"<p>Esta m\u00e1quina premium para fondos de tr\u00edceps ha sido dise\u00f1ada para una biomec\u00e1nica \u00f3ptima, lo que le proporciona una trayectoria de movimiento natural. Los brazos de<span class=\"excerpt-hellip\"> [\u2026]<\/span><\/p>\n","protected":false},"featured_media":13558,"template":"","meta":{"_joinchat":[]},"product_brand":[],"product_cat":[135,122,32,47],"product_tag":[],"class_list":{"0":"post-13557","1":"product","2":"type-product","3":"status-publish","4":"has-post-thumbnail","6":"product_cat-oferta","7":"product_cat-stock","8":"product_cat-profesional","9":"product_cat-peso-libre-profesional","11":"first","12":"instock","13":"sale","14":"shipping-taxable","15":"purchasable","16":"product-type-simple"},"_links":{"self":[{"href":"https:\/\/letsgofitness.cl\/index.php\/wp-json\/wp\/v2\/product\/13557","targetHints":{"allow":["GET"]}}],"collection":[{"href":"https:\/\/letsgofitness.cl\/index.php\/wp-json\/wp\/v2\/product"}],"about":[{"href":"https:\/\/letsgofitness.cl\/index.php\/wp-json\/wp\/v2\/types\/product"}],"wp:featuredmedia":[{"embeddable":true,"href":"https:\/\/letsgofitness.cl\/index.php\/wp-json\/wp\/v2\/media\/13558"}],"wp:attachment":[{"href":"https:\/\/letsgofitness.cl\/index.php\/wp-json\/wp\/v2\/media?parent=13557"}],"wp:term":[{"taxonomy":"product_brand","embeddable":true,"href":"https:\/\/letsgofitness.cl\/index.php\/wp-json\/wp\/v2\/product_brand?post=13557"},{"taxonomy":"product_cat","embeddable":true,"href":"https:\/\/letsgofitness.cl\/index.php\/wp-json\/wp\/v2\/product_cat?post=13557"},{"taxonomy":"product_tag","embeddable":true,"href":"https:\/\/letsgofitness.cl\/index.php\/wp-json\/wp\/v2\/product_tag?post=13557"}],"curies":[{"name":"wp","href":"https:\/\/api.w.org\/{rel}","templated":true}]}}