{"id":13555,"date":"2025-11-03T17:17:25","date_gmt":"2025-11-03T20:17:25","guid":{"rendered":"https:\/\/letsgofitness.cl\/?post_type=product&#038;p=13555"},"modified":"2026-04-10T11:16:38","modified_gmt":"2026-04-10T14:16:38","slug":"pectoral-fly-realleader-usa","status":"publish","type":"product","link":"https:\/\/letsgofitness.cl\/index.php\/producto\/pectoral-fly-realleader-usa\/","title":{"rendered":"PECTORAL FLY REALLEADER USA"},"content":{"rendered":"<p><span style=\"font-weight: 400;\"><span dir=\"auto\">Esta m\u00e1quina inclinada para pectorales ha sido dise\u00f1ada para una biomec\u00e1nica \u00f3ptima. Su recorrido suave y sus tomadas giratorias garantizan contracciones \u00f3ptimas.\u00a0<\/span><br \/>\n<\/span><\/p>\n<p><span style=\"font-weight: 400;\"><span dir=\"auto\">Una palanca bajo el asiento permite ajustar la altura del usuario. El pedal de seguridad inferior permite iniciar y finalizar el ejercicio en una posici\u00f3n segura, minimizando el riesgo de lesiones.\u00a0\u00a0<\/span><\/span><span dir=\"auto\"><span style=\"font-weight: 400;\">La m\u00e1quina cuenta con pesas a ambos lados y brazos m\u00f3viles independientes, lo que la hace ideal tanto para entrenamiento bilateral como aislado.<\/span><\/span><\/p>\n<p><strong>DIMENSIONES Y PESO<\/strong><\/p>\n<p><span dir=\"auto\">Dimensiones: 1475x1445x1045 (mm) <\/span><br \/>\n<span dir=\"auto\">PESO: 138kg<\/span><\/p>\n","protected":false},"excerpt":{"rendered":"<p>Esta m\u00e1quina inclinada para pectorales ha sido dise\u00f1ada para una biomec\u00e1nica \u00f3ptima. Su recorrido suave y sus tomadas giratorias garantizan contracciones \u00f3ptimas.\u00a0 Una palanca bajo el<span class=\"excerpt-hellip\"> [\u2026]<\/span><\/p>\n","protected":false},"featured_media":13556,"template":"","meta":{"_joinchat":[]},"product_brand":[],"product_cat":[135,122,32,47],"product_tag":[],"class_list":{"0":"post-13555","1":"product","2":"type-product","3":"status-publish","4":"has-post-thumbnail","6":"product_cat-oferta","7":"product_cat-stock","8":"product_cat-profesional","9":"product_cat-peso-libre-profesional","11":"first","12":"outofstock","13":"shipping-taxable","14":"product-type-simple"},"_links":{"self":[{"href":"https:\/\/letsgofitness.cl\/index.php\/wp-json\/wp\/v2\/product\/13555","targetHints":{"allow":["GET"]}}],"collection":[{"href":"https:\/\/letsgofitness.cl\/index.php\/wp-json\/wp\/v2\/product"}],"about":[{"href":"https:\/\/letsgofitness.cl\/index.php\/wp-json\/wp\/v2\/types\/product"}],"wp:featuredmedia":[{"embeddable":true,"href":"https:\/\/letsgofitness.cl\/index.php\/wp-json\/wp\/v2\/media\/13556"}],"wp:attachment":[{"href":"https:\/\/letsgofitness.cl\/index.php\/wp-json\/wp\/v2\/media?parent=13555"}],"wp:term":[{"taxonomy":"product_brand","embeddable":true,"href":"https:\/\/letsgofitness.cl\/index.php\/wp-json\/wp\/v2\/product_brand?post=13555"},{"taxonomy":"product_cat","embeddable":true,"href":"https:\/\/letsgofitness.cl\/index.php\/wp-json\/wp\/v2\/product_cat?post=13555"},{"taxonomy":"product_tag","embeddable":true,"href":"https:\/\/letsgofitness.cl\/index.php\/wp-json\/wp\/v2\/product_tag?post=13555"}],"curies":[{"name":"wp","href":"https:\/\/api.w.org\/{rel}","templated":true}]}}