{"id":13549,"date":"2025-10-02T17:25:36","date_gmt":"2025-10-02T20:25:36","guid":{"rendered":"https:\/\/letsgofitness.cl\/?post_type=product&#038;p=13549"},"modified":"2026-04-10T11:08:53","modified_gmt":"2026-04-10T14:08:53","slug":"preventa-dual-45-hip-extension","status":"publish","type":"product","link":"https:\/\/letsgofitness.cl\/index.php\/producto\/preventa-dual-45-hip-extension\/","title":{"rendered":"DUAL 45 HIP EXTENSION **OFERTA PRECIO CONTADO $990.000 (Transferencia)"},"content":{"rendered":"<p>La <strong>DUAL 45 HIP EXTENSION<\/strong> es una m\u00e1quina de carga de disco dise\u00f1ada para realizar extensiones de cadera y lumbares a 45\u00ba mientras se garantiza la estabilidad y comodidad durante el entrenamiento. Incorpora una barra de almacenamiento de acero inoxidable con capacidad para 125 kg de peso en discos. Dispone de rodamientos industriales para un movimiento fluido, y un respaldo ajustable diferentes posiciones que se adapta a la altura del usuario que garantiza siempre una posici\u00f3n optima que evita lesiones. Adem\u00e1s, la base para los pies, fabricada en acero con pintura antideslizante, permite ajustar la posici\u00f3n correcta para mejorar el apoyo. Dise\u00f1ada para trabajar los gl\u00fateos y la espalda baja es una m\u00e1quina de extensi\u00f3n de cadera robusta y apta para cualquier usuario.<\/p>\n<p><strong>DIMENSIONES Y PESO:<\/strong><\/p>\n<p>Medidas: 171.2 x 139.2 x 145 cm<\/p>\n<p>Medidas embalaje: 152 x 122 x 71 cm<\/p>\n<p>Peso: 175.5kg<\/p>\n<p>&nbsp;<\/p>\n<p>&nbsp;<\/p>\n","protected":false},"excerpt":{"rendered":"<p>&nbsp;<\/p>\n<p>&nbsp;<\/p>\n","protected":false},"featured_media":13594,"template":"","meta":{"_joinchat":[]},"product_brand":[],"product_cat":[135,122,247,32,47],"product_tag":[],"class_list":{"0":"post-13549","1":"product","2":"type-product","3":"status-publish","4":"has-post-thumbnail","6":"product_cat-oferta","7":"product_cat-stock","8":"product_cat-strength","9":"product_cat-profesional","10":"product_cat-peso-libre-profesional","12":"first","13":"instock","14":"sale","15":"shipping-taxable","16":"purchasable","17":"product-type-simple"},"_links":{"self":[{"href":"https:\/\/letsgofitness.cl\/index.php\/wp-json\/wp\/v2\/product\/13549","targetHints":{"allow":["GET"]}}],"collection":[{"href":"https:\/\/letsgofitness.cl\/index.php\/wp-json\/wp\/v2\/product"}],"about":[{"href":"https:\/\/letsgofitness.cl\/index.php\/wp-json\/wp\/v2\/types\/product"}],"wp:featuredmedia":[{"embeddable":true,"href":"https:\/\/letsgofitness.cl\/index.php\/wp-json\/wp\/v2\/media\/13594"}],"wp:attachment":[{"href":"https:\/\/letsgofitness.cl\/index.php\/wp-json\/wp\/v2\/media?parent=13549"}],"wp:term":[{"taxonomy":"product_brand","embeddable":true,"href":"https:\/\/letsgofitness.cl\/index.php\/wp-json\/wp\/v2\/product_brand?post=13549"},{"taxonomy":"product_cat","embeddable":true,"href":"https:\/\/letsgofitness.cl\/index.php\/wp-json\/wp\/v2\/product_cat?post=13549"},{"taxonomy":"product_tag","embeddable":true,"href":"https:\/\/letsgofitness.cl\/index.php\/wp-json\/wp\/v2\/product_tag?post=13549"}],"curies":[{"name":"wp","href":"https:\/\/api.w.org\/{rel}","templated":true}]}}