{"id":13526,"date":"2025-10-06T11:06:29","date_gmt":"2025-10-06T14:06:29","guid":{"rendered":"https:\/\/letsgofitness.cl\/?post_type=product&#038;p=13526"},"modified":"2026-04-10T11:10:04","modified_gmt":"2026-04-10T14:10:04","slug":"preventa-kick-back-glute-builder-pro","status":"publish","type":"product","link":"https:\/\/letsgofitness.cl\/index.php\/producto\/preventa-kick-back-glute-builder-pro\/","title":{"rendered":"KICK BACK GLUTE BUILDER PRO"},"content":{"rendered":"<p>Kick Back ofrece una amplia gama de movimiento. La plataforma elevada para los pies te permite balancear la pierna sin que tu pie toque el suelo. Dise\u00f1ada para atletas de todas las tallas, esta m\u00e1quina ofrece m\u00faltiples opciones de agarre para una experiencia personalizada y c\u00f3moda. Su dise\u00f1o compacto y resistente garantiza durabilidad y estabilidad durante los entrenamientos, convirti\u00e9ndola en una adici\u00f3n esencial para cualquier gimnasio.<\/p>\n","protected":false},"excerpt":{"rendered":"<p>Kick Back ofrece una amplia gama de movimiento. La plataforma elevada para los pies te permite balancear la pierna sin que tu pie toque el suelo.<span class=\"excerpt-hellip\"> [\u2026]<\/span><\/p>\n","protected":false},"featured_media":13647,"template":"","meta":{"_joinchat":[]},"product_brand":[],"product_cat":[135],"product_tag":[],"class_list":{"0":"post-13526","1":"product","2":"type-product","3":"status-publish","4":"has-post-thumbnail","6":"product_cat-oferta","8":"first","9":"outofstock","10":"sale","11":"shipping-taxable","12":"purchasable","13":"product-type-simple"},"_links":{"self":[{"href":"https:\/\/letsgofitness.cl\/index.php\/wp-json\/wp\/v2\/product\/13526","targetHints":{"allow":["GET"]}}],"collection":[{"href":"https:\/\/letsgofitness.cl\/index.php\/wp-json\/wp\/v2\/product"}],"about":[{"href":"https:\/\/letsgofitness.cl\/index.php\/wp-json\/wp\/v2\/types\/product"}],"wp:featuredmedia":[{"embeddable":true,"href":"https:\/\/letsgofitness.cl\/index.php\/wp-json\/wp\/v2\/media\/13647"}],"wp:attachment":[{"href":"https:\/\/letsgofitness.cl\/index.php\/wp-json\/wp\/v2\/media?parent=13526"}],"wp:term":[{"taxonomy":"product_brand","embeddable":true,"href":"https:\/\/letsgofitness.cl\/index.php\/wp-json\/wp\/v2\/product_brand?post=13526"},{"taxonomy":"product_cat","embeddable":true,"href":"https:\/\/letsgofitness.cl\/index.php\/wp-json\/wp\/v2\/product_cat?post=13526"},{"taxonomy":"product_tag","embeddable":true,"href":"https:\/\/letsgofitness.cl\/index.php\/wp-json\/wp\/v2\/product_tag?post=13526"}],"curies":[{"name":"wp","href":"https:\/\/api.w.org\/{rel}","templated":true}]}}