{"id":13525,"date":"2025-10-06T12:44:39","date_gmt":"2025-10-06T15:44:39","guid":{"rendered":"https:\/\/letsgofitness.cl\/?post_type=product&#038;p=13525"},"modified":"2026-04-10T11:10:04","modified_gmt":"2026-04-10T14:10:04","slug":"preventa-standing-hip-thrust-glute-builder-pro","status":"publish","type":"product","link":"https:\/\/letsgofitness.cl\/index.php\/producto\/preventa-standing-hip-thrust-glute-builder-pro\/","title":{"rendered":"STANDING HIP THRUST GLUTE BUILDER PRO **OFERTA PAGO CONTADO $1.290.000** (TRANSFERENCIA)"},"content":{"rendered":"<p><strong>Caracter\u00edsticas:<\/strong><\/p>\n<ul>\n<li><strong>Estructura: <\/strong>Acero reforzado.<\/li>\n<li><strong>Dimensiones: <\/strong>198 cm x 81 cm x 155 cm<\/li>\n<li><strong>Pila de pesas: <\/strong>143 kg<\/li>\n<li><strong>Color: <\/strong>Estructura y tapicer\u00eda negras<\/li>\n<\/ul>\n<p>&nbsp;<\/p>\n<p>&nbsp;<\/p>\n","protected":false},"excerpt":{"rendered":"<p>Dise\u00f1ada para fortalecer los gl\u00fateos, cu\u00e1driceps e isquiotibiales mediante el ejercicio de empuje de cadera. Cuenta con un movimiento guiado, natural y seguro que maximiza la activaci\u00f3n muscular.<\/p>\n","protected":false},"featured_media":13651,"template":"","meta":{"_joinchat":[]},"product_brand":[],"product_cat":[135,275],"product_tag":[],"class_list":{"0":"post-13525","1":"product","2":"type-product","3":"status-publish","4":"has-post-thumbnail","6":"product_cat-oferta","7":"product_cat-ofertas-fin-de-ano-2024","9":"first","10":"instock","11":"sale","12":"shipping-taxable","13":"purchasable","14":"product-type-simple"},"_links":{"self":[{"href":"https:\/\/letsgofitness.cl\/index.php\/wp-json\/wp\/v2\/product\/13525","targetHints":{"allow":["GET"]}}],"collection":[{"href":"https:\/\/letsgofitness.cl\/index.php\/wp-json\/wp\/v2\/product"}],"about":[{"href":"https:\/\/letsgofitness.cl\/index.php\/wp-json\/wp\/v2\/types\/product"}],"wp:featuredmedia":[{"embeddable":true,"href":"https:\/\/letsgofitness.cl\/index.php\/wp-json\/wp\/v2\/media\/13651"}],"wp:attachment":[{"href":"https:\/\/letsgofitness.cl\/index.php\/wp-json\/wp\/v2\/media?parent=13525"}],"wp:term":[{"taxonomy":"product_brand","embeddable":true,"href":"https:\/\/letsgofitness.cl\/index.php\/wp-json\/wp\/v2\/product_brand?post=13525"},{"taxonomy":"product_cat","embeddable":true,"href":"https:\/\/letsgofitness.cl\/index.php\/wp-json\/wp\/v2\/product_cat?post=13525"},{"taxonomy":"product_tag","embeddable":true,"href":"https:\/\/letsgofitness.cl\/index.php\/wp-json\/wp\/v2\/product_tag?post=13525"}],"curies":[{"name":"wp","href":"https:\/\/api.w.org\/{rel}","templated":true}]}}