{"id":13523,"date":"2025-10-06T10:56:00","date_gmt":"2025-10-06T13:56:00","guid":{"rendered":"https:\/\/letsgofitness.cl\/?post_type=product&#038;p=13523"},"modified":"2026-04-10T11:13:09","modified_gmt":"2026-04-10T14:13:09","slug":"preventa-pendulum-kick-back-glute-builder-pro-fit-disponible-noviembre","status":"publish","type":"product","link":"https:\/\/letsgofitness.cl\/index.php\/producto\/preventa-pendulum-kick-back-glute-builder-pro-fit-disponible-noviembre\/","title":{"rendered":"PENDULUM KICK BACK GLUTE BUILDER PRO FIT"},"content":{"rendered":"<p><span class=\"x1lliihq x1plvlek xryxfnj x1n2onr6 xyejjpt x15dsfln x193iq5w xeuugli x1fj9vlw x13faqbe x1vvkbs x1s928wv xhkezso x1gmr53x x1cpjm7i x1fgarty x1943h6x x1i0vuye xvs91rp xo1l8bm x5n08af x10wh9bi xpm28yp x8viiok x1o7cslx\" dir=\"auto\"><span class=\"x193iq5w xeuugli x13faqbe x1vvkbs xt0psk2 x1i0vuye xvs91rp xo1l8bm x5n08af x10wh9bi xpm28yp x8viiok x1o7cslx x126k92a\">La m\u00e1quina PENDULUM KICK BACK GLUTE BUILDER PRO FIT est\u00e1 dise\u00f1ada para trabajar y fortalecer los gl\u00fateos de forma segura y efectiva, aislando el movimiento de la cadera en una trayectoria pendular. Su estructura estable y c\u00f3moda permite enfocarse en la contracci\u00f3n del gl\u00fateo sin usar la pierna opuesta, con carga ajustable mediante discos y bandas de resistencia. Ideal para gimnasios y centros de entrenamiento, esta m\u00e1quina ayuda a obtener mejores resultados en tonificaci\u00f3n y fuerza de gl\u00fateos.<br \/>\n<\/span><\/span><\/p>\n<p>&nbsp;<\/p>\n","protected":false},"excerpt":{"rendered":"<p>La m\u00e1quina PENDULUM KICK BACK GLUTE BUILDER PRO FIT est\u00e1 dise\u00f1ada para trabajar y fortalecer los gl\u00fateos de forma segura y efectiva, aislando el movimiento de<span class=\"excerpt-hellip\"> [\u2026]<\/span><\/p>\n","protected":false},"featured_media":13642,"template":"","meta":{"_joinchat":[]},"product_brand":[],"product_cat":[135],"product_tag":[],"class_list":{"0":"post-13523","1":"product","2":"type-product","3":"status-publish","4":"has-post-thumbnail","6":"product_cat-oferta","8":"first","9":"outofstock","10":"sale","11":"shipping-taxable","12":"purchasable","13":"product-type-simple"},"_links":{"self":[{"href":"https:\/\/letsgofitness.cl\/index.php\/wp-json\/wp\/v2\/product\/13523","targetHints":{"allow":["GET"]}}],"collection":[{"href":"https:\/\/letsgofitness.cl\/index.php\/wp-json\/wp\/v2\/product"}],"about":[{"href":"https:\/\/letsgofitness.cl\/index.php\/wp-json\/wp\/v2\/types\/product"}],"wp:featuredmedia":[{"embeddable":true,"href":"https:\/\/letsgofitness.cl\/index.php\/wp-json\/wp\/v2\/media\/13642"}],"wp:attachment":[{"href":"https:\/\/letsgofitness.cl\/index.php\/wp-json\/wp\/v2\/media?parent=13523"}],"wp:term":[{"taxonomy":"product_brand","embeddable":true,"href":"https:\/\/letsgofitness.cl\/index.php\/wp-json\/wp\/v2\/product_brand?post=13523"},{"taxonomy":"product_cat","embeddable":true,"href":"https:\/\/letsgofitness.cl\/index.php\/wp-json\/wp\/v2\/product_cat?post=13523"},{"taxonomy":"product_tag","embeddable":true,"href":"https:\/\/letsgofitness.cl\/index.php\/wp-json\/wp\/v2\/product_tag?post=13523"}],"curies":[{"name":"wp","href":"https:\/\/api.w.org\/{rel}","templated":true}]}}