{"id":13520,"date":"2025-10-06T13:02:43","date_gmt":"2025-10-06T16:02:43","guid":{"rendered":"https:\/\/letsgofitness.cl\/?post_type=product&#038;p=13520"},"modified":"2026-04-10T11:13:09","modified_gmt":"2026-04-10T14:13:09","slug":"preventa-hip-thrust-glute-builder-pro-fit","status":"publish","type":"product","link":"https:\/\/letsgofitness.cl\/index.php\/producto\/preventa-hip-thrust-glute-builder-pro-fit\/","title":{"rendered":"HIP THRUST GLUTE BUILDER PRO FIT **OFERTA PAGO CONTADO $1.150.000** (TRANSFERENCIA)"},"content":{"rendered":"<div class=\"section the_content has_content\">\n<div class=\"section_wrapper\">\n<div class=\"the_content_wrapper \">\n<p><strong>HIP THRUST GLUTE BUILDER PRO FIT,<\/strong> podr\u00e1s realizar ejercicios efectivos que fortalecen los m\u00fasculos del gl\u00fateo.<\/p>\n<p>Es una maquina ideal para entrenamientos de fuerza. Nos brinda un elegante color negro y un tapizado de cuerina de alta calidad, la cual, garantiza comodidad y durabilidad. Su <strong>pintura epoxi electrost\u00e1tica<\/strong> asegura resistencia al desgaste.<\/p>\n<p>Modelo con carga de discos, permitiendo personalizar tu rutina de acuerdo a tus necesidades.<\/p>\n<p>Estructura con terminaciones de excelente calidad, el cual se puede adaptar a cualquier gimnasio o espacio de entrenamiento en casa.<\/p>\n<p>&nbsp;<\/p>\n<p><strong>DIMENSIONES Y PESO:<\/strong><\/p>\n<ul>\n<li>Medidas: 189 X 182 X 140 cm<\/li>\n<li>Peso: 158kg<\/li>\n<\/ul>\n<p>&nbsp;<\/p>\n<\/div>\n<\/div>\n<\/div>\n","protected":false},"excerpt":{"rendered":"<p>HIP THRUST GLUTE BUILDER PRO FIT, podr\u00e1s realizar ejercicios efectivos que fortalecen los m\u00fasculos del gl\u00fateo. Es una maquina ideal para entrenamientos de fuerza. Nos brinda<span class=\"excerpt-hellip\"> [\u2026]<\/span><\/p>\n","protected":false},"featured_media":13664,"template":"","meta":{"_joinchat":[]},"product_brand":[],"product_cat":[135],"product_tag":[],"class_list":{"0":"post-13520","1":"product","2":"type-product","3":"status-publish","4":"has-post-thumbnail","6":"product_cat-oferta","8":"first","9":"instock","10":"sale","11":"shipping-taxable","12":"purchasable","13":"product-type-simple"},"_links":{"self":[{"href":"https:\/\/letsgofitness.cl\/index.php\/wp-json\/wp\/v2\/product\/13520","targetHints":{"allow":["GET"]}}],"collection":[{"href":"https:\/\/letsgofitness.cl\/index.php\/wp-json\/wp\/v2\/product"}],"about":[{"href":"https:\/\/letsgofitness.cl\/index.php\/wp-json\/wp\/v2\/types\/product"}],"wp:featuredmedia":[{"embeddable":true,"href":"https:\/\/letsgofitness.cl\/index.php\/wp-json\/wp\/v2\/media\/13664"}],"wp:attachment":[{"href":"https:\/\/letsgofitness.cl\/index.php\/wp-json\/wp\/v2\/media?parent=13520"}],"wp:term":[{"taxonomy":"product_brand","embeddable":true,"href":"https:\/\/letsgofitness.cl\/index.php\/wp-json\/wp\/v2\/product_brand?post=13520"},{"taxonomy":"product_cat","embeddable":true,"href":"https:\/\/letsgofitness.cl\/index.php\/wp-json\/wp\/v2\/product_cat?post=13520"},{"taxonomy":"product_tag","embeddable":true,"href":"https:\/\/letsgofitness.cl\/index.php\/wp-json\/wp\/v2\/product_tag?post=13520"}],"curies":[{"name":"wp","href":"https:\/\/api.w.org\/{rel}","templated":true}]}}