{"id":13509,"date":"2025-12-05T23:25:29","date_gmt":"2025-12-06T02:25:29","guid":{"rendered":"https:\/\/letsgofitness.cl\/?post_type=product&#038;p=13509"},"modified":"2026-05-05T11:17:44","modified_gmt":"2026-05-05T14:17:44","slug":"climber-impulse","status":"publish","type":"product","link":"https:\/\/letsgofitness.cl\/index.php\/producto\/climber-impulse\/","title":{"rendered":"CLIMBER IMPULSE **OFERTA PAGO CONTADO $1.890.000** (TRANSFERENCIA)"},"content":{"rendered":"<p>CLIMBER IMPULSE, Es un equipo de fitness que ofrece ejercicio aer\u00f3bico de bajo impacto en las articulaciones y un entrenamiento completo para todo el cuerpo. Simula escalada, monta\u00f1ismo y subir escaleras.<\/p>\n<p>El producto genera resistencia a trav\u00e9s de imanes y utiliza un sistema de ajuste el\u00e9ctrico, lo que hace que cambiar la resistencia sea m\u00e1s c\u00f3modo durante su uso.<\/p>\n<p>Ofrece 20 niveles de resistencia, lo que garantiza una transici\u00f3n suave para adaptarse a las diferentes necesidades de entrenamiento de los usuarios. Mangos\u00a0 recubiertos de goma suave para una mayor comodidad durante su uso.<\/p>\n<p><strong>Caracter\u00edsticas:<\/strong><\/p>\n<ul>\n<li><span dir=\"auto\">20 niveles de resistencia<\/span><\/li>\n<li><span dir=\"auto\">8 modos de entrenamiento<\/span><\/li>\n<li><span dir=\"auto\">Tres posiciones de asa<\/span><\/li>\n<li><span dir=\"auto\">Pedales de bloqueo r\u00e1pido<\/span><\/li>\n<li><span dir=\"auto\">Bluetooth con funci\u00f3n Landmark Challenge<\/span><\/li>\n<li><span dir=\"auto\">Pantalla t\u00e1ctil LCD<\/span><\/li>\n<li>Peso m\u00e1ximo de usuario: 160 kg<\/li>\n<li>Voltaje de Entrada de Energ\u00eda: AC100-240V<\/li>\n<li>\u00c1ngulo de Escalada: 75\u00ba<\/li>\n<li>Dimensiones del Producto: 121,5 x 111 x 250 (cm) \/ 47.8? x 43.7? x 98.4?<\/li>\n<li>Peso: 92 kg<\/li>\n<\/ul>\n","protected":false},"excerpt":{"rendered":"<p>CLIMBER IMPULSE, Es un equipo de fitness que ofrece ejercicio aer\u00f3bico de bajo impacto en las articulaciones y un entrenamiento completo para todo el cuerpo. Simula<span class=\"excerpt-hellip\"> [\u2026]<\/span><\/p>\n","protected":false},"featured_media":13935,"template":"","meta":{"_joinchat":[]},"product_brand":[],"product_cat":[276,135,122,32,46],"product_tag":[],"class_list":{"0":"post-13509","1":"product","2":"type-product","3":"status-publish","4":"has-post-thumbnail","6":"product_cat-oferta-pago-contado","7":"product_cat-oferta","8":"product_cat-stock","9":"product_cat-profesional","10":"product_cat-cardio-profesional","12":"first","13":"instock","14":"sale","15":"shipping-taxable","16":"purchasable","17":"product-type-simple"},"_links":{"self":[{"href":"https:\/\/letsgofitness.cl\/index.php\/wp-json\/wp\/v2\/product\/13509","targetHints":{"allow":["GET"]}}],"collection":[{"href":"https:\/\/letsgofitness.cl\/index.php\/wp-json\/wp\/v2\/product"}],"about":[{"href":"https:\/\/letsgofitness.cl\/index.php\/wp-json\/wp\/v2\/types\/product"}],"wp:featuredmedia":[{"embeddable":true,"href":"https:\/\/letsgofitness.cl\/index.php\/wp-json\/wp\/v2\/media\/13935"}],"wp:attachment":[{"href":"https:\/\/letsgofitness.cl\/index.php\/wp-json\/wp\/v2\/media?parent=13509"}],"wp:term":[{"taxonomy":"product_brand","embeddable":true,"href":"https:\/\/letsgofitness.cl\/index.php\/wp-json\/wp\/v2\/product_brand?post=13509"},{"taxonomy":"product_cat","embeddable":true,"href":"https:\/\/letsgofitness.cl\/index.php\/wp-json\/wp\/v2\/product_cat?post=13509"},{"taxonomy":"product_tag","embeddable":true,"href":"https:\/\/letsgofitness.cl\/index.php\/wp-json\/wp\/v2\/product_tag?post=13509"}],"curies":[{"name":"wp","href":"https:\/\/api.w.org\/{rel}","templated":true}]}}