{"id":13489,"date":"2025-09-26T17:08:23","date_gmt":"2025-09-26T20:08:23","guid":{"rendered":"https:\/\/letsgofitness.cl\/?post_type=product&#038;p=13489"},"modified":"2026-04-10T11:08:53","modified_gmt":"2026-04-10T14:08:53","slug":"preventa-leg-press-boss-strength-b","status":"publish","type":"product","link":"https:\/\/letsgofitness.cl\/index.php\/producto\/preventa-leg-press-boss-strength-b\/","title":{"rendered":"LEG PRESS BOSS STRENGTH B"},"content":{"rendered":"<h5><strong>Caracter\u00edsticas:<\/strong><\/h5>\n<ul>\n<li>\n<h5>Plataforma para prensa de piernas con \u00e1ngulo ajustable mediante asistencia hidr\u00e1ulica.<\/h5>\n<\/li>\n<li>\n<h5>Placa antideslizante cuadriculada.<\/h5>\n<\/li>\n<li>\n<h5>Asiento ajustable.<\/h5>\n<\/li>\n<li>\n<h5>Estructura de acero.<\/h5>\n<\/li>\n<li>\n<h5><strong>Dimensiones:<\/strong> 170 cm (largo) x 150 cm (ancho) x 144 cm (alto)<\/h5>\n<\/li>\n<\/ul>\n","protected":false},"excerpt":{"rendered":"<p>Ofrece una plataforma robusta para un entrenamiento intensivo de piernas. La plataforma para los pies ajustable con asistencia hidr\u00e1ulica, el dise\u00f1o antideslizante con textura y las posiciones de asiento ajustables garantizan una colocaci\u00f3n precisa de los pies y una comodidad personalizada.<\/p>\n<p>* No inlcuye discos<\/p>\n<p>&nbsp;<\/p>\n","protected":false},"featured_media":14042,"template":"","meta":{"_joinchat":[]},"product_brand":[],"product_cat":[135,122,32,47],"product_tag":[],"class_list":{"0":"post-13489","1":"product","2":"type-product","3":"status-publish","4":"has-post-thumbnail","6":"product_cat-oferta","7":"product_cat-stock","8":"product_cat-profesional","9":"product_cat-peso-libre-profesional","11":"first","12":"instock","13":"sale","14":"shipping-taxable","15":"purchasable","16":"product-type-simple"},"_links":{"self":[{"href":"https:\/\/letsgofitness.cl\/index.php\/wp-json\/wp\/v2\/product\/13489","targetHints":{"allow":["GET"]}}],"collection":[{"href":"https:\/\/letsgofitness.cl\/index.php\/wp-json\/wp\/v2\/product"}],"about":[{"href":"https:\/\/letsgofitness.cl\/index.php\/wp-json\/wp\/v2\/types\/product"}],"wp:featuredmedia":[{"embeddable":true,"href":"https:\/\/letsgofitness.cl\/index.php\/wp-json\/wp\/v2\/media\/14042"}],"wp:attachment":[{"href":"https:\/\/letsgofitness.cl\/index.php\/wp-json\/wp\/v2\/media?parent=13489"}],"wp:term":[{"taxonomy":"product_brand","embeddable":true,"href":"https:\/\/letsgofitness.cl\/index.php\/wp-json\/wp\/v2\/product_brand?post=13489"},{"taxonomy":"product_cat","embeddable":true,"href":"https:\/\/letsgofitness.cl\/index.php\/wp-json\/wp\/v2\/product_cat?post=13489"},{"taxonomy":"product_tag","embeddable":true,"href":"https:\/\/letsgofitness.cl\/index.php\/wp-json\/wp\/v2\/product_tag?post=13489"}],"curies":[{"name":"wp","href":"https:\/\/api.w.org\/{rel}","templated":true}]}}