{"id":13480,"date":"2025-09-26T17:08:04","date_gmt":"2025-09-26T20:08:04","guid":{"rendered":"https:\/\/letsgofitness.cl\/?post_type=product&#038;p=13480"},"modified":"2026-04-10T11:08:53","modified_gmt":"2026-04-10T14:08:53","slug":"preventa-seated-dip-boss-strength-b","status":"publish","type":"product","link":"https:\/\/letsgofitness.cl\/index.php\/producto\/preventa-seated-dip-boss-strength-b\/","title":{"rendered":"SEATED DIP BOSS STRENGTH B **OFERTA PAGO CONTADO $590.000** (TRANSFERENCIA)"},"content":{"rendered":"<p><span dir=\"auto\">La serie comercial de m\u00e1quinas Boss Strength B con carga de placa es robusta, incluye rodamientos sellados, cojines de doble costura de alta resistencia, ajuste del asiento con resorte y un rango de movimiento ergon\u00f3mico perfecto.<\/span><\/p>\n<p><span dir=\"auto\">Adem\u00e1s de sus rodamientos sellados, cuenta con cojines resistentes de doble costura que brindan un soporte c\u00f3modo durante el ejercicio. Su asiento con ajuste de resorte permite a los usuarios ajustar la m\u00e1quina r\u00e1pida y f\u00e1cilmente a la posici\u00f3n deseada, mientras que su rango de movimiento ergon\u00f3mico, perfectamente dise\u00f1ado, garantiza que los usuarios puedan realizar el ejercicio con la t\u00e9cnica y la postura correctas.<\/span><\/p>\n<p><strong><span dir=\"auto\">M\u00fasculos objetivo:<\/span><\/strong><span dir=\"auto\">\u00a0pectoral mayor, anterior, deltoides, tr\u00edceps braquial<\/span><\/p>\n<p><strong><span dir=\"auto\">Caracter\u00edsticas<\/span><\/strong><\/p>\n<ul>\n<li><span dir=\"auto\">Marco principal de tubo de 100 x 50 x 3 mm<\/span><\/li>\n<li><span dir=\"auto\">Rodilleras Cojines de PU con resorte<\/span><\/li>\n<li><span dir=\"auto\">Manijas ergon\u00f3micas de aluminio<\/span><\/li>\n<li><span dir=\"auto\">Tapicer\u00eda comercial con doble costura<\/span><\/li>\n<li><span dir=\"auto\">Recubrimiento en polvo con acabado premium de alta calidad de<\/span><\/li>\n<li><span dir=\"auto\">Coj\u00edn de asiento con resorte<\/span><\/li>\n<li><span dir=\"auto\">Pernos y contratuercas comerciales de alta resistencia<\/span><\/li>\n<\/ul>\n<p><strong><span dir=\"auto\">Dimensi\u00f3n<\/span><\/strong><\/p>\n<ul>\n<li>1,88 mx 1,97 mx 1,0 m (largo x ancho x alto)<\/li>\n<\/ul>\n","protected":false},"excerpt":{"rendered":"<p>&nbsp;<\/p>\n<p>&nbsp;<\/p>\n","protected":false},"featured_media":13481,"template":"","meta":{"_joinchat":[]},"product_brand":[],"product_cat":[135,275,122,32,47],"product_tag":[],"class_list":{"0":"post-13480","1":"product","2":"type-product","3":"status-publish","4":"has-post-thumbnail","6":"product_cat-oferta","7":"product_cat-ofertas-fin-de-ano-2024","8":"product_cat-stock","9":"product_cat-profesional","10":"product_cat-peso-libre-profesional","12":"first","13":"outofstock","14":"sale","15":"shipping-taxable","16":"purchasable","17":"product-type-simple"},"_links":{"self":[{"href":"https:\/\/letsgofitness.cl\/index.php\/wp-json\/wp\/v2\/product\/13480","targetHints":{"allow":["GET"]}}],"collection":[{"href":"https:\/\/letsgofitness.cl\/index.php\/wp-json\/wp\/v2\/product"}],"about":[{"href":"https:\/\/letsgofitness.cl\/index.php\/wp-json\/wp\/v2\/types\/product"}],"wp:featuredmedia":[{"embeddable":true,"href":"https:\/\/letsgofitness.cl\/index.php\/wp-json\/wp\/v2\/media\/13481"}],"wp:attachment":[{"href":"https:\/\/letsgofitness.cl\/index.php\/wp-json\/wp\/v2\/media?parent=13480"}],"wp:term":[{"taxonomy":"product_brand","embeddable":true,"href":"https:\/\/letsgofitness.cl\/index.php\/wp-json\/wp\/v2\/product_brand?post=13480"},{"taxonomy":"product_cat","embeddable":true,"href":"https:\/\/letsgofitness.cl\/index.php\/wp-json\/wp\/v2\/product_cat?post=13480"},{"taxonomy":"product_tag","embeddable":true,"href":"https:\/\/letsgofitness.cl\/index.php\/wp-json\/wp\/v2\/product_tag?post=13480"}],"curies":[{"name":"wp","href":"https:\/\/api.w.org\/{rel}","templated":true}]}}