{"id":13437,"date":"2025-09-12T16:19:56","date_gmt":"2025-09-12T19:19:56","guid":{"rendered":"https:\/\/letsgofitness.cl\/?post_type=product&#038;p=13437"},"modified":"2026-04-10T11:08:36","modified_gmt":"2026-04-10T14:08:36","slug":"hack-squat-nautilus","status":"publish","type":"product","link":"https:\/\/letsgofitness.cl\/index.php\/producto\/hack-squat-nautilus\/","title":{"rendered":"HACK SQUAT NAUTILUS"},"content":{"rendered":"<p><strong>Caracter\u00edsticas:<\/strong><\/p>\n<ul>\n<li>Almacenamiento integrado de discos<\/li>\n<li>Dos opciones de inicio para el rango de movimiento<\/li>\n<li>Mango de usuario integrada para entrada y salida seguras<\/li>\n<li>\u00c1ngulo de m\u00e1quina de 35 grados<\/li>\n<li>Peso del carro 36 kg<\/li>\n<li>Patas de goma para proteger el suelo<\/li>\n<\/ul>\n<p><strong>Dimensiones:<\/strong><\/p>\n<ul>\n<li>Ancho: 182 cm<\/li>\n<li>Largo: 236 cm<\/li>\n<li>Alto: 119 cm<\/li>\n<\/ul>\n","protected":false},"excerpt":{"rendered":"<p>Nautilus crea un perfil de elevaci\u00f3n \u00fanico para cada movimiento que maximiza la mec\u00e1nica del cuerpo humano.La m\u00e1quina Nautilus Hack Squat est\u00e1 dise\u00f1ada pensando en todos los usuarios; la plataforma para los pies de gran tama\u00f1o permite varias posiciones diferentes de los pies para mayor seguridad y variedad en el entrenamiento. Trabajar con discos es una de las maneras m\u00e1s efectivas de entrenar y, por ello, las m\u00e1quinas con discos son un elemento b\u00e1sico de los centros.<\/p>\n","protected":false},"featured_media":13933,"template":"","meta":{"_joinchat":[]},"product_brand":[],"product_cat":[135,122,32,47],"product_tag":[],"class_list":{"0":"post-13437","1":"product","2":"type-product","3":"status-publish","4":"has-post-thumbnail","6":"product_cat-oferta","7":"product_cat-stock","8":"product_cat-profesional","9":"product_cat-peso-libre-profesional","11":"first","12":"instock","13":"sale","14":"shipping-taxable","15":"purchasable","16":"product-type-simple"},"_links":{"self":[{"href":"https:\/\/letsgofitness.cl\/index.php\/wp-json\/wp\/v2\/product\/13437","targetHints":{"allow":["GET"]}}],"collection":[{"href":"https:\/\/letsgofitness.cl\/index.php\/wp-json\/wp\/v2\/product"}],"about":[{"href":"https:\/\/letsgofitness.cl\/index.php\/wp-json\/wp\/v2\/types\/product"}],"wp:featuredmedia":[{"embeddable":true,"href":"https:\/\/letsgofitness.cl\/index.php\/wp-json\/wp\/v2\/media\/13933"}],"wp:attachment":[{"href":"https:\/\/letsgofitness.cl\/index.php\/wp-json\/wp\/v2\/media?parent=13437"}],"wp:term":[{"taxonomy":"product_brand","embeddable":true,"href":"https:\/\/letsgofitness.cl\/index.php\/wp-json\/wp\/v2\/product_brand?post=13437"},{"taxonomy":"product_cat","embeddable":true,"href":"https:\/\/letsgofitness.cl\/index.php\/wp-json\/wp\/v2\/product_cat?post=13437"},{"taxonomy":"product_tag","embeddable":true,"href":"https:\/\/letsgofitness.cl\/index.php\/wp-json\/wp\/v2\/product_tag?post=13437"}],"curies":[{"name":"wp","href":"https:\/\/api.w.org\/{rel}","templated":true}]}}