{"id":13432,"date":"2025-11-21T09:30:51","date_gmt":"2025-11-21T12:30:51","guid":{"rendered":"https:\/\/letsgofitness.cl\/?post_type=product&#038;p=13432"},"modified":"2026-04-10T11:08:35","modified_gmt":"2026-04-10T14:08:35","slug":"lat-pulldown-nautilus","status":"publish","type":"product","link":"https:\/\/letsgofitness.cl\/index.php\/producto\/lat-pulldown-nautilus\/","title":{"rendered":"LAT PULLDOWN NAUTILUS LEVERAGE"},"content":{"rendered":"<p><strong>Caracter\u00edsticas:<\/strong><\/p>\n<ul>\n<li>Agarradera moleteado de acero inoxidable.<\/li>\n<li>Movimiento unilateral independiente de los brazos.<\/li>\n<li>Ajuste de asiento asistido.<\/li>\n<li>Innovador sistema de palanca y leva para optimizaci\u00f3n biomec\u00e1nica.<\/li>\n<li>Puntos de carga bajos para un uso m\u00e1s f\u00e1cil y seguro.<\/li>\n<li><strong>Dimensiones: <\/strong>Largo 206 cm x Ancho 130 cm x Alto 203 cm.<\/li>\n<\/ul>\n","protected":false},"excerpt":{"rendered":"<p>Ofrece una experiencia de entrenamiento con discos \u00fanica, con caracter\u00edsticas que superan a la competencia. Cuenta con empu\u00f1aduras moleteadas de acero inoxidable, ajuste asistido del asiento y configuraciones de preestiramiento personalizables. Mediante el uso de m\u00faltiples palancas y levas crea un perfil de levantamiento \u00fanico para cada movimiento.<\/p>\n","protected":false},"featured_media":13883,"template":"","meta":{"_joinchat":[]},"product_brand":[],"product_cat":[135,122,32,47],"product_tag":[],"class_list":{"0":"post-13432","1":"product","2":"type-product","3":"status-publish","4":"has-post-thumbnail","6":"product_cat-oferta","7":"product_cat-stock","8":"product_cat-profesional","9":"product_cat-peso-libre-profesional","11":"first","12":"instock","13":"sale","14":"shipping-taxable","15":"purchasable","16":"product-type-simple"},"_links":{"self":[{"href":"https:\/\/letsgofitness.cl\/index.php\/wp-json\/wp\/v2\/product\/13432","targetHints":{"allow":["GET"]}}],"collection":[{"href":"https:\/\/letsgofitness.cl\/index.php\/wp-json\/wp\/v2\/product"}],"about":[{"href":"https:\/\/letsgofitness.cl\/index.php\/wp-json\/wp\/v2\/types\/product"}],"wp:featuredmedia":[{"embeddable":true,"href":"https:\/\/letsgofitness.cl\/index.php\/wp-json\/wp\/v2\/media\/13883"}],"wp:attachment":[{"href":"https:\/\/letsgofitness.cl\/index.php\/wp-json\/wp\/v2\/media?parent=13432"}],"wp:term":[{"taxonomy":"product_brand","embeddable":true,"href":"https:\/\/letsgofitness.cl\/index.php\/wp-json\/wp\/v2\/product_brand?post=13432"},{"taxonomy":"product_cat","embeddable":true,"href":"https:\/\/letsgofitness.cl\/index.php\/wp-json\/wp\/v2\/product_cat?post=13432"},{"taxonomy":"product_tag","embeddable":true,"href":"https:\/\/letsgofitness.cl\/index.php\/wp-json\/wp\/v2\/product_tag?post=13432"}],"curies":[{"name":"wp","href":"https:\/\/api.w.org\/{rel}","templated":true}]}}