{"id":13425,"date":"2025-12-05T23:49:30","date_gmt":"2025-12-06T02:49:30","guid":{"rendered":"https:\/\/letsgofitness.cl\/?post_type=product&#038;p=13425"},"modified":"2026-04-14T12:43:35","modified_gmt":"2026-04-14T15:43:35","slug":"pullover-nautilus-inspiration","status":"publish","type":"product","link":"https:\/\/letsgofitness.cl\/index.php\/producto\/pullover-nautilus-inspiration\/","title":{"rendered":"PULLOVER NAUTILUS INSPIRATION"},"content":{"rendered":"<h2 data-start=\"0\" data-end=\"21\"><strong data-start=\"0\" data-end=\"19\">Caracter\u00edsticas<\/strong><\/h2>\n<ul data-start=\"22\" data-end=\"804\">\n<li data-start=\"22\" data-end=\"118\">\n<p data-start=\"24\" data-end=\"118\">Rodillo ajustable en el respaldo para adaptarse c\u00f3modamente a usuarios de diferentes tallas.<\/p>\n<\/li>\n<li data-start=\"119\" data-end=\"232\">\n<p data-start=\"121\" data-end=\"232\">Posibilidad de regular el rango de movimiento, ofreciendo mayor variedad y personalizaci\u00f3n en los ejercicios.<\/p>\n<\/li>\n<li data-start=\"233\" data-end=\"327\">\n<p data-start=\"235\" data-end=\"327\">Barra de apoyo para los pies con dos posiciones, que mejora la estabilidad durante el uso.<\/p>\n<\/li>\n<li data-start=\"328\" data-end=\"416\">\n<p data-start=\"330\" data-end=\"416\">Eje de rotaci\u00f3n claramente marcado para facilitar una alineaci\u00f3n precisa del cuerpo.<\/p>\n<\/li>\n<li data-start=\"417\" data-end=\"517\">\n<p data-start=\"419\" data-end=\"517\">Respaldo con almohadilla moldeada que brinda mayor confort durante los movimientos de extensi\u00f3n.<\/p>\n<\/li>\n<li data-start=\"518\" data-end=\"587\">\n<p data-start=\"520\" data-end=\"587\">Sistema de selecci\u00f3n de peso <strong data-start=\"549\" data-end=\"565\">Lock N Load\u00ae<\/strong>, pr\u00e1ctico y seguro.<\/p>\n<\/li>\n<li data-start=\"588\" data-end=\"670\">\n<p data-start=\"590\" data-end=\"670\">Gr\u00e1fico lenticular que muestra las posiciones de inicio y final del ejercicio.<\/p>\n<\/li>\n<li data-start=\"671\" data-end=\"733\">\n<p data-start=\"673\" data-end=\"733\"><strong data-start=\"673\" data-end=\"712\">Dimensiones (largo x ancho x alto):<\/strong> 147 x 147 x 163 cm<\/p>\n<\/li>\n<li data-start=\"734\" data-end=\"777\">\n<p data-start=\"736\" data-end=\"777\"><strong data-start=\"736\" data-end=\"769\">Peso de la columna de placas:<\/strong> 91 kg<\/p>\n<\/li>\n<li data-start=\"778\" data-end=\"804\">\n<p data-start=\"780\" data-end=\"804\"><strong data-start=\"780\" data-end=\"795\">Peso total:<\/strong> 314 kG<\/p>\n<\/li>\n<\/ul>\n","protected":false},"excerpt":{"rendered":"<p>El <strong data-start=\"3\" data-end=\"39\">Pullover Inspiration de Nautilus<\/strong> es una m\u00e1quina con sistema de carga selectorizada, creada para proporcionar un entrenamiento integral y eficiente del tren superior, especialmente enfocada en fortalecer los m\u00fasculos de la espalda y el pecho. Su dise\u00f1o ergon\u00f3mico asegura movimientos fluidos y seguros, mientras que el sistema de pesas ajustable permite realizar cambios de carga de forma r\u00e1pida y precisa, adapt\u00e1ndose f\u00e1cilmente a las capacidades y objetivos de cada usuario.<\/p>\n<p>&nbsp;<\/p>\n","protected":false},"featured_media":13836,"template":"","meta":{"_joinchat":[]},"product_brand":[],"product_cat":[122,32,48],"product_tag":[],"class_list":{"0":"post-13425","1":"product","2":"type-product","3":"status-publish","4":"has-post-thumbnail","6":"product_cat-stock","7":"product_cat-profesional","8":"product_cat-peso-integrado-profesional","10":"first","11":"instock","12":"sale","13":"shipping-taxable","14":"purchasable","15":"product-type-simple"},"_links":{"self":[{"href":"https:\/\/letsgofitness.cl\/index.php\/wp-json\/wp\/v2\/product\/13425","targetHints":{"allow":["GET"]}}],"collection":[{"href":"https:\/\/letsgofitness.cl\/index.php\/wp-json\/wp\/v2\/product"}],"about":[{"href":"https:\/\/letsgofitness.cl\/index.php\/wp-json\/wp\/v2\/types\/product"}],"wp:featuredmedia":[{"embeddable":true,"href":"https:\/\/letsgofitness.cl\/index.php\/wp-json\/wp\/v2\/media\/13836"}],"wp:attachment":[{"href":"https:\/\/letsgofitness.cl\/index.php\/wp-json\/wp\/v2\/media?parent=13425"}],"wp:term":[{"taxonomy":"product_brand","embeddable":true,"href":"https:\/\/letsgofitness.cl\/index.php\/wp-json\/wp\/v2\/product_brand?post=13425"},{"taxonomy":"product_cat","embeddable":true,"href":"https:\/\/letsgofitness.cl\/index.php\/wp-json\/wp\/v2\/product_cat?post=13425"},{"taxonomy":"product_tag","embeddable":true,"href":"https:\/\/letsgofitness.cl\/index.php\/wp-json\/wp\/v2\/product_tag?post=13425"}],"curies":[{"name":"wp","href":"https:\/\/api.w.org\/{rel}","templated":true}]}}