{"id":13423,"date":"2025-11-20T11:38:19","date_gmt":"2025-11-20T14:38:19","guid":{"rendered":"https:\/\/letsgofitness.cl\/?post_type=product&#038;p=13423"},"modified":"2026-04-10T11:08:35","modified_gmt":"2026-04-10T14:08:35","slug":"deltoid-raise-nautilus-inspiration","status":"publish","type":"product","link":"https:\/\/letsgofitness.cl\/index.php\/producto\/deltoid-raise-nautilus-inspiration\/","title":{"rendered":"DELTOID RAISE NAUTILUS INSPIRATION"},"content":{"rendered":"<p><strong>Caracter\u00edsticas:<\/strong><\/p>\n<ul>\n<li>Almohadilla de estabilizaci\u00f3n del torso ajustable.<\/li>\n<li>Ajuste ergon\u00f3mico envolvente del asiento con asistencia de gas.<\/li>\n<li>Eje de rotaci\u00f3n resaltado para ayudar al usuario a colocarse en la posici\u00f3n exacta.<\/li>\n<li>Mangos de apoyo flotantes para el posicionamiento de los brazos.<\/li>\n<li>Sistema de selecci\u00f3n de pesas Lock N Load<\/li>\n<li><strong>Peso total:<\/strong> 314 kg<\/li>\n<\/ul>\n<p><strong>Dimensiones:<\/strong><\/p>\n<ul>\n<li>Ancho: 132 cm<\/li>\n<li>Largo: 119 cm<\/li>\n<li>Alto: 163 cm<\/li>\n<\/ul>\n","protected":false},"excerpt":{"rendered":"<p>Dise\u00f1ada para garantizar el desarrollo espec\u00edfico de hombros definidos y tonificados. Con esta m\u00e1quina se logra un entrenamiento completo para los hombros, mejorando la movilidad y el equilibrio f\u00edsico. Su dise\u00f1o ergon\u00f3mico garantiza movimientos naturales y seguros, mientras que su sistema de carga selectorizada permite ajustes r\u00e1pidos y precisos, adapt\u00e1ndose a las necesidades de cualquier usuario.<\/p>\n","protected":false},"featured_media":13940,"template":"","meta":{"_joinchat":[]},"product_brand":[],"product_cat":[135,122,32,48],"product_tag":[],"class_list":{"0":"post-13423","1":"product","2":"type-product","3":"status-publish","4":"has-post-thumbnail","6":"product_cat-oferta","7":"product_cat-stock","8":"product_cat-profesional","9":"product_cat-peso-integrado-profesional","11":"first","12":"outofstock","13":"sale","14":"shipping-taxable","15":"purchasable","16":"product-type-simple"},"_links":{"self":[{"href":"https:\/\/letsgofitness.cl\/index.php\/wp-json\/wp\/v2\/product\/13423","targetHints":{"allow":["GET"]}}],"collection":[{"href":"https:\/\/letsgofitness.cl\/index.php\/wp-json\/wp\/v2\/product"}],"about":[{"href":"https:\/\/letsgofitness.cl\/index.php\/wp-json\/wp\/v2\/types\/product"}],"wp:featuredmedia":[{"embeddable":true,"href":"https:\/\/letsgofitness.cl\/index.php\/wp-json\/wp\/v2\/media\/13940"}],"wp:attachment":[{"href":"https:\/\/letsgofitness.cl\/index.php\/wp-json\/wp\/v2\/media?parent=13423"}],"wp:term":[{"taxonomy":"product_brand","embeddable":true,"href":"https:\/\/letsgofitness.cl\/index.php\/wp-json\/wp\/v2\/product_brand?post=13423"},{"taxonomy":"product_cat","embeddable":true,"href":"https:\/\/letsgofitness.cl\/index.php\/wp-json\/wp\/v2\/product_cat?post=13423"},{"taxonomy":"product_tag","embeddable":true,"href":"https:\/\/letsgofitness.cl\/index.php\/wp-json\/wp\/v2\/product_tag?post=13423"}],"curies":[{"name":"wp","href":"https:\/\/api.w.org\/{rel}","templated":true}]}}