{"id":13411,"date":"2026-02-06T15:01:37","date_gmt":"2026-02-06T18:01:37","guid":{"rendered":"https:\/\/letsgofitness.cl\/?post_type=product&#038;p=13411"},"modified":"2026-04-10T11:08:34","modified_gmt":"2026-04-10T14:08:34","slug":"preventa-nautilus-smith","status":"publish","type":"product","link":"https:\/\/letsgofitness.cl\/index.php\/producto\/preventa-nautilus-smith\/","title":{"rendered":"NAUTILUS SMITH"},"content":{"rendered":"<p><strong>Caracter\u00edsticas:<\/strong><\/p>\n<ul>\n<li><span dir=\"auto\"><span dir=\"auto\">El mango ol\u00edmpico giratorio asegura una f\u00e1cil liberaci\u00f3n y restablecimiento de la barra con cada serie<\/span><\/span><\/li>\n<li><span dir=\"auto\"><span dir=\"auto\">Biomec\u00e1nica mejorada con un \u00e1ngulo de 7 grados para movimientos de sentadillas y presiones.<\/span><\/span><\/li>\n<li><span dir=\"auto\"><span dir=\"auto\">Barra ol\u00edmpica contrapesada con peso de despegue de 12 lb (5,5 kg) para todos los niveles de usuario<\/span><\/span><\/li>\n<li><span dir=\"auto\"><span dir=\"auto\">Pestillos de seguridad rojos ajustables para garantizar la correcta ejecuci\u00f3n de todos los ejercicios.<\/span><\/span><\/li>\n<li><span dir=\"auto\"><span dir=\"auto\">Seis clavijas de almacenamiento de peso marcadas por lado para acomodar todos los incrementos de placa.<\/span><\/span><\/li>\n<li><span dir=\"auto\"><span dir=\"auto\">Patas de goma para protecci\u00f3n del suelo.<\/span><\/span><\/li>\n<li><strong>Ancho:<\/strong> 226 cm<\/li>\n<li><strong>Largo:<\/strong>\u00a0170 cm<\/li>\n<li><strong>Alto:<\/strong> 208 cm<\/li>\n<li><strong>Peso:<\/strong> 294 kg<\/li>\n<\/ul>\n","protected":false},"excerpt":{"rendered":"<p>La m\u00e1quina Smith Nautilus est\u00e1 mejorada con un \u00e1ngulo de 7 grados para una mejor biomec\u00e1nica durante los movimientos de sentadillas y press. Los cierres de seguridad rojos ajustables garantizan la ejecuci\u00f3n correcta de todos los ejercicios<\/p>\n<p>&nbsp;<\/p>\n","protected":false},"featured_media":14584,"template":"","meta":{"_joinchat":[]},"product_brand":[],"product_cat":[135],"product_tag":[],"class_list":{"0":"post-13411","1":"product","2":"type-product","3":"status-publish","4":"has-post-thumbnail","6":"product_cat-oferta","8":"first","9":"outofstock","10":"sale","11":"shipping-taxable","12":"purchasable","13":"product-type-simple"},"_links":{"self":[{"href":"https:\/\/letsgofitness.cl\/index.php\/wp-json\/wp\/v2\/product\/13411","targetHints":{"allow":["GET"]}}],"collection":[{"href":"https:\/\/letsgofitness.cl\/index.php\/wp-json\/wp\/v2\/product"}],"about":[{"href":"https:\/\/letsgofitness.cl\/index.php\/wp-json\/wp\/v2\/types\/product"}],"wp:featuredmedia":[{"embeddable":true,"href":"https:\/\/letsgofitness.cl\/index.php\/wp-json\/wp\/v2\/media\/14584"}],"wp:attachment":[{"href":"https:\/\/letsgofitness.cl\/index.php\/wp-json\/wp\/v2\/media?parent=13411"}],"wp:term":[{"taxonomy":"product_brand","embeddable":true,"href":"https:\/\/letsgofitness.cl\/index.php\/wp-json\/wp\/v2\/product_brand?post=13411"},{"taxonomy":"product_cat","embeddable":true,"href":"https:\/\/letsgofitness.cl\/index.php\/wp-json\/wp\/v2\/product_cat?post=13411"},{"taxonomy":"product_tag","embeddable":true,"href":"https:\/\/letsgofitness.cl\/index.php\/wp-json\/wp\/v2\/product_tag?post=13411"}],"curies":[{"name":"wp","href":"https:\/\/api.w.org\/{rel}","templated":true}]}}