{"id":13408,"date":"2025-11-03T17:20:12","date_gmt":"2025-11-03T20:20:12","guid":{"rendered":"https:\/\/letsgofitness.cl\/?post_type=product&#038;p=13408"},"modified":"2026-04-10T11:08:36","modified_gmt":"2026-04-10T14:08:36","slug":"nautilus-impact-incline-press-machine","status":"publish","type":"product","link":"https:\/\/letsgofitness.cl\/index.php\/producto\/nautilus-impact-incline-press-machine\/","title":{"rendered":"NAUTILUS IMPACT INCLINE PRESS MACHINE"},"content":{"rendered":"<p>La l\u00ednea Impact<sup>\u00ae<\/sup>\u00a0Strength line aporta muchas innovaciones sutiles a la potencia de su pr\u00f3ximo entrenamiento con pesas. Es la evoluci\u00f3n de la biomec\u00e1nica probada y las caracter\u00edsticas de usuario que han hecho de la l\u00ednea de fuerza un producto s\u00f3lido y competitivo. Esta l\u00ednea conserva todas las caracter\u00edsticas de dise\u00f1o \u00fanicas, probadas e individuales que los clientes han declarado que son ideales, como el preestiramiento, la ayuda al inicio, la selecci\u00f3n de la amplitud de movimiento y las pilas de pesas graduadas y est\u00e1ndar. Impact Strength incorpora nuevas caracter\u00edsticas est\u00e9ticas y biomec\u00e1nicas que han consolidado su posici\u00f3n como una l\u00ednea de productos de fuerza competitiva y diversa.<\/p>\n<ul>\n<li>Selecci\u00f3n de pilas de pesas f\u00e1cil de usar<\/li>\n<li>Sistema de peso incremental de 5 lb para una progresi\u00f3n \u00f3ptima<\/li>\n<li>Ajuste del asiento con trinquete<\/li>\n<li>Posicionamiento asistido por gravedad<\/li>\n<li>Con el sistema patentado de selecci\u00f3n de peso Lock N Load<sup>\u00ae<\/sup><\/li>\n<\/ul>\n<p>&nbsp;<\/p>\n<p>DIMENSIONES Y PESO:<\/p>\n<p>Medidas: 191 x 130 x 152 cm<\/p>\n<p>PESO DE LA PILA: 130 KG (260 LBS)<br \/>\nPESO DEL PRODUCTO: 259 KG (570 LBS)<\/p>\n","protected":false},"excerpt":{"rendered":"<p>La l\u00ednea Impact\u00ae\u00a0Strength line aporta muchas innovaciones sutiles a la potencia de su pr\u00f3ximo entrenamiento con pesas. Es la evoluci\u00f3n de la biomec\u00e1nica probada y las<span class=\"excerpt-hellip\"> [\u2026]<\/span><\/p>\n","protected":false},"featured_media":13548,"template":"","meta":{"_joinchat":[]},"product_brand":[],"product_cat":[135],"product_tag":[],"class_list":{"0":"post-13408","1":"product","2":"type-product","3":"status-publish","4":"has-post-thumbnail","6":"product_cat-oferta","8":"first","9":"outofstock","10":"sale","11":"shipping-taxable","12":"purchasable","13":"product-type-simple"},"_links":{"self":[{"href":"https:\/\/letsgofitness.cl\/index.php\/wp-json\/wp\/v2\/product\/13408","targetHints":{"allow":["GET"]}}],"collection":[{"href":"https:\/\/letsgofitness.cl\/index.php\/wp-json\/wp\/v2\/product"}],"about":[{"href":"https:\/\/letsgofitness.cl\/index.php\/wp-json\/wp\/v2\/types\/product"}],"wp:featuredmedia":[{"embeddable":true,"href":"https:\/\/letsgofitness.cl\/index.php\/wp-json\/wp\/v2\/media\/13548"}],"wp:attachment":[{"href":"https:\/\/letsgofitness.cl\/index.php\/wp-json\/wp\/v2\/media?parent=13408"}],"wp:term":[{"taxonomy":"product_brand","embeddable":true,"href":"https:\/\/letsgofitness.cl\/index.php\/wp-json\/wp\/v2\/product_brand?post=13408"},{"taxonomy":"product_cat","embeddable":true,"href":"https:\/\/letsgofitness.cl\/index.php\/wp-json\/wp\/v2\/product_cat?post=13408"},{"taxonomy":"product_tag","embeddable":true,"href":"https:\/\/letsgofitness.cl\/index.php\/wp-json\/wp\/v2\/product_tag?post=13408"}],"curies":[{"name":"wp","href":"https:\/\/api.w.org\/{rel}","templated":true}]}}