{"id":13406,"date":"2025-12-06T00:00:19","date_gmt":"2025-12-06T03:00:19","guid":{"rendered":"https:\/\/letsgofitness.cl\/?post_type=product&#038;p=13406"},"modified":"2026-04-14T12:43:35","modified_gmt":"2026-04-14T15:43:35","slug":"nautilus-impact-dip-machine","status":"publish","type":"product","link":"https:\/\/letsgofitness.cl\/index.php\/producto\/nautilus-impact-dip-machine\/","title":{"rendered":"NAUTILUS IMPACT DIP MACHINE"},"content":{"rendered":"<p>La l\u00ednea Impact NAUTILUS aporta innovaciones sutiles a la potencia de su pr\u00f3ximo entrenamiento con pesas. Es la evoluci\u00f3n de la biomec\u00e1nica probada y las caracter\u00edsticas de usuario que han hecho de la l\u00ednea de fuerza un producto s\u00f3lido y competitivo. Esta l\u00ednea conserva todas las caracter\u00edsticas de dise\u00f1o \u00fanicas, probadas e individuales que los clientes han declarado que son ideales, como el preestiramiento, la ayuda al inicio, la selecci\u00f3n de la amplitud de movimiento y las pilas de pesas graduadas y est\u00e1ndar. Incorpora nuevas caracter\u00edsticas est\u00e9ticas y biomec\u00e1nicas que han consolidado su posici\u00f3n como una l\u00ednea de productos de fuerza competitiva y diversa.<\/p>\n<p>&nbsp;<\/p>\n<p>DIMENSIONES Y PESOS:<\/p>\n<p>Medidas: 140 x 107 x 165 cm<\/p>\n<p>PESO DE LA PILA: 130 KG (260 LB)<br \/>\nPESO TOTAL: 245 KG (540 LB)<br \/>\nPESO DE ENV\u00cdO: 285 KG (629 LB)<\/p>\n","protected":false},"excerpt":{"rendered":"<p>La l\u00ednea Impact NAUTILUS aporta innovaciones sutiles a la potencia de su pr\u00f3ximo entrenamiento con pesas. Es la evoluci\u00f3n de la biomec\u00e1nica probada y las caracter\u00edsticas<span class=\"excerpt-hellip\"> [\u2026]<\/span><\/p>\n","protected":false},"featured_media":14601,"template":"","meta":{"_joinchat":[]},"product_brand":[],"product_cat":[307,135,122,32,48],"product_tag":[],"class_list":{"0":"post-13406","1":"product","2":"type-product","3":"status-publish","4":"has-post-thumbnail","6":"product_cat-nautilus-2","7":"product_cat-oferta","8":"product_cat-stock","9":"product_cat-profesional","10":"product_cat-peso-integrado-profesional","12":"first","13":"instock","14":"sale","15":"shipping-taxable","16":"purchasable","17":"product-type-simple"},"_links":{"self":[{"href":"https:\/\/letsgofitness.cl\/index.php\/wp-json\/wp\/v2\/product\/13406","targetHints":{"allow":["GET"]}}],"collection":[{"href":"https:\/\/letsgofitness.cl\/index.php\/wp-json\/wp\/v2\/product"}],"about":[{"href":"https:\/\/letsgofitness.cl\/index.php\/wp-json\/wp\/v2\/types\/product"}],"wp:featuredmedia":[{"embeddable":true,"href":"https:\/\/letsgofitness.cl\/index.php\/wp-json\/wp\/v2\/media\/14601"}],"wp:attachment":[{"href":"https:\/\/letsgofitness.cl\/index.php\/wp-json\/wp\/v2\/media?parent=13406"}],"wp:term":[{"taxonomy":"product_brand","embeddable":true,"href":"https:\/\/letsgofitness.cl\/index.php\/wp-json\/wp\/v2\/product_brand?post=13406"},{"taxonomy":"product_cat","embeddable":true,"href":"https:\/\/letsgofitness.cl\/index.php\/wp-json\/wp\/v2\/product_cat?post=13406"},{"taxonomy":"product_tag","embeddable":true,"href":"https:\/\/letsgofitness.cl\/index.php\/wp-json\/wp\/v2\/product_tag?post=13406"}],"curies":[{"name":"wp","href":"https:\/\/api.w.org\/{rel}","templated":true}]}}