{"id":13405,"date":"2025-12-05T23:59:18","date_gmt":"2025-12-06T02:59:18","guid":{"rendered":"https:\/\/letsgofitness.cl\/?post_type=product&#038;p=13405"},"modified":"2026-04-22T16:58:29","modified_gmt":"2026-04-22T19:58:29","slug":"tricep-dip-nautilus-inspiration","status":"publish","type":"product","link":"https:\/\/letsgofitness.cl\/index.php\/producto\/tricep-dip-nautilus-inspiration\/","title":{"rendered":"TRICEP DIP NAUTILUS INSPIRATION"},"content":{"rendered":"<p>El Nautilus Inspiration Tricep Dip promueve el desarrollo muscular equilibrado a trav\u00e9s del movimiento unilateral, comprometiendo y definiendo los tr\u00edceps. Las asas convergentes de soporte del brazo permiten posiciones de agarre anchas o estrechas, garantizando que el usuario se encuentre en la posici\u00f3n \u00f3ptima. La articulaci\u00f3n de cuatro barras proporciona un movimiento respetuoso con las articulaciones al permitir al usuario mantener una mu\u00f1eca neutra durante todo el rango de movimiento. Con el sistema de selecci\u00f3n de peso Lock N Load, con incrementos de 5 libras, el Tricep Dip Inspiration es una pieza clave en el circuito de fuerza.<\/p>\n<p>&nbsp;<\/p>\n<p>DIMENSIONES Y PESO:<\/p>\n<p>Medidas: 147 x 132 x 163<\/p>\n<p>PESO DE LA PILA: 109 KG (240 LB)<br \/>\nPESO TOTAL: 340 KG (750 LB)<br \/>\nPESO DE ENV\u00cdO: 377 KG (831 LB)<\/p>\n<p>&nbsp;<\/p>\n","protected":false},"excerpt":{"rendered":"<p>El Nautilus Inspiration Tricep Dip promueve el desarrollo muscular equilibrado a trav\u00e9s del movimiento unilateral, comprometiendo y definiendo los tr\u00edceps. Las asas convergentes de soporte del<span class=\"excerpt-hellip\"> [\u2026]<\/span><\/p>\n","protected":false},"featured_media":13530,"template":"","meta":{"_joinchat":[]},"product_brand":[],"product_cat":[307,135,122,32,48],"product_tag":[],"class_list":{"0":"post-13405","1":"product","2":"type-product","3":"status-publish","4":"has-post-thumbnail","6":"product_cat-nautilus-2","7":"product_cat-oferta","8":"product_cat-stock","9":"product_cat-profesional","10":"product_cat-peso-integrado-profesional","12":"first","13":"instock","14":"sale","15":"shipping-taxable","16":"purchasable","17":"product-type-simple"},"_links":{"self":[{"href":"https:\/\/letsgofitness.cl\/index.php\/wp-json\/wp\/v2\/product\/13405","targetHints":{"allow":["GET"]}}],"collection":[{"href":"https:\/\/letsgofitness.cl\/index.php\/wp-json\/wp\/v2\/product"}],"about":[{"href":"https:\/\/letsgofitness.cl\/index.php\/wp-json\/wp\/v2\/types\/product"}],"wp:featuredmedia":[{"embeddable":true,"href":"https:\/\/letsgofitness.cl\/index.php\/wp-json\/wp\/v2\/media\/13530"}],"wp:attachment":[{"href":"https:\/\/letsgofitness.cl\/index.php\/wp-json\/wp\/v2\/media?parent=13405"}],"wp:term":[{"taxonomy":"product_brand","embeddable":true,"href":"https:\/\/letsgofitness.cl\/index.php\/wp-json\/wp\/v2\/product_brand?post=13405"},{"taxonomy":"product_cat","embeddable":true,"href":"https:\/\/letsgofitness.cl\/index.php\/wp-json\/wp\/v2\/product_cat?post=13405"},{"taxonomy":"product_tag","embeddable":true,"href":"https:\/\/letsgofitness.cl\/index.php\/wp-json\/wp\/v2\/product_tag?post=13405"}],"curies":[{"name":"wp","href":"https:\/\/api.w.org\/{rel}","templated":true}]}}