{"id":13399,"date":"2025-11-20T17:38:36","date_gmt":"2025-11-20T20:38:36","guid":{"rendered":"https:\/\/letsgofitness.cl\/?post_type=product&#038;p=13399"},"modified":"2026-04-10T11:08:35","modified_gmt":"2026-04-10T14:08:35","slug":"glute-machine-nautilus-inspiration","status":"publish","type":"product","link":"https:\/\/letsgofitness.cl\/index.php\/producto\/glute-machine-nautilus-inspiration\/","title":{"rendered":"GLUTE MACHINE NAUTILUS INSPIRATION"},"content":{"rendered":"<p>Cuenta con un movimiento de triple extensi\u00f3n para extensi\u00f3n de cadera, extensi\u00f3n de rodilla y flexi\u00f3n plantar de tobillo, barras de estabilizaci\u00f3n del torso, rampa ajustable para adaptarse a todos los usuarios y sistema de selecci\u00f3n de peso Lock N Load. Corrige desequilibrios musculares y fortalece los m\u00fasculos de la cadera.<\/p>\n<p><strong>Caracter\u00edsticas:<\/strong><\/p>\n<ul>\n<li>Apto para todos los usuarios gracias a su sistema de rampa ajustable.<\/li>\n<li><strong>Estructura:<\/strong> Combinaci\u00f3n moderna de tubos cuadrados y redondos.<\/li>\n<li><strong>Especificaciones de la cubierta:<\/strong> Tama\u00f1o uniforme, acero est\u00e1ndar\/aluminio personalizado.<\/li>\n<li><strong>Dimensiones: <\/strong>114 cm de ancho x 190 cm de largo x 163 cm de alto<\/li>\n<\/ul>\n","protected":false},"excerpt":{"rendered":"<p>Cuenta con un movimiento de triple extensi\u00f3n para extensi\u00f3n de cadera, extensi\u00f3n de rodilla y flexi\u00f3n plantar de tobillo, barras de estabilizaci\u00f3n del torso, rampa ajustable<span class=\"excerpt-hellip\"> [\u2026]<\/span><\/p>\n","protected":false},"featured_media":13877,"template":"","meta":{"_joinchat":[]},"product_brand":[],"product_cat":[135,122,32,48],"product_tag":[],"class_list":{"0":"post-13399","1":"product","2":"type-product","3":"status-publish","4":"has-post-thumbnail","6":"product_cat-oferta","7":"product_cat-stock","8":"product_cat-profesional","9":"product_cat-peso-integrado-profesional","11":"first","12":"instock","13":"sale","14":"shipping-taxable","15":"purchasable","16":"product-type-simple"},"_links":{"self":[{"href":"https:\/\/letsgofitness.cl\/index.php\/wp-json\/wp\/v2\/product\/13399","targetHints":{"allow":["GET"]}}],"collection":[{"href":"https:\/\/letsgofitness.cl\/index.php\/wp-json\/wp\/v2\/product"}],"about":[{"href":"https:\/\/letsgofitness.cl\/index.php\/wp-json\/wp\/v2\/types\/product"}],"wp:featuredmedia":[{"embeddable":true,"href":"https:\/\/letsgofitness.cl\/index.php\/wp-json\/wp\/v2\/media\/13877"}],"wp:attachment":[{"href":"https:\/\/letsgofitness.cl\/index.php\/wp-json\/wp\/v2\/media?parent=13399"}],"wp:term":[{"taxonomy":"product_brand","embeddable":true,"href":"https:\/\/letsgofitness.cl\/index.php\/wp-json\/wp\/v2\/product_brand?post=13399"},{"taxonomy":"product_cat","embeddable":true,"href":"https:\/\/letsgofitness.cl\/index.php\/wp-json\/wp\/v2\/product_cat?post=13399"},{"taxonomy":"product_tag","embeddable":true,"href":"https:\/\/letsgofitness.cl\/index.php\/wp-json\/wp\/v2\/product_tag?post=13399"}],"curies":[{"name":"wp","href":"https:\/\/api.w.org\/{rel}","templated":true}]}}