{"id":13397,"date":"2025-12-05T23:45:46","date_gmt":"2025-12-06T02:45:46","guid":{"rendered":"https:\/\/letsgofitness.cl\/?post_type=product&#038;p=13397"},"modified":"2026-04-14T12:43:35","modified_gmt":"2026-04-14T15:43:35","slug":"abductor-adductor-nautilus-inspiration-2","status":"publish","type":"product","link":"https:\/\/letsgofitness.cl\/index.php\/producto\/abductor-adductor-nautilus-inspiration-2\/","title":{"rendered":"ABDUCTOR\/ADDUCTOR NAUTILUS INSPIRATION"},"content":{"rendered":"<p>La l\u00ednea Nautilus Inspiration est\u00e1 dise\u00f1ada con una est\u00e9tica atractiva y moderna en la que se podr\u00e1n apreciar m\u00faltiples prestaciones para mejorar la experiencia del usuario. El dise\u00f1o de torre inteligente crea una est\u00e9tica de l\u00edneas en las torres de manera uniforme muy potente visualmente.<\/p>\n<ul>\n<li>Movimiento unilateral y bilateral.<\/li>\n<li>Plataforma de goma individual para pie izquierdo y derecho. Protector con agarre para mayor estabilidad.<\/li>\n<li>Impacto asistido, agarres envolventes en todos los ajustes de altura del asiento.<\/li>\n<li>Puntos pivotantes y ajustes con c\u00f3digo de color.<\/li>\n<li>Recubrimiento en polvo electrost\u00e1tico.<\/li>\n<li>Opciones de inclusi\u00f3n de marca personalizables disponibles.<\/li>\n<li>Transmisi\u00f3n por cable.<\/li>\n<li>Ubicaciones de atornillado definidas.<\/li>\n<li>Sistema de nivelado integrado.<\/li>\n<li>Tornillo hexagonal\/cabeza de bot\u00f3n.<\/li>\n<li>Combinaci\u00f3n moderna de tubos cuadrados y redondos. La mayor\u00eda son de 3 o 2.5 mm.<\/li>\n<li>Incluye pictograma para mostrar posici\u00f3n de inicio y de fin.<\/li>\n<li>Sistema de peso por incrementos de 10 lb y complemento de 5 lb.<\/li>\n<li>Complemento de resistencia con placa complementaria de incremento de 5 lb.<\/li>\n<li>Protector de columna de aluminio personalizable.<\/li>\n<li>Agarres de goma antideslizantes.<\/li>\n<\/ul>\n<p><strong>DIMENSIONES Y PESO:<\/strong><\/p>\n<ul>\n<li><strong>Largo:<\/strong>\u00a0142 cm.<\/li>\n<li><strong>Ancho:<\/strong>\u00a0140 cm.<\/li>\n<li><strong>Alto:<\/strong>\u00a0163 cm.<\/li>\n<li><strong>Stack de placas:<\/strong>\u00a091 kg.<\/li>\n<li><strong>Peso Total:<\/strong>\u00a0298 kg.<\/li>\n<\/ul>\n<p><strong>Adem\u00e1s Incluye:\u00a0<\/strong><strong>SISTEMA DE SELECCI\u00d3N DE CARGA LOCK N LOAD<\/strong><\/p>\n<ul>\n<li>El sistema de selecci\u00f3n de peso Lock N Load permite escoger el peso con el simple gesto de pulsar un interruptor, con un funcionamiento m\u00e1s r\u00e1pido y libre de mantenimiento.<\/li>\n<\/ul>\n","protected":false},"excerpt":{"rendered":"<p>La l\u00ednea Nautilus Inspiration est\u00e1 dise\u00f1ada con una est\u00e9tica atractiva y moderna en la que se podr\u00e1n apreciar m\u00faltiples prestaciones para mejorar la experiencia del usuario.<span class=\"excerpt-hellip\"> [\u2026]<\/span><\/p>\n","protected":false},"featured_media":14102,"template":"","meta":{"_joinchat":[]},"product_brand":[],"product_cat":[135],"product_tag":[],"class_list":{"0":"post-13397","1":"product","2":"type-product","3":"status-publish","4":"has-post-thumbnail","6":"product_cat-oferta","8":"first","9":"instock","10":"sale","11":"featured","12":"shipping-taxable","13":"purchasable","14":"product-type-simple"},"_links":{"self":[{"href":"https:\/\/letsgofitness.cl\/index.php\/wp-json\/wp\/v2\/product\/13397","targetHints":{"allow":["GET"]}}],"collection":[{"href":"https:\/\/letsgofitness.cl\/index.php\/wp-json\/wp\/v2\/product"}],"about":[{"href":"https:\/\/letsgofitness.cl\/index.php\/wp-json\/wp\/v2\/types\/product"}],"wp:featuredmedia":[{"embeddable":true,"href":"https:\/\/letsgofitness.cl\/index.php\/wp-json\/wp\/v2\/media\/14102"}],"wp:attachment":[{"href":"https:\/\/letsgofitness.cl\/index.php\/wp-json\/wp\/v2\/media?parent=13397"}],"wp:term":[{"taxonomy":"product_brand","embeddable":true,"href":"https:\/\/letsgofitness.cl\/index.php\/wp-json\/wp\/v2\/product_brand?post=13397"},{"taxonomy":"product_cat","embeddable":true,"href":"https:\/\/letsgofitness.cl\/index.php\/wp-json\/wp\/v2\/product_cat?post=13397"},{"taxonomy":"product_tag","embeddable":true,"href":"https:\/\/letsgofitness.cl\/index.php\/wp-json\/wp\/v2\/product_tag?post=13397"}],"curies":[{"name":"wp","href":"https:\/\/api.w.org\/{rel}","templated":true}]}}