{"id":13316,"date":"2025-09-04T11:28:32","date_gmt":"2025-09-04T14:28:32","guid":{"rendered":"https:\/\/letsgofitness.cl\/?post_type=product&#038;p=13316"},"modified":"2026-04-10T11:13:10","modified_gmt":"2026-04-10T14:13:10","slug":"preventa-leg-extension-xforce","status":"publish","type":"product","link":"https:\/\/letsgofitness.cl\/index.php\/producto\/preventa-leg-extension-xforce\/","title":{"rendered":"LEG EXTENSION XFORCE"},"content":{"rendered":"<p>El dise\u00f1o angular del asiento y el respaldo mejora la comodidad durante el entrenamiento y proporciona una contracci\u00f3n completa y efectiva de los cu\u00e1driceps. Su dise\u00f1o ergon\u00f3mico permite ajustar directamente m\u00faltiples \u00e1ngulos mientras se est\u00e1 sentado sin necesidad de levantarse.<\/p>\n<p>&nbsp;<\/p>\n<p><span dir=\"auto\">Dimensiones (largo x ancho x alto): 1475 x 1560 x 1500 mm<\/span><\/p>\n<p><span dir=\"auto\">Peso del producto: 228 kg<\/span><\/p>\n","protected":false},"excerpt":{"rendered":"<p>El dise\u00f1o angular del asiento y el respaldo mejora la comodidad durante el entrenamiento y proporciona una contracci\u00f3n completa y efectiva de los cu\u00e1driceps. Su dise\u00f1o<span class=\"excerpt-hellip\"> [\u2026]<\/span><\/p>\n","protected":false},"featured_media":13355,"template":"","meta":{"_joinchat":[]},"product_brand":[],"product_cat":[130,135,122,32,48],"product_tag":[],"class_list":{"0":"post-13316","1":"product","2":"type-product","3":"status-publish","4":"has-post-thumbnail","6":"product_cat-boss-strength","7":"product_cat-oferta","8":"product_cat-stock","9":"product_cat-profesional","10":"product_cat-peso-integrado-profesional","12":"first","13":"instock","14":"sale","15":"shipping-taxable","16":"purchasable","17":"product-type-simple"},"_links":{"self":[{"href":"https:\/\/letsgofitness.cl\/index.php\/wp-json\/wp\/v2\/product\/13316","targetHints":{"allow":["GET"]}}],"collection":[{"href":"https:\/\/letsgofitness.cl\/index.php\/wp-json\/wp\/v2\/product"}],"about":[{"href":"https:\/\/letsgofitness.cl\/index.php\/wp-json\/wp\/v2\/types\/product"}],"wp:featuredmedia":[{"embeddable":true,"href":"https:\/\/letsgofitness.cl\/index.php\/wp-json\/wp\/v2\/media\/13355"}],"wp:attachment":[{"href":"https:\/\/letsgofitness.cl\/index.php\/wp-json\/wp\/v2\/media?parent=13316"}],"wp:term":[{"taxonomy":"product_brand","embeddable":true,"href":"https:\/\/letsgofitness.cl\/index.php\/wp-json\/wp\/v2\/product_brand?post=13316"},{"taxonomy":"product_cat","embeddable":true,"href":"https:\/\/letsgofitness.cl\/index.php\/wp-json\/wp\/v2\/product_cat?post=13316"},{"taxonomy":"product_tag","embeddable":true,"href":"https:\/\/letsgofitness.cl\/index.php\/wp-json\/wp\/v2\/product_tag?post=13316"}],"curies":[{"name":"wp","href":"https:\/\/api.w.org\/{rel}","templated":true}]}}