{"id":13297,"date":"2025-10-06T10:37:46","date_gmt":"2025-10-06T13:37:46","guid":{"rendered":"https:\/\/letsgofitness.cl\/?post_type=product&#038;p=13297"},"modified":"2026-04-10T11:10:04","modified_gmt":"2026-04-10T14:10:04","slug":"glute-machine-ts-tuff-stuff","status":"publish","type":"product","link":"https:\/\/letsgofitness.cl\/index.php\/producto\/glute-machine-ts-tuff-stuff\/","title":{"rendered":"GLUTE MACHINE TS TUFF STUFF"},"content":{"rendered":"<h6>Experimenta la intensidad controlada y la efectividad de cada repetici\u00f3n mientras trabajas los m\u00fasculos de tus gl\u00fateos de manera segura. Dise\u00f1ada para esculpir y tonificar los gl\u00fateos, esta m\u00e1quina te ofrece la herramienta perfecta para lograr resultados notables. Su dise\u00f1o ergon\u00f3mico y ajuste personalizable de peso te permiten adaptar el ejercicio a tus necesidades y objetivos espec\u00edficos. Alcanza tus metas de fitness y despierta el potencial m\u00e1ximo entrenando de manera efectiva.<\/h6>\n<h6><strong>CARACTERISTICAS T\u00c9CNICAS:<\/strong><\/h6>\n<ul>\n<li>El cuerpo del usuario se mueve a lo largo de una trayectoria de arco lineal.<\/li>\n<li>Nos ofrece mayor rango de movimiento.<\/li>\n<li>Mantiene el \u00e1ngulo de la cadera \/ inclinaci\u00f3n p\u00e9lvica.<\/li>\n<li>Almohadillas para las piernas, el respaldo y el asiento.<\/li>\n<li>La liberaci\u00f3n r\u00e1pida permite ajustes f\u00e1ciles.<\/li>\n<li>Relleno de PU moldeada pegada a un respaldo de madera contrachapada industrial de 1\u201d, combinada con tapicer\u00eda premium de doble costura.<\/li>\n<li>Regulaci\u00f3n de asiento y de respaldo.<\/li>\n<li>Plataforma de apoyo para los pies.<\/li>\n<\/ul>\n<p>&nbsp;<\/p>\n<h6><strong>DIMENSIONES Y PESO:\u00a0<\/strong><\/h6>\n<ul>\n<li>Medidas: 162,5 x 127 x 147,3 cm<\/li>\n<li>Peso: 249kg<\/li>\n<\/ul>\n","protected":false},"excerpt":{"rendered":"<p>Experimenta la intensidad controlada y la efectividad de cada repetici\u00f3n mientras trabajas los m\u00fasculos de tus gl\u00fateos de manera segura. Dise\u00f1ada para esculpir y tonificar los<span class=\"excerpt-hellip\"> [\u2026]<\/span><\/p>\n","protected":false},"featured_media":13640,"template":"","meta":{"_joinchat":[]},"product_brand":[],"product_cat":[313,135,122,308,32,48],"product_tag":[],"class_list":{"0":"post-13297","1":"product","2":"type-product","3":"status-publish","4":"has-post-thumbnail","6":"product_cat-glute-machine","7":"product_cat-oferta","8":"product_cat-stock","9":"product_cat-tuffstuff","10":"product_cat-profesional","11":"product_cat-peso-integrado-profesional","13":"first","14":"instock","15":"sale","16":"shipping-taxable","17":"purchasable","18":"product-type-simple"},"_links":{"self":[{"href":"https:\/\/letsgofitness.cl\/index.php\/wp-json\/wp\/v2\/product\/13297","targetHints":{"allow":["GET"]}}],"collection":[{"href":"https:\/\/letsgofitness.cl\/index.php\/wp-json\/wp\/v2\/product"}],"about":[{"href":"https:\/\/letsgofitness.cl\/index.php\/wp-json\/wp\/v2\/types\/product"}],"wp:featuredmedia":[{"embeddable":true,"href":"https:\/\/letsgofitness.cl\/index.php\/wp-json\/wp\/v2\/media\/13640"}],"wp:attachment":[{"href":"https:\/\/letsgofitness.cl\/index.php\/wp-json\/wp\/v2\/media?parent=13297"}],"wp:term":[{"taxonomy":"product_brand","embeddable":true,"href":"https:\/\/letsgofitness.cl\/index.php\/wp-json\/wp\/v2\/product_brand?post=13297"},{"taxonomy":"product_cat","embeddable":true,"href":"https:\/\/letsgofitness.cl\/index.php\/wp-json\/wp\/v2\/product_cat?post=13297"},{"taxonomy":"product_tag","embeddable":true,"href":"https:\/\/letsgofitness.cl\/index.php\/wp-json\/wp\/v2\/product_tag?post=13297"}],"curies":[{"name":"wp","href":"https:\/\/api.w.org\/{rel}","templated":true}]}}