{"id":13291,"date":"2025-09-03T11:34:24","date_gmt":"2025-09-03T14:34:24","guid":{"rendered":"https:\/\/letsgofitness.cl\/?post_type=product&#038;p=13291"},"modified":"2026-04-10T11:16:43","modified_gmt":"2026-04-10T14:16:43","slug":"preventa-mid-row-ts","status":"publish","type":"product","link":"https:\/\/letsgofitness.cl\/index.php\/producto\/preventa-mid-row-ts\/","title":{"rendered":"MID ROW TS TUFF STUFF"},"content":{"rendered":"<h6><strong>CARACTERISTICAS T\u00c9CNICAS:\u00a0<\/strong><\/h6>\n<ul>\n<li>Mec\u00e1nica \u00f3ptima para la activaci\u00f3n muscular.<\/li>\n<li>El cuerpo del usuario se mueve a lo largo de una trayectoria de arco lineal.<\/li>\n<li>Asas giratorias.<\/li>\n<li>Con ajustes requeridos, el cual Estabiliza al usuario de manera c\u00f3moda y correcta en la ejecuci\u00f3n del ejercicio.<\/li>\n<li>Agarres con movimientos unilateral.<\/li>\n<\/ul>\n<p>&nbsp;<\/p>\n<h6><strong>DIMENSIONES Y PESO:<\/strong><\/h6>\n<ul>\n<li>Medidas: 180,3 x 134,6 x 147,3 cm<\/li>\n<li>Peso: 290 Kg<\/li>\n<\/ul>\n","protected":false},"excerpt":{"rendered":"<p>CARACTERISTICAS T\u00c9CNICAS:\u00a0 Mec\u00e1nica \u00f3ptima para la activaci\u00f3n muscular. El cuerpo del usuario se mueve a lo largo de una trayectoria de arco lineal. Asas giratorias. Con<span class=\"excerpt-hellip\"> [\u2026]<\/span><\/p>\n","protected":false},"featured_media":13292,"template":"","meta":{"_joinchat":[]},"product_brand":[],"product_cat":[310,135,122,308,32,48],"product_tag":[],"class_list":{"0":"post-13291","1":"product","2":"type-product","3":"status-publish","4":"has-post-thumbnail","6":"product_cat-mid-row","7":"product_cat-oferta","8":"product_cat-stock","9":"product_cat-tuffstuff","10":"product_cat-profesional","11":"product_cat-peso-integrado-profesional","13":"first","14":"instock","15":"sale","16":"shipping-taxable","17":"purchasable","18":"product-type-simple"},"_links":{"self":[{"href":"https:\/\/letsgofitness.cl\/index.php\/wp-json\/wp\/v2\/product\/13291","targetHints":{"allow":["GET"]}}],"collection":[{"href":"https:\/\/letsgofitness.cl\/index.php\/wp-json\/wp\/v2\/product"}],"about":[{"href":"https:\/\/letsgofitness.cl\/index.php\/wp-json\/wp\/v2\/types\/product"}],"wp:featuredmedia":[{"embeddable":true,"href":"https:\/\/letsgofitness.cl\/index.php\/wp-json\/wp\/v2\/media\/13292"}],"wp:attachment":[{"href":"https:\/\/letsgofitness.cl\/index.php\/wp-json\/wp\/v2\/media?parent=13291"}],"wp:term":[{"taxonomy":"product_brand","embeddable":true,"href":"https:\/\/letsgofitness.cl\/index.php\/wp-json\/wp\/v2\/product_brand?post=13291"},{"taxonomy":"product_cat","embeddable":true,"href":"https:\/\/letsgofitness.cl\/index.php\/wp-json\/wp\/v2\/product_cat?post=13291"},{"taxonomy":"product_tag","embeddable":true,"href":"https:\/\/letsgofitness.cl\/index.php\/wp-json\/wp\/v2\/product_tag?post=13291"}],"curies":[{"name":"wp","href":"https:\/\/api.w.org\/{rel}","templated":true}]}}