{"id":13289,"date":"2025-09-03T11:34:13","date_gmt":"2025-09-03T14:34:13","guid":{"rendered":"https:\/\/letsgofitness.cl\/?post_type=product&#038;p=13289"},"modified":"2026-04-10T17:39:53","modified_gmt":"2026-04-10T20:39:53","slug":"preventa-lat-pulldown-ts","status":"publish","type":"product","link":"https:\/\/letsgofitness.cl\/index.php\/producto\/preventa-lat-pulldown-ts\/","title":{"rendered":"LAT PULLDOWN TS TUFF STUFF"},"content":{"rendered":"<p>El\u00a0<strong>TuffStuff Lat Pulldown<\/strong>\u00a0es una forma fenomenal de mejorar el circuito de entrenamiento de fuerza de su gimnasio. Dise\u00f1ado y probado de forma independiente para garantizar una biomec\u00e1nica adecuada mantiene todo el cuerpo del usuario en movimiento a lo largo de una trayectoria de arco lineal para optimizar el reclutamiento muscular. Con las manijas giratorias 360\u00b0 los usuarios pueden realizar movimientos unilaterales o bilaterales.<\/p>\n<p>El<strong> Lat Pulldown<\/strong> puede apuntar y fortalecer los m\u00fasculos de la espalda (dorsal ancho). Tambi\u00e9n involucra otros m\u00fasculos importantes para la fuerza y funci\u00f3n de la espalda, incluidos los deltoides posteriores en la parte posterior de los hombros y los romboides y trapecios de la parte superior de la espalda. Cuando fortalece estos m\u00fasculos, crea una forma de V deseable que hace que la parte superior de su cuerpo se vea fuerte y ancha mientras le da la apariencia de una cintura m\u00e1s peque\u00f1a.<\/p>\n<h6><strong>CARACTERISTICAS T\u00c9CNICAS:<\/strong><\/h6>\n<ul>\n<li>El cuerpo del usuario se mueve a lo largo de una trayectoria de arco lineal.<\/li>\n<li>Nos ofrece mayor rango de movimiento.<\/li>\n<li>Mantiene el \u00e1ngulo de la cadera \/ inclinaci\u00f3n p\u00e9lvica.<\/li>\n<li>Rollo de patas de flujo libre.<\/li>\n<li>Almohadillas para las piernas, el respaldo y el asiento.<\/li>\n<li>La liberaci\u00f3n r\u00e1pida permite ajustes f\u00e1ciles.<\/li>\n<\/ul>\n<p>&nbsp;<\/p>\n<h6><strong>DIMENSIONES Y PESO:\u00a0<\/strong><\/h6>\n<ul>\n<li>Medidas: 180,3 x 134,6 x 218,4 cm<\/li>\n<li>Peso: 322kg<\/li>\n<\/ul>\n","protected":false},"excerpt":{"rendered":"<p>El\u00a0TuffStuff Lat Pulldown\u00a0es una forma fenomenal de mejorar el circuito de entrenamiento de fuerza de su gimnasio. Dise\u00f1ado y probado de forma independiente para garantizar una<span class=\"excerpt-hellip\"> [\u2026]<\/span><\/p>\n","protected":false},"featured_media":13290,"template":"","meta":{"_joinchat":[]},"product_brand":[],"product_cat":[309,135,288,122,308,32,48],"product_tag":[],"class_list":{"0":"post-13289","1":"product","2":"type-product","3":"status-publish","4":"has-post-thumbnail","6":"product_cat-lat-pulldown","7":"product_cat-oferta","8":"product_cat-proximamente","9":"product_cat-stock","10":"product_cat-tuffstuff","11":"product_cat-profesional","12":"product_cat-peso-integrado-profesional","14":"first","15":"instock","16":"sale","17":"shipping-taxable","18":"purchasable","19":"product-type-simple"},"_links":{"self":[{"href":"https:\/\/letsgofitness.cl\/index.php\/wp-json\/wp\/v2\/product\/13289","targetHints":{"allow":["GET"]}}],"collection":[{"href":"https:\/\/letsgofitness.cl\/index.php\/wp-json\/wp\/v2\/product"}],"about":[{"href":"https:\/\/letsgofitness.cl\/index.php\/wp-json\/wp\/v2\/types\/product"}],"wp:featuredmedia":[{"embeddable":true,"href":"https:\/\/letsgofitness.cl\/index.php\/wp-json\/wp\/v2\/media\/13290"}],"wp:attachment":[{"href":"https:\/\/letsgofitness.cl\/index.php\/wp-json\/wp\/v2\/media?parent=13289"}],"wp:term":[{"taxonomy":"product_brand","embeddable":true,"href":"https:\/\/letsgofitness.cl\/index.php\/wp-json\/wp\/v2\/product_brand?post=13289"},{"taxonomy":"product_cat","embeddable":true,"href":"https:\/\/letsgofitness.cl\/index.php\/wp-json\/wp\/v2\/product_cat?post=13289"},{"taxonomy":"product_tag","embeddable":true,"href":"https:\/\/letsgofitness.cl\/index.php\/wp-json\/wp\/v2\/product_tag?post=13289"}],"curies":[{"name":"wp","href":"https:\/\/api.w.org\/{rel}","templated":true}]}}