{"id":13257,"date":"2025-08-21T12:47:16","date_gmt":"2025-08-21T15:47:16","guid":{"rendered":"https:\/\/letsgofitness.cl\/?post_type=product&#038;p=13257"},"modified":"2026-04-10T11:13:10","modified_gmt":"2026-04-10T14:13:10","slug":"pin-dropset-lgf-2","status":"publish","type":"product","link":"https:\/\/letsgofitness.cl\/index.php\/producto\/pin-dropset-lgf-2\/","title":{"rendered":"PIN DROPSET 7.8 MM LGF"},"content":{"rendered":"<p>Pin Dropset tiene un di\u00e1metro est\u00e1ndar que se adapta a la mayor\u00eda de los equipos de gimnasio.<\/p>\n<p>Es un accesorio para estudios de fitness o gimnasios comerciales. tiene un sistema de bloqueo lo que permite cambios de peso seguros. Puedes ajustar tus pesas sin preocuparte de que el pasador se salga.<\/p>\n<p>El paquete incluye: 2 Pin Dropset.<\/p>\n","protected":false},"excerpt":{"rendered":"<p>Pin Dropset tiene un di\u00e1metro est\u00e1ndar que se adapta a la mayor\u00eda de los equipos de gimnasio. Es un accesorio para estudios de fitness o gimnasios<span class=\"excerpt-hellip\"> [\u2026]<\/span><\/p>\n","protected":false},"featured_media":13280,"template":"","meta":{"_joinchat":[]},"product_brand":[],"product_cat":[218,135],"product_tag":[],"class_list":{"0":"post-13257","1":"product","2":"type-product","3":"status-publish","4":"has-post-thumbnail","6":"product_cat-black-friday","7":"product_cat-oferta","9":"first","10":"instock","11":"sale","12":"shipping-taxable","13":"purchasable","14":"product-type-simple"},"_links":{"self":[{"href":"https:\/\/letsgofitness.cl\/index.php\/wp-json\/wp\/v2\/product\/13257","targetHints":{"allow":["GET"]}}],"collection":[{"href":"https:\/\/letsgofitness.cl\/index.php\/wp-json\/wp\/v2\/product"}],"about":[{"href":"https:\/\/letsgofitness.cl\/index.php\/wp-json\/wp\/v2\/types\/product"}],"wp:featuredmedia":[{"embeddable":true,"href":"https:\/\/letsgofitness.cl\/index.php\/wp-json\/wp\/v2\/media\/13280"}],"wp:attachment":[{"href":"https:\/\/letsgofitness.cl\/index.php\/wp-json\/wp\/v2\/media?parent=13257"}],"wp:term":[{"taxonomy":"product_brand","embeddable":true,"href":"https:\/\/letsgofitness.cl\/index.php\/wp-json\/wp\/v2\/product_brand?post=13257"},{"taxonomy":"product_cat","embeddable":true,"href":"https:\/\/letsgofitness.cl\/index.php\/wp-json\/wp\/v2\/product_cat?post=13257"},{"taxonomy":"product_tag","embeddable":true,"href":"https:\/\/letsgofitness.cl\/index.php\/wp-json\/wp\/v2\/product_tag?post=13257"}],"curies":[{"name":"wp","href":"https:\/\/api.w.org\/{rel}","templated":true}]}}